{"id":1011923,"date":"2025-03-17T12:45:45","date_gmt":"2025-03-17T11:45:45","guid":{"rendered":"https:\/\/www.claret.cat\/llibre\/al-limite-9788410214705\/"},"modified":"2025-03-17T16:15:23","modified_gmt":"2025-03-17T15:15:23","slug":"al-limite-9788410214705","status":"publish","type":"product","link":"https:\/\/www.claret.cat\/es\/libro\/al-limite-9788410214705\/","title":{"rendered":"AL L\u00cdMITE"},"content":{"rendered":"<p>Un viaje privilegiado que revela c\u00f3mo los maestros del riesgo moldean el mundo moderno \u00abUna lectura cautivadora y reveladora que analiza la capacidad de asumir riesgos y c\u00f3mo esta se aplica a las inversiones\u00bb.<br \/>Financial Times Nate Silver es conocido por revolucionar el an\u00e1lisis predictivo aplicado a los deportes, la econom\u00eda y la pol\u00edtica, pero antes de eso se ganaba la vida jugando al p\u00f3ker. En su nuevo libro, Silver parte de su experiencia como jugador para investigar a una comunidad de personas con ideas afines cuyo dominio del riesgo le permite dar forma y dominar gran parte de la vida moderna. \u00c9l la llama El R\u00edo. La mayor\u00eda de nosotros no tenemos los rasgos que comparten estos profesionales del riesgo: alta tolerancia a situaciones l\u00edmite, gusto por la incertidumbre, afinidad por los n\u00fameros, una desconfianza instintiva de la sabidur\u00eda convencional y un impulso competitivo tan intenso que puede rayar en lo irracional. Para ellos, la complejidad es inherente a la existencia y el trabajo consiste en saber navegarla. Lejos de tratarse de unos outsiders, este tipo de personas acumulan cada vez m\u00e1s riqueza y poder en nuestras sociedades. De ah\u00ed que comprender su mentalidad (y los fallos de su pensamiento) sea indispensable si queremos entender qu\u00e9 impulsa la tecnolog\u00eda y la econom\u00eda global. Al llevarnos tras bambalinas, desde casinos hasta firmas de capital riesgo, desde el interior de la plataforma de criptomonedas FTX hasta reuniones del movimiento de altruismo eficaz, este libro supone un viaje con acceso privilegiado a un mundo oculto pero esencial para vislumbrar la naturaleza de la incertidumbre en el siglo XXI.\u00abUn libro fascinante. Una reflexi\u00f3n sobre el riesgo, sobre quienes se sienten m\u00e1s c\u00f3modos asumi\u00e9ndolo y una invitaci\u00f3n a pensar qu\u00e9 representa que estemos cada vez m\u00e1s a su merced\u00bb.<br \/>New York Times \u00abMagistral. Una lectura apasionante para quienes no podemos resistirnos a los juegos de apuestas\u00bb.<br \/>The Times\u00abUna mirada afilada a un universo singular: el de las personas que se atreven a apostar contra el riesgo\u2026 y ganan\u00bb.<br \/>Kirkus Reviews<\/p>\n","protected":false},"excerpt":{"rendered":"<p>SILVER, NATE<\/p>\n","protected":false},"featured_media":1012031,"template":"","meta":{"_acf_changed":false,"om_disable_all_campaigns":false,"rs_blank_template":"","rs_page_bg_color":"","slide_template_v7":"","inline_featured_image":false,"_monsterinsights_skip_tracking":false,"_monsterinsights_sitenote_active":false,"_monsterinsights_sitenote_note":"","_monsterinsights_sitenote_category":0},"product_brand":[],"product_cat":[90,152,429,540],"product_tag":[],"class_list":{"0":"post-1011923","1":"product","2":"type-product","3":"status-publish","4":"has-post-thumbnail","6":"product_cat-altres","7":"product_cat-el-mon-actual","8":"product_cat-el-mundo-actual","9":"product_cat-otros","11":"first","12":"instock","13":"taxable","14":"shipping-taxable","15":"purchasable","16":"product-type-simple"},"acf":{"autor":"SILVER, NATE","codart":"841021470","libros-coleccion":"Econom\u00eda","ediciones":"1","encuadernacion":"R\u00fastica","fecha_de_publicacion":"01\/03\/2025","novedad":"1","paginas":"655","subtitulo":"CONOCE A JUGADORES DE P\u00d3QUER, APOSTADORES PROFESIONALES, CRYPTOBROS, GENIOS DEL","orden":"0","portada":"0","idioma":"spa","editorial":[{"ID":6177,"post_author":"3","post_date":"2022-07-28 17:46:33","post_date_gmt":"2022-07-28 15:46:33","post_content":"","post_title":"DEBATE","post_excerpt":"","post_status":"publish","comment_status":"closed","ping_status":"closed","post_password":"","post_name":"debate","to_ping":"","pinged":"","post_modified":"2022-07-28 17:46:33","post_modified_gmt":"2022-07-28 15:46:33","post_content_filtered":"","post_parent":0,"guid":"http:\/\/dev.claret.cat\/editorial\/debate\/","menu_order":0,"post_type":"editorial","post_mime_type":"","comment_count":"0","filter":"raw"}]},"aioseo_notices":[],"_links":{"self":[{"href":"https:\/\/www.claret.cat\/es\/wp-json\/wp\/v2\/product\/1011923","targetHints":{"allow":["GET"]}}],"collection":[{"href":"https:\/\/www.claret.cat\/es\/wp-json\/wp\/v2\/product"}],"about":[{"href":"https:\/\/www.claret.cat\/es\/wp-json\/wp\/v2\/types\/product"}],"wp:featuredmedia":[{"embeddable":true,"href":"https:\/\/www.claret.cat\/es\/wp-json\/wp\/v2\/media\/1012031"}],"wp:attachment":[{"href":"https:\/\/www.claret.cat\/es\/wp-json\/wp\/v2\/media?parent=1011923"}],"wp:term":[{"taxonomy":"product_brand","embeddable":true,"href":"https:\/\/www.claret.cat\/es\/wp-json\/wp\/v2\/product_brand?post=1011923"},{"taxonomy":"product_cat","embeddable":true,"href":"https:\/\/www.claret.cat\/es\/wp-json\/wp\/v2\/product_cat?post=1011923"},{"taxonomy":"product_tag","embeddable":true,"href":"https:\/\/www.claret.cat\/es\/wp-json\/wp\/v2\/product_tag?post=1011923"}],"curies":[{"name":"wp","href":"https:\/\/api.w.org\/{rel}","templated":true}]}}