{"id":1011986,"date":"2025-03-17T13:45:09","date_gmt":"2025-03-17T12:45:09","guid":{"rendered":"https:\/\/www.claret.cat\/llibre\/los-juegos-del-hambre-5-amanecer-en-la-cosecha-9788427248427\/"},"modified":"2026-04-24T18:40:46","modified_gmt":"2026-04-24T16:40:46","slug":"los-juegos-del-hambre-5-amanecer-en-la-cosecha-9788427248427","status":"publish","type":"product","link":"https:\/\/www.claret.cat\/es\/libro\/los-juegos-del-hambre-5-amanecer-en-la-cosecha-9788427248427\/","title":{"rendered":"LOS JUEGOS DEL HAMBRE 5 &#8211; AMANECER EN LA COSECHA"},"content":{"rendered":"<p>\u00a1Llega la incre\u00edble quinta entrega de la saga Los Juegos del Hambre! Cuando te roban todo lo que amas, \u00bfqueda algo por lo que luchar? Amanece el d\u00eda de los Quincuag\u00e9simos Juegos del Hambre y el miedo atenaza a los distritos de Panem. Este a\u00f1o, en honor al Vasallaje de los Veinticinco, se llevar\u00e1n de sus hogares al doble de tributos. En el Distrito 12, Haymitch Abernathy intenta no pensar demasiado en sus probabilidades. Lo \u00fanico que le importa es que se acabe el d\u00eda para poder estar con su chica. Cuando anuncian el nombre de Haymitch, todos sus sue\u00f1os se rompen en pedazos. Lo separan de su familia y de su amada, y lo env\u00edan al Capitolio con los otros tres tributos del Distrito 12: una amiga que es casi como una hermana peque\u00f1a para \u00e9l, un chico obsesionado con analizar apuestas y la chica m\u00e1s estirada de la ciudad. Cuando empiezan los Juegos, Haymitch comprende que en el Capitolio quieren que fracase. Sin embargo, algo dentro de \u00e9l desea luchar\u2026 y que el eco de esa lucha llegue mucho m\u00e1s all\u00e1 de la mort\u00edfera arena.<\/p>\n","protected":false},"excerpt":{"rendered":"<p>COLLINS, SUZANNE<\/p>\n","protected":false},"featured_media":1094262,"template":"","meta":{"_acf_changed":false,"om_disable_all_campaigns":false,"rs_blank_template":"","rs_page_bg_color":"","slide_template_v7":"","inline_featured_image":false,"_monsterinsights_skip_tracking":false,"_monsterinsights_sitenote_active":false,"_monsterinsights_sitenote_note":"","_monsterinsights_sitenote_category":0},"product_brand":[],"product_cat":[133,117,566,363],"product_tag":[],"class_list":{"0":"post-1011986","1":"product","2":"type-product","3":"status-publish","4":"has-post-thumbnail","6":"product_cat-lectures-per-adolescents-12-18-anys","7":"product_cat-juvenil","8":"product_cat-juvenil-3_infantil-juvenil-spa-spa","9":"product_cat-lecturas-por-adolescentes-12-18-anos","11":"first","12":"instock","13":"taxable","14":"shipping-taxable","15":"purchasable","16":"product-type-simple"},"acf":{"autor":"COLLINS, SUZANNE","codart":"842724842","libros-coleccion":"FORA DE COL.LECCI\u00d3","ediciones":"1","encuadernacion":"R\u00fastica","fecha_de_publicacion":"01\/03\/2025","novedad":"1","paginas":"489","subtitulo":"","orden":"0","portada":"0","idioma":"spa","editorial":[{"ID":6346,"post_author":"3","post_date":"2022-07-28 17:50:13","post_date_gmt":"2022-07-28 15:50:13","post_content":"","post_title":"RBA Molino","post_excerpt":"","post_status":"publish","comment_status":"closed","ping_status":"closed","post_password":"","post_name":"rba-molino","to_ping":"","pinged":"","post_modified":"2022-07-28 17:50:13","post_modified_gmt":"2022-07-28 15:50:13","post_content_filtered":"","post_parent":0,"guid":"http:\/\/dev.claret.cat\/editorial\/rba-molino\/","menu_order":0,"post_type":"editorial","post_mime_type":"","comment_count":"0","filter":"raw"}],"booktrailer":"","resenas":""},"aioseo_notices":[],"_links":{"self":[{"href":"https:\/\/www.claret.cat\/es\/wp-json\/wp\/v2\/product\/1011986","targetHints":{"allow":["GET"]}}],"collection":[{"href":"https:\/\/www.claret.cat\/es\/wp-json\/wp\/v2\/product"}],"about":[{"href":"https:\/\/www.claret.cat\/es\/wp-json\/wp\/v2\/types\/product"}],"wp:featuredmedia":[{"embeddable":true,"href":"https:\/\/www.claret.cat\/es\/wp-json\/wp\/v2\/media\/1094262"}],"wp:attachment":[{"href":"https:\/\/www.claret.cat\/es\/wp-json\/wp\/v2\/media?parent=1011986"}],"wp:term":[{"taxonomy":"product_brand","embeddable":true,"href":"https:\/\/www.claret.cat\/es\/wp-json\/wp\/v2\/product_brand?post=1011986"},{"taxonomy":"product_cat","embeddable":true,"href":"https:\/\/www.claret.cat\/es\/wp-json\/wp\/v2\/product_cat?post=1011986"},{"taxonomy":"product_tag","embeddable":true,"href":"https:\/\/www.claret.cat\/es\/wp-json\/wp\/v2\/product_tag?post=1011986"}],"curies":[{"name":"wp","href":"https:\/\/api.w.org\/{rel}","templated":true}]}}