{"id":101205,"date":"2022-10-12T08:03:56","date_gmt":"2022-10-12T06:03:56","guid":{"rendered":"http:\/\/dev.claret.cat\/producte\/educacion-emocional-de-la-infancia-a-la-adolescencia\/"},"modified":"2023-01-28T14:17:36","modified_gmt":"2023-01-28T13:17:36","slug":"educacion-emocional-de-la-infancia-a-la-adolescencia-9788427726581","status":"publish","type":"product","link":"https:\/\/www.claret.cat\/es\/libro\/educacion-emocional-de-la-infancia-a-la-adolescencia-9788427726581\/","title":{"rendered":"EDUCACI\u00d3N EMOCIONAL DE LA INFANCIA A LA ADOLESCENCIA"},"content":{"rendered":"<p>Hoy es indiscutible que ning\u00fan \u00e9xito, acad\u00e9mico, profesional o interpersonal, es posible sin haber desarrollado las habilidades requeridas en el campo del saber ser, las relaciones y la comunicaci\u00f3n. \u00bfCu\u00e1les son estas habilidades? \u00bfC\u00f3mo desarrollarlas? \u00bfC\u00f3mo ense\u00f1arlas desde una edad temprana? Y, sobre todo, \u00bfc\u00f3mo integrar en el entorno escolar las estrategias de un nuevo paradigma educativo, el de las pedagog\u00edas activas, positivas, cooperativas, l\u00fadicas, e inclusivas? A estas preguntas trata de responder el libro. Partiendo de una definici\u00f3n clara y concisa de qu\u00e9 es inteligencia emocional y educaci\u00f3n emocional, as\u00ed como de todos sus componentes, el libro ofrece un conjunto de pr\u00e1cticas cooperativas, juegos y actividades, casi 200, divertidas y de f\u00e1cil realizaci\u00f3n, pensadas para estudiantes de distintas edades y contextos, e incluso para adultos. El objetivo principal es ofrecer un marco muy variado, que pueden utilizar los educadores, orientadores y monitores de tiempo libre, para desarrollar una educaci\u00f3n emocional efectiva entre los m\u00e1s j\u00f3venes. De este modo les ayudar\u00e1n a ser personas plenas, bien integradas socialmente y capaces de realizar en sus vidas los proyectos creativos que deseen, en armon\u00eda con el mundo que les rodea.<\/p>\n","protected":false},"excerpt":{"rendered":"<p>CLAEYS BOUUAERT, MICHEL<\/p>\n","protected":false},"featured_media":101206,"template":"","meta":{"_acf_changed":false,"om_disable_all_campaigns":false,"rs_blank_template":"","rs_page_bg_color":"","slide_template_v7":"","inline_featured_image":false,"_monsterinsights_skip_tracking":false,"_monsterinsights_sitenote_active":false,"_monsterinsights_sitenote_note":"","_monsterinsights_sitenote_category":0},"product_brand":[],"product_cat":[191],"product_tag":[],"class_list":{"0":"post-101205","1":"product","2":"type-product","3":"status-publish","4":"has-post-thumbnail","6":"product_cat-educacio-en-valors-pedagogia-2_humanitats","8":"first","9":"instock","10":"taxable","11":"shipping-taxable","12":"purchasable","13":"product-type-simple"},"acf":{"editorial":[{"ID":6312,"post_author":"3","post_date":"2022-07-28 17:49:29","post_date_gmt":"2022-07-28 15:49:29","post_content":"","post_title":"NARCEA DE EDICIONES","post_excerpt":"","post_status":"publish","comment_status":"closed","ping_status":"closed","post_password":"","post_name":"narcea-de-ediciones","to_ping":"","pinged":"","post_modified":"2022-07-28 17:49:29","post_modified_gmt":"2022-07-28 15:49:29","post_content_filtered":"","post_parent":0,"guid":"http:\/\/dev.claret.cat\/editorial\/narcea-de-ediciones\/","menu_order":0,"post_type":"editorial","post_mime_type":"","comment_count":"0","filter":"raw"}],"autor":"CLAEYS BOUUAERT, MICHEL","codart":"842772658","libros-coleccion":"Herramientas","ediciones":"1","encuadernacion":"R\u00fastica","fecha_de_publicacion":"01\/09\/2020","novedad":"1","paginas":"190","subtitulo":"ACTIVIDADES PARA TODAS LAS EDADES","orden":"0","portada":"0","idioma":"spa"},"aioseo_notices":[],"_links":{"self":[{"href":"https:\/\/www.claret.cat\/es\/wp-json\/wp\/v2\/product\/101205","targetHints":{"allow":["GET"]}}],"collection":[{"href":"https:\/\/www.claret.cat\/es\/wp-json\/wp\/v2\/product"}],"about":[{"href":"https:\/\/www.claret.cat\/es\/wp-json\/wp\/v2\/types\/product"}],"wp:featuredmedia":[{"embeddable":true,"href":"https:\/\/www.claret.cat\/es\/wp-json\/wp\/v2\/media\/101206"}],"wp:attachment":[{"href":"https:\/\/www.claret.cat\/es\/wp-json\/wp\/v2\/media?parent=101205"}],"wp:term":[{"taxonomy":"product_brand","embeddable":true,"href":"https:\/\/www.claret.cat\/es\/wp-json\/wp\/v2\/product_brand?post=101205"},{"taxonomy":"product_cat","embeddable":true,"href":"https:\/\/www.claret.cat\/es\/wp-json\/wp\/v2\/product_cat?post=101205"},{"taxonomy":"product_tag","embeddable":true,"href":"https:\/\/www.claret.cat\/es\/wp-json\/wp\/v2\/product_tag?post=101205"}],"curies":[{"name":"wp","href":"https:\/\/api.w.org\/{rel}","templated":true}]}}