{"id":1012059,"date":"2025-03-17T17:16:17","date_gmt":"2025-03-17T16:16:17","guid":{"rendered":"https:\/\/www.claret.cat\/llibre\/el-camino-de-la-meditacion-9788428830829\/"},"modified":"2025-03-20T12:45:34","modified_gmt":"2025-03-20T11:45:34","slug":"el-camino-de-la-meditacion-9788428830829","status":"publish","type":"product","link":"https:\/\/www.claret.cat\/es\/libro\/el-camino-de-la-meditacion-9788428830829\/","title":{"rendered":"EL CAMINO DE LA MEDITACI\u00d3N"},"content":{"rendered":"<p>Esta obra ya cl\u00e1sico recoge una serie de ense\u00f1anzas repletas de fuerza, transmitidas por John Main a los conjuntos de meditaci\u00f3n de Montreal a lo largo de sus \u00faltimos a\u00f1os de su vida. La charla consist\u00eda en tratar a cerca de alg\u00fan pasaje de la Escritura y luego \u00e9l lo relacionaba con los desaf\u00edos de practicar de la meditaci\u00f3n en la cultura actual. Tras un escueto par\u00e9ntesis musical, el grupo meditaba a lo largo de una media hora, cumpliendo as\u00ed con el prop\u00f3sito esencial de la convenci\u00f3n. El encuentro acababa con algo m\u00e1s de m\u00fasica y despu\u00e9s se abr\u00eda una parte de preguntas y debate. John Main nunca hablaba a cerca de la meditaci\u00f3n sin ofrecer la oportunidad de practicarla. \u00c9l cre\u00eda, como el monje del desierto Juan Casiano en el siglo v -su fuente de inspiraci\u00f3n-, que magistra experientia, \u00abla experiencia es la maestra\u00bb. Abrirse a esta experiencia es entender el mensaje de este libro.<\/p>\n","protected":false},"excerpt":{"rendered":"<p>MAIN, JOHN<\/p>\n","protected":false},"featured_media":1012060,"template":"","meta":{"_acf_changed":false,"om_disable_all_campaigns":false,"rs_blank_template":"","rs_page_bg_color":"","slide_template_v7":"","inline_featured_image":false,"_monsterinsights_skip_tracking":false,"_monsterinsights_sitenote_active":false,"_monsterinsights_sitenote_note":"","_monsterinsights_sitenote_category":0},"product_brand":[],"product_cat":[345,79,344,78],"product_tag":[],"class_list":{"0":"post-1012059","1":"product","2":"type-product","3":"status-publish","4":"has-post-thumbnail","6":"product_cat-espiritualidad","7":"product_cat-espiritualitat","8":"product_cat-pastoral-1_espiritualidad","9":"product_cat-pastoral","11":"first","12":"instock","13":"taxable","14":"shipping-taxable","15":"purchasable","16":"product-type-simple"},"acf":{"autor":"MAIN, JOHN","codart":"842883082","libros-coleccion":"Sauce","ediciones":"1","encuadernacion":"R\u00fastica","fecha_de_publicacion":"09\/03\/2017","novedad":"0","paginas":"184","subtitulo":"MOMENTO DE CRISTO","orden":"0","portada":"0","idioma":"spa","editorial":[{"ID":6335,"post_author":"3","post_date":"2022-07-28 17:49:59","post_date_gmt":"2022-07-28 15:49:59","post_content":"","post_title":"PPC altres","post_excerpt":"","post_status":"publish","comment_status":"closed","ping_status":"closed","post_password":"","post_name":"ppc-altres","to_ping":"","pinged":"","post_modified":"2022-07-28 17:49:59","post_modified_gmt":"2022-07-28 15:49:59","post_content_filtered":"","post_parent":0,"guid":"http:\/\/dev.claret.cat\/editorial\/ppc-altres\/","menu_order":0,"post_type":"editorial","post_mime_type":"","comment_count":"0","filter":"raw"}],"autores-libros":[{"ID":292766,"post_author":"3","post_date":"2022-12-11 02:02:19","post_date_gmt":"2022-12-11 01:02:19","post_content":"","post_title":"JOHN MAIN","post_excerpt":"","post_status":"publish","comment_status":"closed","ping_status":"closed","post_password":"","post_name":"john-main","to_ping":"","pinged":"","post_modified":"2022-12-11 02:02:19","post_modified_gmt":"2022-12-11 01:02:19","post_content_filtered":"","post_parent":0,"guid":"http:\/\/dev.claret.cat\/autor\/john-main\/","menu_order":0,"post_type":"autor","post_mime_type":"","comment_count":"0","filter":"raw"}]},"aioseo_notices":[],"_links":{"self":[{"href":"https:\/\/www.claret.cat\/es\/wp-json\/wp\/v2\/product\/1012059","targetHints":{"allow":["GET"]}}],"collection":[{"href":"https:\/\/www.claret.cat\/es\/wp-json\/wp\/v2\/product"}],"about":[{"href":"https:\/\/www.claret.cat\/es\/wp-json\/wp\/v2\/types\/product"}],"wp:featuredmedia":[{"embeddable":true,"href":"https:\/\/www.claret.cat\/es\/wp-json\/wp\/v2\/media\/1012060"}],"wp:attachment":[{"href":"https:\/\/www.claret.cat\/es\/wp-json\/wp\/v2\/media?parent=1012059"}],"wp:term":[{"taxonomy":"product_brand","embeddable":true,"href":"https:\/\/www.claret.cat\/es\/wp-json\/wp\/v2\/product_brand?post=1012059"},{"taxonomy":"product_cat","embeddable":true,"href":"https:\/\/www.claret.cat\/es\/wp-json\/wp\/v2\/product_cat?post=1012059"},{"taxonomy":"product_tag","embeddable":true,"href":"https:\/\/www.claret.cat\/es\/wp-json\/wp\/v2\/product_tag?post=1012059"}],"curies":[{"name":"wp","href":"https:\/\/api.w.org\/{rel}","templated":true}]}}