{"id":1012180,"date":"2025-03-18T10:55:02","date_gmt":"2025-03-18T09:55:02","guid":{"rendered":"https:\/\/www.claret.cat\/llibre\/creacion-la-9788494939389\/"},"modified":"2025-03-18T11:25:25","modified_gmt":"2025-03-18T10:25:25","slug":"creacion-la-9788494939389","status":"publish","type":"product","link":"https:\/\/www.claret.cat\/es\/libro\/creacion-la-9788494939389\/","title":{"rendered":"CREACI\u00d3N, LA"},"content":{"rendered":"<p><strong>Descubre la historia de la salvaci\u00f3n: un viaje incre\u00edble para conocer a Dios<\/strong><\/p>\n<p>Querido lector, el libro que tienes en tus manos es un <strong>verdadero regalo<\/strong> que te llevar\u00e1 a una <strong>aventura fascinante<\/strong>: la <strong>historia de la salvaci\u00f3n<\/strong>. Desde la <strong>Creaci\u00f3n<\/strong>, cuando <strong>Dios<\/strong> hizo todas las cosas, hasta su <strong>plan de amor<\/strong> para la humanidad, este relato transformador te ayudar\u00e1 a comprender el <strong>prop\u00f3sito divino<\/strong>.<\/p>\n<p>\u00bfSab\u00edas que <strong>todo lo que Dios cre\u00f3 fue pensando en ti<\/strong>? Su <strong>amor incondicional<\/strong> te invita a <strong>conocerle<\/strong>, descubrir su <strong>mensaje<\/strong> y alcanzar la <strong>verdadera felicidad<\/strong>. Sum\u00e9rgete en esta <strong>emocionante historia<\/strong> y deja que <strong>ilumine tu vida<\/strong>.<\/p>\n","protected":false},"excerpt":{"rendered":"<p>GONZ\u00c1LEZ CASTRO, SARA<\/p>\n","protected":false},"featured_media":1012197,"template":"","meta":{"_acf_changed":false,"om_disable_all_campaigns":false,"rs_blank_template":"","rs_page_bg_color":"","slide_template_v7":"","inline_featured_image":false,"_monsterinsights_skip_tracking":false,"_monsterinsights_sitenote_active":false,"_monsterinsights_sitenote_note":"","_monsterinsights_sitenote_category":0},"product_brand":[],"product_cat":[481,223],"product_tag":[],"class_list":{"0":"post-1012180","1":"product","2":"type-product","3":"status-publish","4":"has-post-thumbnail","6":"product_cat-biblias-infantiles","7":"product_cat-biblies-infantils","9":"first","10":"instock","11":"taxable","12":"shipping-taxable","13":"purchasable","14":"product-type-simple"},"acf":{"autor":"GONZ\u00c1LEZ CASTRO, SARA","codart":"849493938","libros-coleccion":"","ediciones":"1","encuadernacion":"Carton\u00e9","fecha_de_publicacion":"18\/03\/2025","novedad":"1","paginas":"71","subtitulo":"","orden":"0","portada":"0","idioma":"spa","editorial":[{"ID":147673,"post_author":"3","post_date":"2022-10-14 11:52:22","post_date_gmt":"2022-10-14 09:52:22","post_content":"","post_title":"CREO","post_excerpt":"","post_status":"publish","comment_status":"closed","ping_status":"closed","post_password":"","post_name":"creo","to_ping":"","pinged":"","post_modified":"2022-10-14 11:52:22","post_modified_gmt":"2022-10-14 09:52:22","post_content_filtered":"","post_parent":0,"guid":"http:\/\/dev.claret.cat\/editorial\/creo\/","menu_order":0,"post_type":"editorial","post_mime_type":"","comment_count":"0","filter":"raw"}]},"aioseo_notices":[],"_links":{"self":[{"href":"https:\/\/www.claret.cat\/es\/wp-json\/wp\/v2\/product\/1012180","targetHints":{"allow":["GET"]}}],"collection":[{"href":"https:\/\/www.claret.cat\/es\/wp-json\/wp\/v2\/product"}],"about":[{"href":"https:\/\/www.claret.cat\/es\/wp-json\/wp\/v2\/types\/product"}],"wp:featuredmedia":[{"embeddable":true,"href":"https:\/\/www.claret.cat\/es\/wp-json\/wp\/v2\/media\/1012197"}],"wp:attachment":[{"href":"https:\/\/www.claret.cat\/es\/wp-json\/wp\/v2\/media?parent=1012180"}],"wp:term":[{"taxonomy":"product_brand","embeddable":true,"href":"https:\/\/www.claret.cat\/es\/wp-json\/wp\/v2\/product_brand?post=1012180"},{"taxonomy":"product_cat","embeddable":true,"href":"https:\/\/www.claret.cat\/es\/wp-json\/wp\/v2\/product_cat?post=1012180"},{"taxonomy":"product_tag","embeddable":true,"href":"https:\/\/www.claret.cat\/es\/wp-json\/wp\/v2\/product_tag?post=1012180"}],"curies":[{"name":"wp","href":"https:\/\/api.w.org\/{rel}","templated":true}]}}