{"id":1012658,"date":"2025-03-18T16:36:45","date_gmt":"2025-03-18T15:36:45","guid":{"rendered":"https:\/\/www.claret.cat\/llibre\/sudokus-my-faciles-para-toda-la-familia-9788418933790\/"},"modified":"2026-02-06T12:40:14","modified_gmt":"2026-02-06T11:40:14","slug":"sudokus-my-faciles-para-toda-la-familia-9788418933790","status":"publish","type":"product","link":"https:\/\/www.claret.cat\/es\/libro\/sudokus-my-faciles-para-toda-la-familia-9788418933790\/","title":{"rendered":"SUDOKUS MY F\u00c1CILES PARA TODA LA FAMILIA"},"content":{"rendered":"<p>Los sudokus que encontrar\u00e1s en este libro est\u00e1n pensados para resolverse en intervalos de tiempo cortos. Todos ellos se resuelven mediante la l\u00f3gica, favorecen la concentraci\u00f3n y son una aut\u00e9ntica vacuna contra el aburrimiento y el estr\u00e9s.<br \/> 273 sudokus f\u00e1ciles, para toda la familia, que te ayudar\u00e1n a relajarte y te crear\u00e1n aut\u00e9ntica adicci\u00f3n.<\/p>\n","protected":false},"excerpt":{"rendered":"<p>ALMA EDITORIAL<\/p>\n","protected":false},"featured_media":1012659,"template":"","meta":{"_acf_changed":false,"om_disable_all_campaigns":false,"rs_blank_template":"","rs_page_bg_color":"","slide_template_v7":"","inline_featured_image":false,"_monsterinsights_skip_tracking":false,"_monsterinsights_sitenote_active":false,"_monsterinsights_sitenote_note":"","_monsterinsights_sitenote_category":0},"product_brand":[],"product_cat":[90,540],"product_tag":[],"class_list":{"0":"post-1012658","1":"product","2":"type-product","3":"status-publish","4":"has-post-thumbnail","6":"product_cat-altres","7":"product_cat-otros","9":"first","10":"instock","11":"taxable","12":"shipping-taxable","13":"purchasable","14":"product-type-simple"},"acf":{"autor":"ALMA EDITORIAL","codart":"841893379","libros-coleccion":"Cuadrados de diversi\u00f3n","ediciones":"1","encuadernacion":"R\u00fastica","fecha_de_publicacion":"01\/06\/2023","novedad":"1","paginas":"320","subtitulo":"","orden":"0","portada":"0","idioma":"spa","editorial":[{"ID":147917,"post_author":"3","post_date":"2022-10-14 11:54:14","post_date_gmt":"2022-10-14 09:54:14","post_content":"","post_title":"EDITORIAL ALMA","post_excerpt":"","post_status":"publish","comment_status":"closed","ping_status":"closed","post_password":"","post_name":"editorial-alma","to_ping":"","pinged":"","post_modified":"2022-10-14 11:54:14","post_modified_gmt":"2022-10-14 09:54:14","post_content_filtered":"","post_parent":0,"guid":"http:\/\/dev.claret.cat\/editorial\/editorial-alma\/","menu_order":0,"post_type":"editorial","post_mime_type":"","comment_count":"0","filter":"raw"}],"booktrailer":"","resenas":""},"aioseo_notices":[],"_links":{"self":[{"href":"https:\/\/www.claret.cat\/es\/wp-json\/wp\/v2\/product\/1012658","targetHints":{"allow":["GET"]}}],"collection":[{"href":"https:\/\/www.claret.cat\/es\/wp-json\/wp\/v2\/product"}],"about":[{"href":"https:\/\/www.claret.cat\/es\/wp-json\/wp\/v2\/types\/product"}],"wp:featuredmedia":[{"embeddable":true,"href":"https:\/\/www.claret.cat\/es\/wp-json\/wp\/v2\/media\/1012659"}],"wp:attachment":[{"href":"https:\/\/www.claret.cat\/es\/wp-json\/wp\/v2\/media?parent=1012658"}],"wp:term":[{"taxonomy":"product_brand","embeddable":true,"href":"https:\/\/www.claret.cat\/es\/wp-json\/wp\/v2\/product_brand?post=1012658"},{"taxonomy":"product_cat","embeddable":true,"href":"https:\/\/www.claret.cat\/es\/wp-json\/wp\/v2\/product_cat?post=1012658"},{"taxonomy":"product_tag","embeddable":true,"href":"https:\/\/www.claret.cat\/es\/wp-json\/wp\/v2\/product_tag?post=1012658"}],"curies":[{"name":"wp","href":"https:\/\/api.w.org\/{rel}","templated":true}]}}