{"id":1012759,"date":"2025-03-18T17:30:02","date_gmt":"2025-03-18T16:30:02","guid":{"rendered":"https:\/\/www.claret.cat\/llibre\/madre-de-dios-y-madre-nuestra-9788432136764\/"},"modified":"2025-12-02T13:15:53","modified_gmt":"2025-12-02T12:15:53","slug":"madre-de-dios-y-madre-nuestra-9788432136764","status":"publish","type":"product","link":"https:\/\/www.claret.cat\/es\/libro\/madre-de-dios-y-madre-nuestra-9788432136764\/","title":{"rendered":"MADRE DE DIOS Y MADRE NUESTRA"},"content":{"rendered":"<p>Con lenguaje claro y conciso, el autor expone los contenidos de la Revelaci\u00f3n y el Magisterio sobre la Virgen Mar\u00eda. Da especial relieve a la participaci\u00f3n de Mar\u00eda en la obra redentora. Adem\u00e1s del Magisterio de Juan Pablo II, en esta 9\u00aa edici\u00f3n revisada y aumentada, incluye textos de Benedicto XVI, y ampl\u00eda varios temas: &#8216;Maternidad espiritual de Mar\u00eda&#8217;, &#8216;Corredenci\u00f3n&#8217; y &#8216;Culto a la Madre de Dios&#8217;.<\/p>\n","protected":false},"excerpt":{"rendered":"<p>OROZCO, ANTONIO<\/p>\n","protected":false},"featured_media":1012760,"template":"","meta":{"_acf_changed":false,"om_disable_all_campaigns":false,"rs_blank_template":"","rs_page_bg_color":"","slide_template_v7":"","inline_featured_image":false,"_monsterinsights_skip_tracking":false,"_monsterinsights_sitenote_active":false,"_monsterinsights_sitenote_note":"","_monsterinsights_sitenote_category":0},"product_brand":[],"product_cat":[286,512],"product_tag":[],"class_list":{"0":"post-1012759","1":"product","2":"type-product","3":"status-publish","4":"has-post-thumbnail","6":"product_cat-mariologia","7":"product_cat-mariologia-teologia-1_espiritualidad","9":"first","10":"instock","11":"taxable","12":"shipping-taxable","13":"purchasable","14":"product-type-simple"},"acf":{"autor":"OROZCO, ANTONIO","codart":"843213676","libros-coleccion":"","ediciones":"9","encuadernacion":"R\u00fastica","fecha_de_publicacion":"08\/05\/2008","novedad":"0","paginas":"220","subtitulo":"INICIACI\u00d3N A LA MARIOLOG\u00cdA","orden":"999","portada":"0","idioma":"spa","editorial":[{"ID":6348,"post_author":"3","post_date":"2022-07-28 17:50:16","post_date_gmt":"2022-07-28 15:50:16","post_content":"","post_title":"Rialp","post_excerpt":"","post_status":"publish","comment_status":"closed","ping_status":"closed","post_password":"","post_name":"rialp","to_ping":"","pinged":"","post_modified":"2022-07-28 17:50:16","post_modified_gmt":"2022-07-28 15:50:16","post_content_filtered":"","post_parent":0,"guid":"http:\/\/dev.claret.cat\/editorial\/rialp\/","menu_order":0,"post_type":"editorial","post_mime_type":"","comment_count":"0","filter":"raw"}],"autores-libros":[{"ID":293986,"post_author":"3","post_date":"2022-12-11 03:19:18","post_date_gmt":"2022-12-11 02:19:18","post_content":"","post_title":"ANTONIO OROZCO","post_excerpt":"","post_status":"publish","comment_status":"closed","ping_status":"closed","post_password":"","post_name":"antonio-orozco","to_ping":"","pinged":"","post_modified":"2022-12-11 03:19:18","post_modified_gmt":"2022-12-11 02:19:18","post_content_filtered":"","post_parent":0,"guid":"http:\/\/dev.claret.cat\/autor\/antonio-orozco\/","menu_order":0,"post_type":"autor","post_mime_type":"","comment_count":"0","filter":"raw"}],"booktrailer":"","resenas":""},"aioseo_notices":[],"_links":{"self":[{"href":"https:\/\/www.claret.cat\/es\/wp-json\/wp\/v2\/product\/1012759","targetHints":{"allow":["GET"]}}],"collection":[{"href":"https:\/\/www.claret.cat\/es\/wp-json\/wp\/v2\/product"}],"about":[{"href":"https:\/\/www.claret.cat\/es\/wp-json\/wp\/v2\/types\/product"}],"wp:featuredmedia":[{"embeddable":true,"href":"https:\/\/www.claret.cat\/es\/wp-json\/wp\/v2\/media\/1012760"}],"wp:attachment":[{"href":"https:\/\/www.claret.cat\/es\/wp-json\/wp\/v2\/media?parent=1012759"}],"wp:term":[{"taxonomy":"product_brand","embeddable":true,"href":"https:\/\/www.claret.cat\/es\/wp-json\/wp\/v2\/product_brand?post=1012759"},{"taxonomy":"product_cat","embeddable":true,"href":"https:\/\/www.claret.cat\/es\/wp-json\/wp\/v2\/product_cat?post=1012759"},{"taxonomy":"product_tag","embeddable":true,"href":"https:\/\/www.claret.cat\/es\/wp-json\/wp\/v2\/product_tag?post=1012759"}],"curies":[{"name":"wp","href":"https:\/\/api.w.org\/{rel}","templated":true}]}}