{"id":101283,"date":"2022-10-12T08:05:00","date_gmt":"2022-10-12T06:05:00","guid":{"rendered":"http:\/\/dev.claret.cat\/producte\/reinas-del-abismo\/"},"modified":"2023-01-28T15:04:03","modified_gmt":"2023-01-28T14:04:03","slug":"reinas-del-abismo-9788417553777","status":"publish","type":"product","link":"https:\/\/www.claret.cat\/es\/libro\/reinas-del-abismo-9788417553777\/","title":{"rendered":"REINAS DEL ABISMO"},"content":{"rendered":"<p>Con frecuencia se acepta que durante el siglo XIX y principios del XX fueron los escritores varones quienes desarrollaron y ampliaron el horizonte de los relatos atroces de misterio, y que las mujeres escritoras se limitaron a seguir su estela. \u00a1Nada m\u00e1s lejos de la realidad! La antolog\u00eda que hoy presentamos re\u00fane las contribuciones de diecis\u00e9is maestras y amantes del miedo exquisito; muchos de cuyos nombres se perdieron en las revistas pulp y underground de principios de siglo. Por fin podremos conocer el lado oscuro de \u00abEl jard\u00edn secreto\u00bb, de Frances Hodgson Burnett, y en qu\u00e9 consist\u00edan las pesadillas de la mism\u00edsima Marie Corelli. Escucharemos cautivados, a la par que temerosos, las voces de las escritoras que poblaron las p\u00e1ginas de la revista Weird Tales, como Sophie Wenzel Ellis, Greye La Spina o Margaret St. Clair, y nos inclinaremos ante lo sensacional, lo surrealista y lo desafiante de sus magn\u00edficos relatos de terror. Un conjunto de narraciones que rompieron con las barreras del g\u00e9nero en la \u00e9poca<br \/> y que levantaron a sus autoras del abismo de la pobreza, de las adversidades de su infancia y de sus vidas de mujeres casaderas.<\/p>\n","protected":false},"excerpt":{"rendered":"<p>BRADDON, MARY E. \/ CORELLI, MARIE \/ NESBIT, EDITH \/ HODGSON BURNETT, FRANCES \/<\/p>\n","protected":false},"featured_media":101284,"template":"","meta":{"_acf_changed":false,"om_disable_all_campaigns":false,"rs_blank_template":"","rs_page_bg_color":"","slide_template_v7":"","inline_featured_image":false,"_monsterinsights_skip_tracking":false,"_monsterinsights_sitenote_active":false,"_monsterinsights_sitenote_note":"","_monsterinsights_sitenote_category":0},"product_brand":[],"product_cat":[123],"product_tag":[],"class_list":{"0":"post-101283","1":"product","2":"type-product","3":"status-publish","4":"has-post-thumbnail","6":"product_cat-classica","8":"first","9":"instock","10":"taxable","11":"shipping-taxable","12":"purchasable","13":"product-type-simple"},"acf":{"autores-libros":[{"ID":164359,"post_author":"3","post_date":"2022-10-14 17:46:26","post_date_gmt":"2022-10-14 15:46:26","post_content":"","post_title":"MARY E. BRADDON","post_excerpt":"","post_status":"publish","comment_status":"closed","ping_status":"closed","post_password":"","post_name":"mary-e-braddon","to_ping":"","pinged":"","post_modified":"2022-10-14 17:46:26","post_modified_gmt":"2022-10-14 15:46:26","post_content_filtered":"","post_parent":0,"guid":"http:\/\/dev.claret.cat\/autor\/mary-e-braddon\/","menu_order":0,"post_type":"autor","post_mime_type":"","comment_count":"0","filter":"raw"},{"ID":163881,"post_author":"3","post_date":"2022-10-14 17:42:36","post_date_gmt":"2022-10-14 15:42:36","post_content":"","post_title":"MARIE CORELLI","post_excerpt":"","post_status":"publish","comment_status":"closed","ping_status":"closed","post_password":"","post_name":"marie-corelli","to_ping":"","pinged":"","post_modified":"2022-10-14 17:42:36","post_modified_gmt":"2022-10-14 15:42:36","post_content_filtered":"","post_parent":0,"guid":"http:\/\/dev.claret.cat\/autor\/marie-corelli\/","menu_order":0,"post_type":"autor","post_mime_type":"","comment_count":"0","filter":"raw"},{"ID":154511,"post_author":"3","post_date":"2022-10-14 15:05:23","post_date_gmt":"2022-10-14 13:05:23","post_content":"","post_title":"EDITH NESBIT","post_excerpt":"","post_status":"publish","comment_status":"closed","ping_status":"closed","post_password":"","post_name":"edith-nesbit","to_ping":"","pinged":"","post_modified":"2022-10-14 15:05:23","post_modified_gmt":"2022-10-14 13:05:23","post_content_filtered":"","post_parent":0,"guid":"http:\/\/dev.claret.cat\/autor\/edith-nesbit\/","menu_order":0,"post_type":"autor","post_mime_type":"","comment_count":"0","filter":"raw"},{"ID":156058,"post_author":"3","post_date":"2022-10-14 15:17:47","post_date_gmt":"2022-10-14 13:17:47","post_content":"","post_title":"FRANCES HODGSON BURNETT","post_excerpt":"","post_status":"publish","comment_status":"closed","ping_status":"closed","post_password":"","post_name":"frances-hodgson-burnett","to_ping":"","pinged":"","post_modified":"2022-10-14 15:17:47","post_modified_gmt":"2022-10-14 13:17:47","post_content_filtered":"","post_parent":0,"guid":"http:\/\/dev.claret.cat\/autor\/frances-hodgson-burnett\/","menu_order":0,"post_type":"autor","post_mime_type":"","comment_count":"0","filter":"raw"}],"autor":"BRADDON, MARY E. \/ CORELLI, MARIE \/ NESBIT, EDITH \/ HODGSON BURNETT, FRANCES \/","codart":"841755377","libros-coleccion":"Impedimenta","ediciones":"1","encuadernacion":"Carton\u00e9","fecha_de_publicacion":"01\/11\/2020","novedad":"1","paginas":"320","subtitulo":"CUENTOS FANTASMALES DE LAS MAESTRAS DE LO INQUIETANTE","orden":"0","portada":"0","idioma":"spa","editorial":[{"ID":148284,"post_author":"3","post_date":"2022-10-14 11:57:03","post_date_gmt":"2022-10-14 09:57:03","post_content":"","post_title":"IMPEDIMENTA","post_excerpt":"","post_status":"publish","comment_status":"closed","ping_status":"closed","post_password":"","post_name":"impedimenta","to_ping":"","pinged":"","post_modified":"2022-10-14 11:57:03","post_modified_gmt":"2022-10-14 09:57:03","post_content_filtered":"","post_parent":0,"guid":"http:\/\/dev.claret.cat\/editorial\/impedimenta\/","menu_order":0,"post_type":"editorial","post_mime_type":"","comment_count":"0","filter":"raw"}]},"aioseo_notices":[],"_links":{"self":[{"href":"https:\/\/www.claret.cat\/es\/wp-json\/wp\/v2\/product\/101283","targetHints":{"allow":["GET"]}}],"collection":[{"href":"https:\/\/www.claret.cat\/es\/wp-json\/wp\/v2\/product"}],"about":[{"href":"https:\/\/www.claret.cat\/es\/wp-json\/wp\/v2\/types\/product"}],"wp:featuredmedia":[{"embeddable":true,"href":"https:\/\/www.claret.cat\/es\/wp-json\/wp\/v2\/media\/101284"}],"wp:attachment":[{"href":"https:\/\/www.claret.cat\/es\/wp-json\/wp\/v2\/media?parent=101283"}],"wp:term":[{"taxonomy":"product_brand","embeddable":true,"href":"https:\/\/www.claret.cat\/es\/wp-json\/wp\/v2\/product_brand?post=101283"},{"taxonomy":"product_cat","embeddable":true,"href":"https:\/\/www.claret.cat\/es\/wp-json\/wp\/v2\/product_cat?post=101283"},{"taxonomy":"product_tag","embeddable":true,"href":"https:\/\/www.claret.cat\/es\/wp-json\/wp\/v2\/product_tag?post=101283"}],"curies":[{"name":"wp","href":"https:\/\/api.w.org\/{rel}","templated":true}]}}