{"id":1012838,"date":"2025-03-19T12:30:15","date_gmt":"2025-03-19T11:30:15","guid":{"rendered":"https:\/\/www.claret.cat\/llibre\/de-la-boca-a-tu-salud-9788408296904\/"},"modified":"2025-03-19T13:05:35","modified_gmt":"2025-03-19T12:05:35","slug":"de-la-boca-a-tu-salud-9788408296904","status":"publish","type":"product","link":"https:\/\/www.claret.cat\/es\/libro\/de-la-boca-a-tu-salud-9788408296904\/","title":{"rendered":"DE LA BOCA A TU SALUD"},"content":{"rendered":"<p>Vuelve la autora de Adelgaza para siempre con su obra m\u00e1s ambiciosa, donde re\u00fane todo lo que debemos saber sobre alimentaci\u00f3n y salud.Este libro da respuesta a ese gran p\u00fablico preocupado por el efecto de la comida en la salud. Con un lenguaje ameno y entretenido, nos explica c\u00f3mo funcionan los nutrientes, de d\u00f3nde obtenemos la energ\u00eda, qu\u00e9 son las calor\u00edas y por qu\u00e9 no todas son iguales. Incluye mucha informaci\u00f3n pr\u00e1ctica sobre la hidrataci\u00f3n y la importancia del metabolismo y del ejercicio moderado, y tambi\u00e9n propuestas de acci\u00f3n reales, como un plan expr\u00e9s para entrenar el metabolismo. \u00c1ngela Quintas vuelca todo su conocimiento en la dieta del control de insulina, cuya esencia es controlar los picos de glucosa con resultados milagrosos para adelgazar con salud. Adem\u00e1s, propone men\u00fas efectivos para distintas etapas de la vida e incluye consejos y dietas espec\u00edficas para paliar el estr\u00e9s, la ansiedad o el insomnio. Porque lo que comemos nos afecta a cualquier edad, tanto a hombres como a mujeres.<\/p>\n","protected":false},"excerpt":{"rendered":"<p>QUINTAS, \u00c1NGELA<\/p>\n","protected":false},"featured_media":1012888,"template":"","meta":{"_acf_changed":false,"om_disable_all_campaigns":false,"rs_blank_template":"","rs_page_bg_color":"","slide_template_v7":"","inline_featured_image":false,"_monsterinsights_skip_tracking":false,"_monsterinsights_sitenote_active":false,"_monsterinsights_sitenote_note":"","_monsterinsights_sitenote_category":0},"product_brand":[],"product_cat":[547,97],"product_tag":[],"class_list":{"0":"post-1012838","1":"product","2":"type-product","3":"status-publish","4":"has-post-thumbnail","6":"product_cat-salud","7":"product_cat-salut","9":"first","10":"instock","11":"taxable","12":"shipping-taxable","13":"purchasable","14":"product-type-simple"},"acf":{"autor":"QUINTAS, \u00c1NGELA","codart":"840829690","libros-coleccion":"NO FICCION","ediciones":"1","encuadernacion":"R\u00fastica","fecha_de_publicacion":"01\/01\/2025","novedad":"1","paginas":"302","subtitulo":"8 CLAVES PARA CONTROLAR LA INFLAMACI\u00d3N, EL PESO Y LOS PICOS DE INSULINA","orden":"0","portada":"0","idioma":"spa","editorial":[{"ID":6233,"post_author":"3","post_date":"2022-07-28 17:47:48","post_date_gmt":"2022-07-28 15:47:48","post_content":"","post_title":"EDITORIAL PLANETA","post_excerpt":"","post_status":"publish","comment_status":"closed","ping_status":"closed","post_password":"","post_name":"editorial-planeta","to_ping":"","pinged":"","post_modified":"2022-07-28 17:47:48","post_modified_gmt":"2022-07-28 15:47:48","post_content_filtered":"","post_parent":0,"guid":"http:\/\/dev.claret.cat\/editorial\/editorial-planeta\/","menu_order":0,"post_type":"editorial","post_mime_type":"","comment_count":"0","filter":"raw"}]},"aioseo_notices":[],"_links":{"self":[{"href":"https:\/\/www.claret.cat\/es\/wp-json\/wp\/v2\/product\/1012838","targetHints":{"allow":["GET"]}}],"collection":[{"href":"https:\/\/www.claret.cat\/es\/wp-json\/wp\/v2\/product"}],"about":[{"href":"https:\/\/www.claret.cat\/es\/wp-json\/wp\/v2\/types\/product"}],"wp:featuredmedia":[{"embeddable":true,"href":"https:\/\/www.claret.cat\/es\/wp-json\/wp\/v2\/media\/1012888"}],"wp:attachment":[{"href":"https:\/\/www.claret.cat\/es\/wp-json\/wp\/v2\/media?parent=1012838"}],"wp:term":[{"taxonomy":"product_brand","embeddable":true,"href":"https:\/\/www.claret.cat\/es\/wp-json\/wp\/v2\/product_brand?post=1012838"},{"taxonomy":"product_cat","embeddable":true,"href":"https:\/\/www.claret.cat\/es\/wp-json\/wp\/v2\/product_cat?post=1012838"},{"taxonomy":"product_tag","embeddable":true,"href":"https:\/\/www.claret.cat\/es\/wp-json\/wp\/v2\/product_tag?post=1012838"}],"curies":[{"name":"wp","href":"https:\/\/api.w.org\/{rel}","templated":true}]}}