{"id":1012841,"date":"2025-03-19T12:30:31","date_gmt":"2025-03-19T11:30:31","guid":{"rendered":"https:\/\/www.claret.cat\/llibre\/el-drac-sen-va-de-festa-9788466158329\/"},"modified":"2026-02-27T19:18:04","modified_gmt":"2026-02-27T18:18:04","slug":"el-drac-sen-va-de-festa-9788466158329","status":"publish","type":"product","link":"https:\/\/www.claret.cat\/es\/libro\/el-drac-sen-va-de-festa-9788466158329\/","title":{"rendered":"EL DRAC SE&#8217;N VA DE FESTA"},"content":{"rendered":"<p>Acompanya el drac de Sant Jordi i et far\u00e0s un fart de riure, alhora que descobreixes un munt de festes tradicionals. <br \/>  \u00c9s 23 d&#8221;abril i, com cada any, el drac est\u00e0 a punt de cruspir-se la princesa. I pensa que aquest any s\u00ed, que no apareixer\u00e0 el pesat de sant Jordi i no li clavar\u00e0 la llan\u00e7a com si fos una botifarra per a la barbacoa. Per\u00f2, de sobte, sent el galop d&#8221;un cavall i sap que el cavaller s&#8221;acosta. El drac exclama: \u00abJa n&#8221;estic fart! Me&#8221;n vaig a una altra festa!\u00bb I ara qu\u00e8 han de fer, el cavaller i la princesa, tots sols? No els queda cap altre remei que anar a buscar-lo. Per\u00f2 hi ha festes tan divertides que de seguida es distreuen&#8230;<\/p>\n","protected":false},"excerpt":{"rendered":"<p>MANSO MUNN\u00c9, ANNA<\/p>\n","protected":false},"featured_media":1012990,"template":"","meta":{"_acf_changed":false,"om_disable_all_campaigns":false,"rs_blank_template":"","rs_page_bg_color":"","slide_template_v7":"","inline_featured_image":false,"_monsterinsights_skip_tracking":false,"_monsterinsights_sitenote_active":false,"_monsterinsights_sitenote_note":"","_monsterinsights_sitenote_category":0},"product_brand":[],"product_cat":[131,361],"product_tag":[],"class_list":{"0":"post-1012841","1":"product","2":"type-product","3":"status-publish","4":"has-post-thumbnail","6":"product_cat-contes-per-infants-0-6-anys","7":"product_cat-cuentos-para-ninos-0-6-anos","9":"first","10":"instock","11":"taxable","12":"shipping-taxable","13":"purchasable","14":"product-type-simple"},"acf":{"autor":"MANSO MUNN\u00c9, ANNA","codart":"846615832","libros-coleccion":"FORA DE COL.LECCI\u00d3","ediciones":"1","encuadernacion":"Carton\u00e9","fecha_de_publicacion":"01\/03\/2025","novedad":"1","paginas":"32","subtitulo":"","orden":"0","portada":"0","idioma":"cat","editorial":[{"ID":147679,"post_author":"3","post_date":"2022-10-14 11:52:25","post_date_gmt":"2022-10-14 09:52:25","post_content":"","post_title":"CRUILLA \/SM-EDICIONS -VALENCIANO\/CATALAN","post_excerpt":"","post_status":"publish","comment_status":"closed","ping_status":"closed","post_password":"","post_name":"cruilla-sm-edicions-valenciano-catalan","to_ping":"","pinged":"","post_modified":"2022-10-14 11:52:25","post_modified_gmt":"2022-10-14 09:52:25","post_content_filtered":"","post_parent":0,"guid":"http:\/\/dev.claret.cat\/editorial\/cruilla-sm-edicions-valenciano-catalan\/","menu_order":0,"post_type":"editorial","post_mime_type":"","comment_count":"0","filter":"raw"}],"booktrailer":"","resenas":""},"aioseo_notices":[],"_links":{"self":[{"href":"https:\/\/www.claret.cat\/es\/wp-json\/wp\/v2\/product\/1012841","targetHints":{"allow":["GET"]}}],"collection":[{"href":"https:\/\/www.claret.cat\/es\/wp-json\/wp\/v2\/product"}],"about":[{"href":"https:\/\/www.claret.cat\/es\/wp-json\/wp\/v2\/types\/product"}],"wp:featuredmedia":[{"embeddable":true,"href":"https:\/\/www.claret.cat\/es\/wp-json\/wp\/v2\/media\/1012990"}],"wp:attachment":[{"href":"https:\/\/www.claret.cat\/es\/wp-json\/wp\/v2\/media?parent=1012841"}],"wp:term":[{"taxonomy":"product_brand","embeddable":true,"href":"https:\/\/www.claret.cat\/es\/wp-json\/wp\/v2\/product_brand?post=1012841"},{"taxonomy":"product_cat","embeddable":true,"href":"https:\/\/www.claret.cat\/es\/wp-json\/wp\/v2\/product_cat?post=1012841"},{"taxonomy":"product_tag","embeddable":true,"href":"https:\/\/www.claret.cat\/es\/wp-json\/wp\/v2\/product_tag?post=1012841"}],"curies":[{"name":"wp","href":"https:\/\/api.w.org\/{rel}","templated":true}]}}