{"id":101286,"date":"2022-10-12T08:05:02","date_gmt":"2022-10-12T06:05:02","guid":{"rendered":"http:\/\/dev.claret.cat\/producte\/enigmes-detectius-a-domicili-1\/"},"modified":"2024-02-20T18:00:13","modified_gmt":"2024-02-20T17:00:13","slug":"enigmes-detectius-a-domicili-1-9788412229752","status":"publish","type":"product","link":"https:\/\/www.claret.cat\/es\/libro\/enigmes-detectius-a-domicili-1-9788412229752\/","title":{"rendered":"ENIGMES. DETECTIUS A DOMICILI 1"},"content":{"rendered":"<p>Robatoris, desaparicions, misteris\u2026 Qui no ha somiat de petit ser el fam\u00f3s Sherlock Holmes? Fes-te detectiu amb aquest llibre-joc interactiu i ple de sorpreses i resol un total de 17 misteriosos fets. <br \/> Comen\u00e7a la teva investigaci\u00f3 doblegant les p\u00e0gines del llibre per observar amb deteniment l&#8221;interior i exterior dels diferents escenaris del crim, minuciosament il\u00b7lustrats. Llegeix amb atenci\u00f3 els relats de v\u00edctimes, testimonis i sospitosos, segueix totes les pistes i posa a prova la teva capacitat de deducci\u00f3 per trobar el culpable de cada cas. T&#8221;esperen hores i hores de diversi\u00f3!<br \/> Aquest \u00e9s el primer volum d&#8221;una fant\u00e0stica i exitosa col\u00b7lecci\u00f3 que pret\u00e9n fomentar el gust per la lectura, el raonament l\u00f2gic i la capacitat d&#8221;observaci\u00f3 de nens i nenes. Amb divertides il\u00b7lustracions, un disseny \u00fanic i molt d&#8221;humor!<\/p>\n","protected":false},"excerpt":{"rendered":"<p>MARTIN, PAUL<\/p>\n","protected":false},"featured_media":101287,"template":"","meta":{"_acf_changed":false,"om_disable_all_campaigns":false,"rs_blank_template":"","rs_page_bg_color":"","slide_template_v7":"","inline_featured_image":false,"_monsterinsights_skip_tracking":false,"_monsterinsights_sitenote_active":false,"_monsterinsights_sitenote_note":"","_monsterinsights_sitenote_category":0},"product_brand":[],"product_cat":[135,365],"product_tag":[],"class_list":{"0":"post-101286","1":"product","2":"type-product","3":"status-publish","4":"has-post-thumbnail","6":"product_cat-entreteniment","7":"product_cat-entretenimientos","9":"first","10":"instock","11":"taxable","12":"shipping-taxable","13":"purchasable","14":"product-type-simple"},"acf":{"editorial":[{"ID":6286,"post_author":"3","post_date":"2022-07-28 17:48:56","post_date_gmt":"2022-07-28 15:48:56","post_content":"","post_title":"Librooks Barcelona","post_excerpt":"","post_status":"publish","comment_status":"closed","ping_status":"closed","post_password":"","post_name":"librooks-barcelona","to_ping":"","pinged":"","post_modified":"2022-07-28 17:48:56","post_modified_gmt":"2022-07-28 15:48:56","post_content_filtered":"","post_parent":0,"guid":"http:\/\/dev.claret.cat\/editorial\/librooks-barcelona\/","menu_order":0,"post_type":"editorial","post_mime_type":"","comment_count":"0","filter":"raw"}],"autores-libros":[{"ID":166742,"post_author":"3","post_date":"2022-10-14 18:05:41","post_date_gmt":"2022-10-14 16:05:41","post_content":"","post_title":"PAUL MARTIN","post_excerpt":"","post_status":"publish","comment_status":"closed","ping_status":"closed","post_password":"","post_name":"paul-martin","to_ping":"","pinged":"","post_modified":"2022-10-14 18:05:41","post_modified_gmt":"2022-10-14 16:05:41","post_content_filtered":"","post_parent":0,"guid":"http:\/\/dev.claret.cat\/autor\/paul-martin\/","menu_order":0,"post_type":"autor","post_mime_type":"","comment_count":"0","filter":"raw"}],"autor":"MARTIN, PAUL","codart":"841222975","libros-coleccion":"Imagina","ediciones":"1","encuadernacion":"R\u00fastica","fecha_de_publicacion":"01\/09\/2020","novedad":"1","paginas":"80","subtitulo":"","orden":"0","portada":"0","idioma":"cat"},"aioseo_notices":[],"_links":{"self":[{"href":"https:\/\/www.claret.cat\/es\/wp-json\/wp\/v2\/product\/101286","targetHints":{"allow":["GET"]}}],"collection":[{"href":"https:\/\/www.claret.cat\/es\/wp-json\/wp\/v2\/product"}],"about":[{"href":"https:\/\/www.claret.cat\/es\/wp-json\/wp\/v2\/types\/product"}],"wp:featuredmedia":[{"embeddable":true,"href":"https:\/\/www.claret.cat\/es\/wp-json\/wp\/v2\/media\/101287"}],"wp:attachment":[{"href":"https:\/\/www.claret.cat\/es\/wp-json\/wp\/v2\/media?parent=101286"}],"wp:term":[{"taxonomy":"product_brand","embeddable":true,"href":"https:\/\/www.claret.cat\/es\/wp-json\/wp\/v2\/product_brand?post=101286"},{"taxonomy":"product_cat","embeddable":true,"href":"https:\/\/www.claret.cat\/es\/wp-json\/wp\/v2\/product_cat?post=101286"},{"taxonomy":"product_tag","embeddable":true,"href":"https:\/\/www.claret.cat\/es\/wp-json\/wp\/v2\/product_tag?post=101286"}],"curies":[{"name":"wp","href":"https:\/\/api.w.org\/{rel}","templated":true}]}}