{"id":1013205,"date":"2025-03-21T12:55:36","date_gmt":"2025-03-21T11:55:36","guid":{"rendered":"https:\/\/www.claret.cat\/llibre\/judas-9788428573085\/"},"modified":"2026-02-18T12:25:45","modified_gmt":"2026-02-18T11:25:45","slug":"judas-9788428573085","status":"publish","type":"product","link":"https:\/\/www.claret.cat\/es\/libro\/judas-9788428573085\/","title":{"rendered":"JUDAS"},"content":{"rendered":"<p>La vida de <strong>Judas Iscariote<\/strong> est\u00e1 irremediablemente vinculada a la vida de <strong>Jes\u00fas<\/strong>, especialmente a su <strong>muerte<\/strong>, pues los actos de Judas desencadenaron los acontecimientos que llevaron a la <strong>crucifixi\u00f3n<\/strong>. Este personaje, tanto en el mundo cristiano como fuera de \u00e9l, se ha convertido en una figura <strong>inquietante<\/strong> y <strong>fascinante<\/strong>, fuente de numerosas representaciones en las <strong>artes<\/strong> y la <strong>literatura<\/strong>, en las que a menudo se le presenta como casi <strong>diab\u00f3lico<\/strong>, pero tambi\u00e9n, m\u00e1s recientemente, como <strong>v\u00edctima<\/strong> o <strong>m\u00e1rtir<\/strong>.<\/p>\n<p>En esta obra, el autor se adentra en el enigma de <strong>Judas<\/strong>, analizando su <strong>historia<\/strong>, su <strong>comportamiento<\/strong> y las <strong>palabras de Jes\u00fas<\/strong> sobre \u00e9l en el <strong>Nuevo Testamento<\/strong>. Tambi\u00e9n revisa las reflexiones que los <strong>santos<\/strong> han dedicado a su figura, despojando a Judas de los <strong>excesos<\/strong> con que ha sido tratado: el exceso de <strong>demonizaci\u00f3n<\/strong>, <strong>banalizaci\u00f3n<\/strong> e <strong>idealizaci\u00f3n<\/strong>. A trav\u00e9s de este an\u00e1lisis, el autor nos ofrece <strong>lecciones valiosas<\/strong> que surgen del drama de Judas, un drama que, como \u00e9l mismo dice, &#8216;levanta una peque\u00f1a esquina del velo sobre el misterio de la <strong>libertad desviada<\/strong>&#8216;.<\/p>\n","protected":false},"excerpt":{"rendered":"<p>BOT , JEAN-MARC<\/p>\n","protected":false},"featured_media":1084502,"template":"","meta":{"_acf_changed":false,"om_disable_all_campaigns":false,"rs_blank_template":"","rs_page_bg_color":"","slide_template_v7":"","inline_featured_image":false,"_monsterinsights_skip_tracking":false,"_monsterinsights_sitenote_active":false,"_monsterinsights_sitenote_note":"","_monsterinsights_sitenote_category":0},"product_brand":[],"product_cat":[205,466],"product_tag":[],"class_list":{"0":"post-1013205","1":"product","2":"type-product","3":"status-publish","4":"has-post-thumbnail","6":"product_cat-fets-dels-apostols","7":"product_cat-hechos-de-los-apostoles","9":"first","10":"instock","11":"taxable","12":"shipping-taxable","13":"purchasable","14":"product-type-simple"},"acf":{"autor":"BOT , JEAN-MARC","codart":"842857308","libros-coleccion":"SAN PABLO - CAMINOS","ediciones":"1","encuadernacion":"R\u00fastica","fecha_de_publicacion":"14\/03\/2025","novedad":"1","paginas":"138","subtitulo":"EL DRAMA DEL DUOD\u00c9CIMO AP\u00d3STOL","orden":"0","portada":"0","idioma":"spa","editorial":[{"ID":6356,"post_author":"3","post_date":"2022-07-28 17:50:26","post_date_gmt":"2022-07-28 15:50:26","post_content":"","post_title":"SAN PABLO COMUNICACI\u00d3N","post_excerpt":"","post_status":"publish","comment_status":"closed","ping_status":"closed","post_password":"","post_name":"san-pablo-comunicacion","to_ping":"","pinged":"","post_modified":"2022-07-28 17:50:26","post_modified_gmt":"2022-07-28 15:50:26","post_content_filtered":"","post_parent":0,"guid":"http:\/\/dev.claret.cat\/editorial\/san-pablo-comunicacion\/","menu_order":0,"post_type":"editorial","post_mime_type":"","comment_count":"0","filter":"raw"}],"booktrailer":"","resenas":""},"aioseo_notices":[],"_links":{"self":[{"href":"https:\/\/www.claret.cat\/es\/wp-json\/wp\/v2\/product\/1013205","targetHints":{"allow":["GET"]}}],"collection":[{"href":"https:\/\/www.claret.cat\/es\/wp-json\/wp\/v2\/product"}],"about":[{"href":"https:\/\/www.claret.cat\/es\/wp-json\/wp\/v2\/types\/product"}],"wp:featuredmedia":[{"embeddable":true,"href":"https:\/\/www.claret.cat\/es\/wp-json\/wp\/v2\/media\/1084502"}],"wp:attachment":[{"href":"https:\/\/www.claret.cat\/es\/wp-json\/wp\/v2\/media?parent=1013205"}],"wp:term":[{"taxonomy":"product_brand","embeddable":true,"href":"https:\/\/www.claret.cat\/es\/wp-json\/wp\/v2\/product_brand?post=1013205"},{"taxonomy":"product_cat","embeddable":true,"href":"https:\/\/www.claret.cat\/es\/wp-json\/wp\/v2\/product_cat?post=1013205"},{"taxonomy":"product_tag","embeddable":true,"href":"https:\/\/www.claret.cat\/es\/wp-json\/wp\/v2\/product_tag?post=1013205"}],"curies":[{"name":"wp","href":"https:\/\/api.w.org\/{rel}","templated":true}]}}