{"id":1013389,"date":"2025-03-24T12:35:06","date_gmt":"2025-03-24T11:35:06","guid":{"rendered":"https:\/\/www.claret.cat\/llibre\/agencia-remei-1-les-cireres-viatgeres-9788427247666\/"},"modified":"2026-01-07T13:15:14","modified_gmt":"2026-01-07T12:15:14","slug":"agencia-remei-2-el-gat-de-la-veina-9788427247666","status":"publish","type":"product","link":"https:\/\/www.claret.cat\/es\/libro\/agencia-remei-2-el-gat-de-la-veina-9788427247666\/","title":{"rendered":"AGENCIA REMEI 2. EL GAT DE LA VEINA"},"content":{"rendered":"<p>Apr\u00e8n a llegir en lletra maj\u00fascula amb l&#8217;Ag\u00e8ncia REMEI. Aqu\u00ed tothom est\u00e0 al teu servei!<\/p>\n<p>Fa dos dies que la Rita no veu el seu gat, el Nevadet. I mira que no se separen mai. Mai dels mais!<\/p>\n<p>A l&#8217;Ag\u00e8ncia REMEI no s&#8217;ho pensen ni un segon i tothom es prepara per trobar el mixet desaparegut.<\/p>\n<p>Els acompanyes en aquesta missi\u00f3?<\/p>\n<p>L&#8217;Ag\u00e8ncia REMEI \u00e9s la s\u00e8rie m\u00e9s divertida per aprendre a llegir en catal\u00e0:<\/p>\n<p>&#8211; Lletra maj\u00fascula<\/p>\n<p>&#8211; Il\u00b7lustracions a tot color a cada p\u00e0gina<\/p>\n<p>&#8211; Vocabulari senzill<\/p>\n<p>-Personatges amb qui els infants s&#8217;identificaran.<\/p>\n<p>&#8211; Activitats i petits reptes al llarg de tota la hist\u00f2ria<\/p>\n<p>La s\u00e8rie ideal perqu\u00e8 els infants agafin confian\u00e7a i gaudeixin de la lectura.<\/p>\n","protected":false},"excerpt":{"rendered":"<p>VV.AA<\/p>\n","protected":false},"featured_media":1013957,"template":"","meta":{"_acf_changed":false,"om_disable_all_campaigns":false,"rs_blank_template":"","rs_page_bg_color":"","slide_template_v7":"","inline_featured_image":false,"_monsterinsights_skip_tracking":false,"_monsterinsights_sitenote_active":false,"_monsterinsights_sitenote_note":"","_monsterinsights_sitenote_category":0},"product_brand":[],"product_cat":[132,362],"product_tag":[],"class_list":{"0":"post-1013389","1":"product","2":"type-product","3":"status-publish","4":"has-post-thumbnail","6":"product_cat-lectures-per-preadolescents-6-12-anys","7":"product_cat-libros-preadolescentes-6-12-anos","9":"first","10":"instock","11":"taxable","12":"shipping-taxable","13":"purchasable","14":"product-type-simple"},"acf":{"autor":"VV.AA","codart":"842724766","libros-coleccion":"","ediciones":"1","encuadernacion":"R\u00fastica","fecha_de_publicacion":"24\/03\/2025","novedad":"1","paginas":"48","subtitulo":"","orden":"0","portada":"0","idioma":"cat","editorial":[{"ID":309757,"post_author":"3","post_date":"2022-12-20 12:05:01","post_date_gmt":"2022-12-20 11:05:01","post_content":"","post_title":"MOLINO, S.R.C.","post_excerpt":"","post_status":"publish","comment_status":"closed","ping_status":"closed","post_password":"","post_name":"molino-s-r-c","to_ping":"","pinged":"","post_modified":"2022-12-20 12:05:01","post_modified_gmt":"2022-12-20 11:05:01","post_content_filtered":"","post_parent":0,"guid":"https:\/\/www.claret.cat\/editorial\/molino-s-r-c\/","menu_order":0,"post_type":"editorial","post_mime_type":"","comment_count":"0","filter":"raw"}],"booktrailer":"","resenas":""},"aioseo_notices":[],"_links":{"self":[{"href":"https:\/\/www.claret.cat\/es\/wp-json\/wp\/v2\/product\/1013389","targetHints":{"allow":["GET"]}}],"collection":[{"href":"https:\/\/www.claret.cat\/es\/wp-json\/wp\/v2\/product"}],"about":[{"href":"https:\/\/www.claret.cat\/es\/wp-json\/wp\/v2\/types\/product"}],"wp:featuredmedia":[{"embeddable":true,"href":"https:\/\/www.claret.cat\/es\/wp-json\/wp\/v2\/media\/1013957"}],"wp:attachment":[{"href":"https:\/\/www.claret.cat\/es\/wp-json\/wp\/v2\/media?parent=1013389"}],"wp:term":[{"taxonomy":"product_brand","embeddable":true,"href":"https:\/\/www.claret.cat\/es\/wp-json\/wp\/v2\/product_brand?post=1013389"},{"taxonomy":"product_cat","embeddable":true,"href":"https:\/\/www.claret.cat\/es\/wp-json\/wp\/v2\/product_cat?post=1013389"},{"taxonomy":"product_tag","embeddable":true,"href":"https:\/\/www.claret.cat\/es\/wp-json\/wp\/v2\/product_tag?post=1013389"}],"curies":[{"name":"wp","href":"https:\/\/api.w.org\/{rel}","templated":true}]}}