{"id":1013408,"date":"2025-03-24T12:45:31","date_gmt":"2025-03-24T11:45:31","guid":{"rendered":"https:\/\/www.claret.cat\/llibre\/cuinologia-9780241770597\/"},"modified":"2025-04-23T18:25:27","modified_gmt":"2025-04-23T16:25:27","slug":"cuinologia-9780241770597","status":"publish","type":"product","link":"https:\/\/www.claret.cat\/es\/libro\/cuinologia-9780241770597\/","title":{"rendered":"CUINOLOGIA"},"content":{"rendered":"<p>es principals t\u00e8cniques culin\u00e0ries, explicades gr\u00e0cies a la ci\u00e8ncia.<\/p>\n<p>Descobreix amb Cuinologia els conceptes fonamentals de la cuina, juntament amb els millors consells pr\u00e0ctics i t\u00e8cniques pas a pas, i converteix la teva cuina en un aut\u00e8ntic laboratori gastron\u00f2mic. Hi trobar\u00e0s resposta a les preguntes que fins ara no tenien soluci\u00f3 i cap\u00edtols dedicats als principals aliments i preparacions: carns, aus, peixos, llegums, cereals, vegetals\u2026<\/p>\n<p>Com aconsegueixo que la carn em quedi sempre al punt? Com haig de coure la verdura perqu\u00e8 no perdi nutrients? \u00c9s millor premsar els alls, o picar-los? Trobareu les respostes a aquestes preguntes i moltes m\u00e9s en aquest llibre que revela la ci\u00e8ncia que s&#8217;amaga rere la cuina.<\/p>\n<p>Escrit pel Dr. Stuart Farrimond, Cuinologia ser\u00e0 un aut\u00e8ntic descobriment per a tots els qui gaudeixin del plaer de menjar i busquin portar la seva afici\u00f3 a un altre nivell. Una guia complet\u00edssima que sorprendr\u00e0 els lectors amb trucs i consells que s\u2019entenen\u2026 i que funcionen.<\/p>\n<p>Aquest llibre dona resposta i solucions pr\u00e0ctiques a m\u00e9s de 160 enigmes culinaris servint-se dels estudis cient\u00edfics m\u00e9s recents. Amb imatges i diagrames f\u00e0cils d\u2019entendre, Cuinologia inclou explicacions sobre processos i t\u00e8cniques de cocci\u00f3, consells sobre com treballar els ingredients b\u00e0sics i suggeriments sobre l\u2019equipament que cal tenir a la cuina. I tot en un llenguatge planer i sense tecnicismes. Endinsa\u2019t en la ci\u00e8ncia dels aliments i capgira la teva manera de cuinar<\/p>\n","protected":false},"excerpt":{"rendered":"<p>FARRIMOND, STUART<\/p>\n","protected":false},"featured_media":1013426,"template":"","meta":{"_acf_changed":false,"om_disable_all_campaigns":false,"rs_blank_template":"","rs_page_bg_color":"","slide_template_v7":"","inline_featured_image":false,"_monsterinsights_skip_tracking":false,"_monsterinsights_sitenote_active":false,"_monsterinsights_sitenote_note":"","_monsterinsights_sitenote_category":0},"product_brand":[],"product_cat":[553,103],"product_tag":[],"class_list":{"0":"post-1013408","1":"product","2":"type-product","3":"status-publish","4":"has-post-thumbnail","6":"product_cat-cocina","7":"product_cat-cuina","9":"first","10":"instock","11":"taxable","12":"shipping-taxable","13":"purchasable","14":"product-type-simple"},"acf":{"autor":"FARRIMOND, STUART","codart":"024177059","libros-coleccion":"","ediciones":"1","encuadernacion":"R\u00fastica","fecha_de_publicacion":"24\/03\/2025","novedad":"1","paginas":"260","subtitulo":"","orden":"0","portada":"0","idioma":"cat","editorial":[{"ID":6186,"post_author":"3","post_date":"2022-07-28 17:46:45","post_date_gmt":"2022-07-28 15:46:45","post_content":"","post_title":"DK","post_excerpt":"","post_status":"publish","comment_status":"closed","ping_status":"closed","post_password":"","post_name":"dk","to_ping":"","pinged":"","post_modified":"2022-07-28 17:46:45","post_modified_gmt":"2022-07-28 15:46:45","post_content_filtered":"","post_parent":0,"guid":"http:\/\/dev.claret.cat\/editorial\/dk\/","menu_order":0,"post_type":"editorial","post_mime_type":"","comment_count":"0","filter":"raw"}],"booktrailer":"","resenas":""},"aioseo_notices":[],"_links":{"self":[{"href":"https:\/\/www.claret.cat\/es\/wp-json\/wp\/v2\/product\/1013408","targetHints":{"allow":["GET"]}}],"collection":[{"href":"https:\/\/www.claret.cat\/es\/wp-json\/wp\/v2\/product"}],"about":[{"href":"https:\/\/www.claret.cat\/es\/wp-json\/wp\/v2\/types\/product"}],"wp:featuredmedia":[{"embeddable":true,"href":"https:\/\/www.claret.cat\/es\/wp-json\/wp\/v2\/media\/1013426"}],"wp:attachment":[{"href":"https:\/\/www.claret.cat\/es\/wp-json\/wp\/v2\/media?parent=1013408"}],"wp:term":[{"taxonomy":"product_brand","embeddable":true,"href":"https:\/\/www.claret.cat\/es\/wp-json\/wp\/v2\/product_brand?post=1013408"},{"taxonomy":"product_cat","embeddable":true,"href":"https:\/\/www.claret.cat\/es\/wp-json\/wp\/v2\/product_cat?post=1013408"},{"taxonomy":"product_tag","embeddable":true,"href":"https:\/\/www.claret.cat\/es\/wp-json\/wp\/v2\/product_tag?post=1013408"}],"curies":[{"name":"wp","href":"https:\/\/api.w.org\/{rel}","templated":true}]}}