{"id":1013497,"date":"2025-03-24T19:35:03","date_gmt":"2025-03-24T18:35:03","guid":{"rendered":"https:\/\/www.claret.cat\/llibre\/bluey-libro-juguete-bluey-y-sus-amigos-pequena-biblioteca-edicion-en-espano-9788448870355\/"},"modified":"2026-04-24T10:38:45","modified_gmt":"2026-04-24T08:38:45","slug":"bluey-libro-juguete-bluey-y-sus-amigos-pequena-biblioteca-edicion-en-espano-9788448870355","status":"publish","type":"product","link":"https:\/\/www.claret.cat\/es\/libro\/bluey-libro-juguete-bluey-y-sus-amigos-pequena-biblioteca-edicion-en-espano-9788448870355\/","title":{"rendered":"BLUEY. LIBRO JUGUETE &#8211; BLUEY Y SUS AMIGOS. PEQUE\u00d1A BIBLIOTECA (EDICI\u00d3N EN ESPA\u00d1O"},"content":{"rendered":"<p>Llega la nueva Peque\u00f1a biblioteca de Bluey y sus amigos, una fant\u00e1stica colecci\u00f3n de cuatro mini-libros de cart\u00f3n perfecta para que peque\u00f1os lectores de 0 a 3 a\u00f1os conozcan a los amigos de Bluey.  Conoce y divi\u00e9rtete con los mejores amigos de Bluey al completo. La Peque\u00f1a biblioteca de Bluey y sus amigos contiene cuatro libritos con nuevas historias de Snickers, Coco, Honey, Chloe, Lucky, Mackenzie, Indy y Rusty, en un formato de mini-cart\u00f3n perfecto para leer en casa o en cualquier parte. Y, una vez hayas acabado de leer (y releer), con las im\u00e1genes de contracubierta de los cuatro libros puedes completar \u00a1un divertido puzle! Empaquetados en una preciosa cajita con ilustraciones de los personajes a todo color, la Peque\u00f1a biblioteca de Bluey y sus amigos es el regalo perfecto para los fans de Bluey, la serie de animaci\u00f3n para preescolar m\u00e1s vista del mundo de Disney+ que ha cautivado a todas las familias. Los libros de cart\u00f3n, con sus p\u00e1ginas resistentes y sus esquinas redondeadas, se convierten en un objeto id\u00f3neo para ser observado y manipulado por los m\u00e1s peque\u00f1os introduci\u00e9ndoles as\u00ed en el mundo de la lectura a trav\u00e9s del juego.<\/p>\n","protected":false},"excerpt":{"rendered":"<p>BLUEY<\/p>\n","protected":false},"featured_media":1013498,"template":"","meta":{"_acf_changed":false,"om_disable_all_campaigns":false,"rs_blank_template":"","rs_page_bg_color":"","slide_template_v7":"","inline_featured_image":false,"_monsterinsights_skip_tracking":false,"_monsterinsights_sitenote_active":false,"_monsterinsights_sitenote_note":"","_monsterinsights_sitenote_category":0},"product_brand":[],"product_cat":[131,361],"product_tag":[],"class_list":{"0":"post-1013497","1":"product","2":"type-product","3":"status-publish","4":"has-post-thumbnail","6":"product_cat-contes-per-infants-0-6-anys","7":"product_cat-cuentos-para-ninos-0-6-anos","9":"first","10":"instock","11":"taxable","12":"shipping-taxable","13":"purchasable","14":"product-type-simple"},"acf":{"autor":"BLUEY","codart":"844887035","libros-coleccion":"FORA DE COL.LECCI\u00d3","ediciones":"1","encuadernacion":"Carton\u00e9","fecha_de_publicacion":"01\/03\/2025","novedad":"1","paginas":"1","subtitulo":"","orden":"0","portada":"0","idioma":"spa","editorial":[{"ID":6141,"post_author":"3","post_date":"2022-07-28 17:45:46","post_date_gmt":"2022-07-28 15:45:46","post_content":"","post_title":"BEASCOA","post_excerpt":"","post_status":"publish","comment_status":"closed","ping_status":"closed","post_password":"","post_name":"beascoa","to_ping":"","pinged":"","post_modified":"2022-07-28 17:45:46","post_modified_gmt":"2022-07-28 15:45:46","post_content_filtered":"","post_parent":0,"guid":"http:\/\/dev.claret.cat\/editorial\/beascoa\/","menu_order":0,"post_type":"editorial","post_mime_type":"","comment_count":"0","filter":"raw"}],"booktrailer":"","resenas":""},"aioseo_notices":[],"_links":{"self":[{"href":"https:\/\/www.claret.cat\/es\/wp-json\/wp\/v2\/product\/1013497","targetHints":{"allow":["GET"]}}],"collection":[{"href":"https:\/\/www.claret.cat\/es\/wp-json\/wp\/v2\/product"}],"about":[{"href":"https:\/\/www.claret.cat\/es\/wp-json\/wp\/v2\/types\/product"}],"wp:featuredmedia":[{"embeddable":true,"href":"https:\/\/www.claret.cat\/es\/wp-json\/wp\/v2\/media\/1013498"}],"wp:attachment":[{"href":"https:\/\/www.claret.cat\/es\/wp-json\/wp\/v2\/media?parent=1013497"}],"wp:term":[{"taxonomy":"product_brand","embeddable":true,"href":"https:\/\/www.claret.cat\/es\/wp-json\/wp\/v2\/product_brand?post=1013497"},{"taxonomy":"product_cat","embeddable":true,"href":"https:\/\/www.claret.cat\/es\/wp-json\/wp\/v2\/product_cat?post=1013497"},{"taxonomy":"product_tag","embeddable":true,"href":"https:\/\/www.claret.cat\/es\/wp-json\/wp\/v2\/product_tag?post=1013497"}],"curies":[{"name":"wp","href":"https:\/\/api.w.org\/{rel}","templated":true}]}}