{"id":1013641,"date":"2025-03-25T12:50:02","date_gmt":"2025-03-25T11:50:02","guid":{"rendered":"https:\/\/www.claret.cat\/llibre\/el-cafe-de-los-gatos-mensajeros-9788410359130\/"},"modified":"2025-03-26T12:15:22","modified_gmt":"2025-03-26T11:15:22","slug":"el-cafe-de-los-gatos-mensajeros-9788410359130","status":"publish","type":"product","link":"https:\/\/www.claret.cat\/es\/libro\/el-cafe-de-los-gatos-mensajeros-9788410359130\/","title":{"rendered":"EL CAF\u00c9 DE LOS GATOS MENSAJEROS"},"content":{"rendered":"<p><strong>Un caf\u00e9 en el limbo, un gato mensajero y cinco encuentros inolvidables.<\/strong><\/p>\n<p>Desde <strong>Jap\u00f3n<\/strong>, llega una novela conmovedora sobre el poder del amor, la magia de las segundas oportunidades y la conexi\u00f3n entre humanos y gatos. <strong>M\u00e1s de 100.000 ejemplares vendidos<\/strong> confirman su \u00e9xito.<\/p>\n<p><strong>Un caf\u00e9 entre dos mundos<\/strong><\/p>\n<p>El <strong>Caf\u00e9 Pont<\/strong> no es un lugar cualquiera: ubicado en el <strong>limbo<\/strong>, permite a quienes lo visitan enviar un mensaje a alguien especial que dejaron atr\u00e1s. Para ello, la enigm\u00e1tica due\u00f1a, <strong>Nijiko<\/strong>, conf\u00eda en sus fieles <strong>gatos mensajeros<\/strong>.<\/p>\n<p><strong>Un gato con una misi\u00f3n: volver a ver a su due\u00f1a<\/strong><\/p>\n<p><strong>Futa<\/strong>, un gato atigrado, acaba de llegar al m\u00e1s all\u00e1 tras una vida llena de amor junto a <strong>Michiru<\/strong>. Pero a\u00fan hay una esperanza: si logra completar <strong>cinco misiones<\/strong> llevando mensajes entre los mundos, podr\u00e1 volver a verla una \u00faltima vez.<\/p>\n<p><strong>Una historia llena de ternura, esperanza y segundas oportunidades<\/strong><\/p>\n<p>A trav\u00e9s de <strong>encuentros emotivos y mensajes nunca dichos<\/strong>, este libro nos recuerda el valor de las peque\u00f1as cosas y los lazos que nos unen m\u00e1s all\u00e1 del tiempo.<\/p>\n<p><strong>Ideal para amantes de los gatos, las novelas conmovedoras y las historias que llegan al coraz\u00f3n.<\/strong><\/p>\n","protected":false},"excerpt":{"rendered":"<p>SHIMENO, NAGI<\/p>\n","protected":false},"featured_media":1014065,"template":"","meta":{"_acf_changed":false,"om_disable_all_campaigns":false,"rs_blank_template":"","rs_page_bg_color":"","slide_template_v7":"","inline_featured_image":false,"_monsterinsights_skip_tracking":false,"_monsterinsights_sitenote_active":false,"_monsterinsights_sitenote_note":"","_monsterinsights_sitenote_category":0},"product_brand":[],"product_cat":[127,357],"product_tag":[],"class_list":{"0":"post-1013641","1":"product","2":"type-product","3":"status-publish","4":"has-post-thumbnail","6":"product_cat-novella-contemporania","7":"product_cat-novela-contemporanea","9":"first","10":"instock","11":"taxable","12":"shipping-taxable","13":"purchasable","14":"product-type-simple"},"acf":{"autor":"SHIMENO, NAGI","codart":"841035913","libros-coleccion":"FORA DE COL.LECCI\u00d3","ediciones":"1","encuadernacion":"Carton\u00e9","fecha_de_publicacion":"01\/03\/2025","novedad":"1","paginas":"0","subtitulo":"","orden":"0","portada":"0","idioma":"spa","editorial":[{"ID":989222,"post_author":"3","post_date":"2024-10-31 13:15:45","post_date_gmt":"2024-10-31 12:15:45","post_content":"","post_title":"NEWTON COMPTON","post_excerpt":"","post_status":"publish","comment_status":"closed","ping_status":"closed","post_password":"","post_name":"newton-compton","to_ping":"","pinged":"","post_modified":"2024-10-31 13:15:45","post_modified_gmt":"2024-10-31 12:15:45","post_content_filtered":"","post_parent":0,"guid":"https:\/\/www.claret.cat\/editorial\/newton-compton\/","menu_order":0,"post_type":"editorial","post_mime_type":"","comment_count":"0","filter":"raw"}]},"aioseo_notices":[],"_links":{"self":[{"href":"https:\/\/www.claret.cat\/es\/wp-json\/wp\/v2\/product\/1013641","targetHints":{"allow":["GET"]}}],"collection":[{"href":"https:\/\/www.claret.cat\/es\/wp-json\/wp\/v2\/product"}],"about":[{"href":"https:\/\/www.claret.cat\/es\/wp-json\/wp\/v2\/types\/product"}],"wp:featuredmedia":[{"embeddable":true,"href":"https:\/\/www.claret.cat\/es\/wp-json\/wp\/v2\/media\/1014065"}],"wp:attachment":[{"href":"https:\/\/www.claret.cat\/es\/wp-json\/wp\/v2\/media?parent=1013641"}],"wp:term":[{"taxonomy":"product_brand","embeddable":true,"href":"https:\/\/www.claret.cat\/es\/wp-json\/wp\/v2\/product_brand?post=1013641"},{"taxonomy":"product_cat","embeddable":true,"href":"https:\/\/www.claret.cat\/es\/wp-json\/wp\/v2\/product_cat?post=1013641"},{"taxonomy":"product_tag","embeddable":true,"href":"https:\/\/www.claret.cat\/es\/wp-json\/wp\/v2\/product_tag?post=1013641"}],"curies":[{"name":"wp","href":"https:\/\/api.w.org\/{rel}","templated":true}]}}