{"id":1013675,"date":"2025-03-25T13:15:23","date_gmt":"2025-03-25T12:15:23","guid":{"rendered":"https:\/\/www.claret.cat\/llibre\/apren-a-llegir-amb-els-detectius-pocazooltes-6-la-sort-del-drac-9791387519346\/"},"modified":"2025-10-20T21:13:03","modified_gmt":"2025-10-20T19:13:03","slug":"apren-a-llegir-amb-els-detectius-pocazooltes-6-la-sort-del-drac-9791387519346","status":"publish","type":"product","link":"https:\/\/www.claret.cat\/es\/libro\/apren-a-llegir-amb-els-detectius-pocazooltes-6-la-sort-del-drac-9791387519346\/","title":{"rendered":"APR\u00c9N A LLEGIR AMB ELS DETECTIUS POCA-ZOOLTES 6. LA SORT DEL DRAC"},"content":{"rendered":"<p>Mar Benegas, una de les autores de llibres infantils m\u00e9s rellevants del pa\u00eds, presenta la seva col\u00b7lecci\u00f3 de llibres per APRENDRE A LLEGIR.<br \/> Inclou p\u00e0gines desplegables perqu\u00e8 els petits aprenents de lectors tri\u00efn el seu final!<br \/> Oh, no! El Drac est\u00e0 molt preocupat perqu\u00e8 ha perdut la sort i l&#8221;ha de trobar abans de l&#8221;Any Nou Xin\u00e8s.<br \/> La Riota, el Ratpet i el Garr\u00ed, investigant les pistes, aconseguiran resoldre el misteri. Treu la teva lupa de detectiu i ajuda&#8221;ls! \u00a0<br \/> I, com sempre, joc, diversi\u00f3, pistes i el doble final per animar els m\u00e9s petits a llegir.\u00a0<br \/> PER QU\u00c8 ELS POCA-ZOOLTES \u00c9S LA MILLOR COL\u00b7LECCI\u00d3 PER APRENDRE A LLEGIR?<br \/> -Lletra maj\u00fascula + text rimat.<br \/> -Mar Benegas\u00a0\u00e9s una de les m\u00e9s grans promotores de la lectura al pa\u00eds. Amb la seva tasca incansable i la seva experi\u00e8ncia aconsegueix que milers de nens i nenes quedin captivats per la m\u00e0gia de la lectura.<br \/> -Rimes originals creades per l&#8221;autora. Tot plegat pensat perqu\u00e8 els nens i les nenes a partir de 5 anys es puguin aproximar al seu ritme al coneixement de les lletres, les paraules, les frases i s&#8221;inici\u00efn en la lectura aut\u00f2noma.<br \/> -Cont\u00e9 unes p\u00e0gines desplegables on podran triar entre dues opcions quin final volen: el seu primer TRIA LA TEVA AVENTURA!<br \/> -Uns protagonistes molt originals:\u00a0un ratpenat, una hiena i un porc, tres animals ben poc habituals en els llibres infantils, per\u00f2 que faran que els nens i les nenes es petin de riure amb el seu humor esbojarrat i surrealista.<br \/> -Inclou\u00a0divertides activitats\u00a0relacionades amb les lletres, les paraules i l&#8221;aventura que acaben de llegir.<\/p>\n","protected":false},"excerpt":{"rendered":"<p>BENEGAS, MAR<\/p>\n","protected":false},"featured_media":1058459,"template":"","meta":{"_acf_changed":false,"om_disable_all_campaigns":false,"rs_blank_template":"","rs_page_bg_color":"","slide_template_v7":"","inline_featured_image":false,"_monsterinsights_skip_tracking":false,"_monsterinsights_sitenote_active":false,"_monsterinsights_sitenote_note":"","_monsterinsights_sitenote_category":0},"product_brand":[],"product_cat":[132,362],"product_tag":[],"class_list":{"0":"post-1013675","1":"product","2":"type-product","3":"status-publish","4":"has-post-thumbnail","6":"product_cat-lectures-per-preadolescents-6-12-anys","7":"product_cat-libros-preadolescentes-6-12-anos","9":"first","10":"instock","11":"taxable","12":"shipping-taxable","13":"purchasable","14":"product-type-simple"},"acf":{"autor":"BENEGAS, MAR","codart":"138751934","libros-coleccion":"Primers lectors","ediciones":"1","encuadernacion":"R\u00fastica","fecha_de_publicacion":"01\/03\/2025","novedad":"1","paginas":"24","subtitulo":"","orden":"0","portada":"0","idioma":"cat","editorial":[{"ID":6249,"post_author":"3","post_date":"2022-07-28 17:48:09","post_date_gmt":"2022-07-28 15:48:09","post_content":"","post_title":"Estrella Polar","post_excerpt":"","post_status":"publish","comment_status":"closed","ping_status":"closed","post_password":"","post_name":"estrella-polar","to_ping":"","pinged":"","post_modified":"2022-07-28 17:48:09","post_modified_gmt":"2022-07-28 15:48:09","post_content_filtered":"","post_parent":0,"guid":"http:\/\/dev.claret.cat\/editorial\/estrella-polar\/","menu_order":0,"post_type":"editorial","post_mime_type":"","comment_count":"0","filter":"raw"}],"booktrailer":"","resenas":""},"aioseo_notices":[],"_links":{"self":[{"href":"https:\/\/www.claret.cat\/es\/wp-json\/wp\/v2\/product\/1013675","targetHints":{"allow":["GET"]}}],"collection":[{"href":"https:\/\/www.claret.cat\/es\/wp-json\/wp\/v2\/product"}],"about":[{"href":"https:\/\/www.claret.cat\/es\/wp-json\/wp\/v2\/types\/product"}],"wp:featuredmedia":[{"embeddable":true,"href":"https:\/\/www.claret.cat\/es\/wp-json\/wp\/v2\/media\/1058459"}],"wp:attachment":[{"href":"https:\/\/www.claret.cat\/es\/wp-json\/wp\/v2\/media?parent=1013675"}],"wp:term":[{"taxonomy":"product_brand","embeddable":true,"href":"https:\/\/www.claret.cat\/es\/wp-json\/wp\/v2\/product_brand?post=1013675"},{"taxonomy":"product_cat","embeddable":true,"href":"https:\/\/www.claret.cat\/es\/wp-json\/wp\/v2\/product_cat?post=1013675"},{"taxonomy":"product_tag","embeddable":true,"href":"https:\/\/www.claret.cat\/es\/wp-json\/wp\/v2\/product_tag?post=1013675"}],"curies":[{"name":"wp","href":"https:\/\/api.w.org\/{rel}","templated":true}]}}