{"id":1013700,"date":"2025-03-25T13:45:02","date_gmt":"2025-03-25T12:45:02","guid":{"rendered":"https:\/\/www.claret.cat\/llibre\/cocina-casera-tailandesa-9788419043580\/"},"modified":"2025-03-25T16:31:48","modified_gmt":"2025-03-25T15:31:48","slug":"cocina-casera-tailandesa-9788419043580","status":"publish","type":"product","link":"https:\/\/www.claret.cat\/es\/libro\/cocina-casera-tailandesa-9788419043580\/","title":{"rendered":"COCINA CASERA TAILANDESA"},"content":{"rendered":"<p>Ad\u00e9ntrate en la cocina tailandesa aut\u00e9ntica y descubre 100 recetas sencillas,<br \/> sorprendentes y con sabores extraordinarios. Aprende el arte del plegado de hojas<br \/> de pl\u00e1tano, a combinar especias para obtener las mejores pastas de curri o c\u00f3mo<br \/> preparar arroz glutionoso, entre otros muchos platos tradicionales y emblem\u00e1ticos.<br \/> En las p\u00e1ginas de este libro encontrar\u00e1s los secretos de una de las gastronom\u00edas<br \/> m\u00e1s coloridas y saborosas del mundo: po pia thot, el tigre que llora, curri de la selva,<br \/> pad thai, tom kha gai, cerdo caramelizado, flan de taro, helado de leche de coco,<br \/> pastel de arroz glutinoso negro&#x2026;<br \/> 100 recetas que te llevar\u00e1n al coraz\u00f3n de la cocina tailandesa.<\/p>\n","protected":false},"excerpt":{"rendered":"<p>SOUKSISAVANH, ORATHAY<\/p>\n","protected":false},"featured_media":1013827,"template":"","meta":{"_acf_changed":false,"om_disable_all_campaigns":false,"rs_blank_template":"","rs_page_bg_color":"","slide_template_v7":"","inline_featured_image":false,"_monsterinsights_skip_tracking":false,"_monsterinsights_sitenote_active":false,"_monsterinsights_sitenote_note":"","_monsterinsights_sitenote_category":0},"product_brand":[],"product_cat":[553,103],"product_tag":[],"class_list":{"0":"post-1013700","1":"product","2":"type-product","3":"status-publish","4":"has-post-thumbnail","6":"product_cat-cocina","7":"product_cat-cuina","9":"first","10":"instock","11":"taxable","12":"shipping-taxable","13":"purchasable","14":"product-type-simple"},"acf":{"autor":"SOUKSISAVANH, ORATHAY","codart":"841904358","libros-coleccion":"FORA DE COL.LECCI\u00d3","ediciones":"1","encuadernacion":"Carton\u00e9","fecha_de_publicacion":"01\/11\/2024","novedad":"1","paginas":"267","subtitulo":"100 RECETAS, T\u00c9CNICAS, Y CONSEJOS PARA QUE COCINESEN CASA COMO EN TAILANDIA","orden":"0","portada":"0","idioma":"spa","editorial":[{"ID":147626,"post_author":"3","post_date":"2022-10-14 11:52:01","post_date_gmt":"2022-10-14 09:52:01","post_content":"","post_title":"Cinco Tintas","post_excerpt":"","post_status":"publish","comment_status":"closed","ping_status":"closed","post_password":"","post_name":"cinco-tintas","to_ping":"","pinged":"","post_modified":"2022-10-14 11:52:01","post_modified_gmt":"2022-10-14 09:52:01","post_content_filtered":"","post_parent":0,"guid":"http:\/\/dev.claret.cat\/editorial\/cinco-tintas\/","menu_order":0,"post_type":"editorial","post_mime_type":"","comment_count":"0","filter":"raw"}]},"aioseo_notices":[],"_links":{"self":[{"href":"https:\/\/www.claret.cat\/es\/wp-json\/wp\/v2\/product\/1013700","targetHints":{"allow":["GET"]}}],"collection":[{"href":"https:\/\/www.claret.cat\/es\/wp-json\/wp\/v2\/product"}],"about":[{"href":"https:\/\/www.claret.cat\/es\/wp-json\/wp\/v2\/types\/product"}],"wp:featuredmedia":[{"embeddable":true,"href":"https:\/\/www.claret.cat\/es\/wp-json\/wp\/v2\/media\/1013827"}],"wp:attachment":[{"href":"https:\/\/www.claret.cat\/es\/wp-json\/wp\/v2\/media?parent=1013700"}],"wp:term":[{"taxonomy":"product_brand","embeddable":true,"href":"https:\/\/www.claret.cat\/es\/wp-json\/wp\/v2\/product_brand?post=1013700"},{"taxonomy":"product_cat","embeddable":true,"href":"https:\/\/www.claret.cat\/es\/wp-json\/wp\/v2\/product_cat?post=1013700"},{"taxonomy":"product_tag","embeddable":true,"href":"https:\/\/www.claret.cat\/es\/wp-json\/wp\/v2\/product_tag?post=1013700"}],"curies":[{"name":"wp","href":"https:\/\/api.w.org\/{rel}","templated":true}]}}