{"id":1013714,"date":"2025-03-25T14:01:31","date_gmt":"2025-03-25T13:01:31","guid":{"rendered":"https:\/\/www.claret.cat\/llibre\/missa-et-mensasecrets-de-la-cuina-de-convent-9788487023859\/"},"modified":"2026-04-15T12:05:19","modified_gmt":"2026-04-15T10:05:19","slug":"missa-et-mensasecrets-de-la-cuina-de-convent-9788487023859","status":"publish","type":"product","link":"https:\/\/www.claret.cat\/es\/libro\/missa-et-mensasecrets-de-la-cuina-de-convent-9788487023859\/","title":{"rendered":"MISSA ET MENSA:SECRETS DE LA CUINA DE CONVENT"},"content":{"rendered":"<p>Els convents caputxins van forjar durant segles una tradici\u00f3 culin\u00e0ria singular, marcada per l&#8217;austeritat i uns trets gastron\u00f2mics \u00fanics. A Missa et mensa, Fra Valent\u00ed Serra ens endinsa en monestirs, cuines i refetors per descobrir, a trav\u00e9s dels \u00e0pats m\u00e9s emblem\u00e0tics dels frares caputxins, la seva forma de vida i el seu llegat hist\u00f2ric. Amb una mirada que abasta des del coneixement culinari i agr\u00edcola fins al context social i pol\u00edtic, aquest llibre revela l&#8217;origen d&#8217;alguns plats que avui considerem tradicionals. El receptari caputx\u00ed es converteix aix\u00ed en font d&#8217;inspiraci\u00f3 per a una cuina contempor\u00e0nia basada en els productes de temporada, l&#8217;aprofitament dels recursos i la proximitat.<\/p>\n","protected":false},"excerpt":{"rendered":"<p>SERRA DE MANRESA, FRA VALENTI<\/p>\n","protected":false},"featured_media":1013872,"template":"","meta":{"_acf_changed":false,"om_disable_all_campaigns":false,"rs_blank_template":"","rs_page_bg_color":"","slide_template_v7":"","inline_featured_image":false,"_monsterinsights_skip_tracking":false,"_monsterinsights_sitenote_active":false,"_monsterinsights_sitenote_note":"","_monsterinsights_sitenote_category":0},"product_brand":[],"product_cat":[307,553,103],"product_tag":[],"class_list":{"0":"post-1013714","1":"product","2":"type-product","3":"status-publish","4":"has-post-thumbnail","6":"product_cat-catala","7":"product_cat-cocina","8":"product_cat-cuina","10":"first","11":"instock","12":"taxable","13":"shipping-taxable","14":"purchasable","15":"product-type-simple"},"acf":{"autor":"SERRA DE MANRESA, FRA VALENTI","codart":"848702385","libros-coleccion":"FORA DE COL.LECCI\u00d3","ediciones":"1","encuadernacion":"Carpeta","fecha_de_publicacion":"01\/03\/2025","novedad":"1","paginas":"157","subtitulo":"","orden":"11","portada":"0","idioma":"cat","editorial":[{"ID":963438,"post_author":"3","post_date":"2024-05-03 11:22:44","post_date_gmt":"2024-05-03 09:22:44","post_content":"","post_title":"EDITORIAL ALBADA","post_excerpt":"","post_status":"publish","comment_status":"closed","ping_status":"closed","post_password":"","post_name":"editorial-albada","to_ping":"","pinged":"","post_modified":"2024-05-03 11:22:44","post_modified_gmt":"2024-05-03 09:22:44","post_content_filtered":"","post_parent":0,"guid":"https:\/\/www.claret.cat\/editorial\/editorial-albada\/","menu_order":0,"post_type":"editorial","post_mime_type":"","comment_count":"0","filter":"raw"}],"booktrailer":"","resenas":"","linkebook":"","ficha":"","muestra":"","precioebook":"0","presentacion":""},"aioseo_notices":[],"_links":{"self":[{"href":"https:\/\/www.claret.cat\/es\/wp-json\/wp\/v2\/product\/1013714","targetHints":{"allow":["GET"]}}],"collection":[{"href":"https:\/\/www.claret.cat\/es\/wp-json\/wp\/v2\/product"}],"about":[{"href":"https:\/\/www.claret.cat\/es\/wp-json\/wp\/v2\/types\/product"}],"wp:featuredmedia":[{"embeddable":true,"href":"https:\/\/www.claret.cat\/es\/wp-json\/wp\/v2\/media\/1013872"}],"wp:attachment":[{"href":"https:\/\/www.claret.cat\/es\/wp-json\/wp\/v2\/media?parent=1013714"}],"wp:term":[{"taxonomy":"product_brand","embeddable":true,"href":"https:\/\/www.claret.cat\/es\/wp-json\/wp\/v2\/product_brand?post=1013714"},{"taxonomy":"product_cat","embeddable":true,"href":"https:\/\/www.claret.cat\/es\/wp-json\/wp\/v2\/product_cat?post=1013714"},{"taxonomy":"product_tag","embeddable":true,"href":"https:\/\/www.claret.cat\/es\/wp-json\/wp\/v2\/product_tag?post=1013714"}],"curies":[{"name":"wp","href":"https:\/\/api.w.org\/{rel}","templated":true}]}}