{"id":1013759,"date":"2025-03-25T15:45:33","date_gmt":"2025-03-25T14:45:33","guid":{"rendered":"https:\/\/www.claret.cat\/llibre\/lionel-messi-9788413615318\/"},"modified":"2025-04-23T19:06:12","modified_gmt":"2025-04-23T17:06:12","slug":"lionel-messi-9788413615318","status":"publish","type":"product","link":"https:\/\/www.claret.cat\/es\/libro\/lionel-messi-9788413615318\/","title":{"rendered":"LIONEL MESSI"},"content":{"rendered":"<p>Deixa que el mateix Lionel Messi t\u2019expliqui la seva vida en primera persona i com si fos un divertit conte il\u00b7lustrat.<\/p>\n<p> Qu\u00e8 trobar\u00e0s en aquest llibre?<br \/> La biografia de Lionel Messi explicada en primera persona i com si fos un conte per a nens i nenes d\u2019entre 5 i 8 anys.<br \/> Els valors que van inspirar al personatge al llarg de la seva hist\u00f2ria.<br \/> Per saber-ne m\u00e9s: una secci\u00f3 amb informaci\u00f3 complement\u00e0ria sobre Messi, les seves fites i la seva repercussi\u00f3 en el m\u00f3n.<br \/> Una edici\u00f3 acurada, amb il\u00b7lustracions precioses i enquadernada amb tapa dura.<\/p>\n<p> ***DESCOBREIX EL CONTINGUT I LES ACTIVITATS EXTRA***<br \/> Escaneja els codis QR que trobar\u00e0s a l\u2019interior del llibre i gaudeix de contingut exclusiu per continuar aprenent.<br \/> Un v\u00eddeo amb la versi\u00f3 animada del conte al canal de YouTube.<br \/> Passatemps, quizzes, exercicis i activitats per divertir-te a casa o a classe.<\/p>\n<p> Amb la col\u00b7lecci\u00f3 Els meus petits herois descobrir\u00e0s la forma m\u00e9s divertida de con\u00e8ixer als grans personatges de la hist\u00f2ria i aprendre els valors que els van inspirar.<\/p>\n","protected":false},"excerpt":{"rendered":"<p>AC\u00cdN, EDUARDO<\/p>\n","protected":false},"featured_media":1013760,"template":"","meta":{"_acf_changed":false,"om_disable_all_campaigns":false,"rs_blank_template":"","rs_page_bg_color":"","slide_template_v7":"","inline_featured_image":false,"_monsterinsights_skip_tracking":false,"_monsterinsights_sitenote_active":false,"_monsterinsights_sitenote_note":"","_monsterinsights_sitenote_category":0},"product_brand":[],"product_cat":[132,362],"product_tag":[],"class_list":{"0":"post-1013759","1":"product","2":"type-product","3":"status-publish","4":"has-post-thumbnail","6":"product_cat-lectures-per-preadolescents-6-12-anys","7":"product_cat-libros-preadolescentes-6-12-anos","9":"first","10":"instock","11":"taxable","12":"shipping-taxable","13":"purchasable","14":"product-type-simple"},"acf":{"autor":"AC\u00cdN, EDUARDO","codart":"841361531","libros-coleccion":"ELS MEUS PETITS HEROIS","ediciones":"1","encuadernacion":"Carton\u00e9","fecha_de_publicacion":"01\/02\/2025","novedad":"1","paginas":"32","subtitulo":"EL MILLOR FUTBOLISTA DEL M\u00d3N \/ LLIBRE INFANTIL AMB JOCS I ACTIVITATS EXTRA \/ CON","orden":"0","portada":"0","idioma":"cat","editorial":[{"ID":148810,"post_author":"3","post_date":"2022-10-14 12:01:10","post_date_gmt":"2022-10-14 10:01:10","post_content":"","post_title":"SHACKLETON BOOKS","post_excerpt":"","post_status":"publish","comment_status":"closed","ping_status":"closed","post_password":"","post_name":"shackleton-books","to_ping":"","pinged":"","post_modified":"2022-10-14 12:01:10","post_modified_gmt":"2022-10-14 10:01:10","post_content_filtered":"","post_parent":0,"guid":"http:\/\/dev.claret.cat\/editorial\/shackleton-books\/","menu_order":0,"post_type":"editorial","post_mime_type":"","comment_count":"0","filter":"raw"}],"booktrailer":"","resenas":""},"aioseo_notices":[],"_links":{"self":[{"href":"https:\/\/www.claret.cat\/es\/wp-json\/wp\/v2\/product\/1013759","targetHints":{"allow":["GET"]}}],"collection":[{"href":"https:\/\/www.claret.cat\/es\/wp-json\/wp\/v2\/product"}],"about":[{"href":"https:\/\/www.claret.cat\/es\/wp-json\/wp\/v2\/types\/product"}],"wp:featuredmedia":[{"embeddable":true,"href":"https:\/\/www.claret.cat\/es\/wp-json\/wp\/v2\/media\/1013760"}],"wp:attachment":[{"href":"https:\/\/www.claret.cat\/es\/wp-json\/wp\/v2\/media?parent=1013759"}],"wp:term":[{"taxonomy":"product_brand","embeddable":true,"href":"https:\/\/www.claret.cat\/es\/wp-json\/wp\/v2\/product_brand?post=1013759"},{"taxonomy":"product_cat","embeddable":true,"href":"https:\/\/www.claret.cat\/es\/wp-json\/wp\/v2\/product_cat?post=1013759"},{"taxonomy":"product_tag","embeddable":true,"href":"https:\/\/www.claret.cat\/es\/wp-json\/wp\/v2\/product_tag?post=1013759"}],"curies":[{"name":"wp","href":"https:\/\/api.w.org\/{rel}","templated":true}]}}