{"id":1013822,"date":"2025-03-25T16:31:11","date_gmt":"2025-03-25T15:31:11","guid":{"rendered":"https:\/\/www.claret.cat\/llibre\/romper-el-circulo-it-ends-with-us-ed-especial-con-cantos-tintados-9788408300472\/"},"modified":"2025-04-22T17:57:33","modified_gmt":"2025-04-22T15:57:33","slug":"romper-el-circulo-it-ends-with-us-ed-especial-con-cantos-tintados-9788408300472","status":"publish","type":"product","link":"https:\/\/www.claret.cat\/es\/libro\/romper-el-circulo-it-ends-with-us-ed-especial-con-cantos-tintados-9788408300472\/","title":{"rendered":"ROMPER EL C\u00cdRCULO (IT ENDS WITH US) ED. ESPECIAL CON CANTOS TINTADOS"},"content":{"rendered":"<p>Una edici\u00f3n especial con cantos tintados que incluye una conversaci\u00f3n entre Colleen Hoover y su madre, Vannoy, cuya historia personal inspir\u00f3 Romper el c\u00edrculo.A veces, quien m\u00e1s te quiere es qui\u00e9n m\u00e1s da\u00f1o te hace.<\/p>\n<p> Lily no siempre lo ha tenido f\u00e1cil. Por eso, su id\u00edlica relaci\u00f3n con un magn\u00edfico neurocirujano llamado Ryle Kincaid, parece demasiado buena para ser verdad. Cuando Atlas, su primer amor, reaparece repentinamente y Ryle comienza a mostrar su verdadera cara, todo lo que Lily ha construido con \u00e9l se ve amenazado.<\/p>\n","protected":false},"excerpt":{"rendered":"<p>HOOVER, COLLEEN<\/p>\n","protected":false},"featured_media":1013949,"template":"","meta":{"_acf_changed":false,"om_disable_all_campaigns":false,"rs_blank_template":"","rs_page_bg_color":"","slide_template_v7":"","inline_featured_image":false,"_monsterinsights_skip_tracking":false,"_monsterinsights_sitenote_active":false,"_monsterinsights_sitenote_note":"","_monsterinsights_sitenote_category":0},"product_brand":[],"product_cat":[127,357],"product_tag":[],"class_list":{"0":"post-1013822","1":"product","2":"type-product","3":"status-publish","4":"has-post-thumbnail","6":"product_cat-novella-contemporania","7":"product_cat-novela-contemporanea","9":"first","10":"instock","11":"taxable","12":"shipping-taxable","13":"purchasable","14":"product-type-simple"},"acf":{"autor":"HOOVER, COLLEEN","codart":"840830047","libros-coleccion":"Planeta Internacional","ediciones":"1","encuadernacion":"Carton\u00e9","fecha_de_publicacion":"01\/03\/2025","novedad":"1","paginas":"432","subtitulo":"INCLUYE CONTENIDO EXCLUSIVO","orden":"0","portada":"0","idioma":"spa","editorial":[{"ID":6233,"post_author":"3","post_date":"2022-07-28 17:47:48","post_date_gmt":"2022-07-28 15:47:48","post_content":"","post_title":"EDITORIAL PLANETA","post_excerpt":"","post_status":"publish","comment_status":"closed","ping_status":"closed","post_password":"","post_name":"editorial-planeta","to_ping":"","pinged":"","post_modified":"2022-07-28 17:47:48","post_modified_gmt":"2022-07-28 15:47:48","post_content_filtered":"","post_parent":0,"guid":"http:\/\/dev.claret.cat\/editorial\/editorial-planeta\/","menu_order":0,"post_type":"editorial","post_mime_type":"","comment_count":"0","filter":"raw"}],"booktrailer":"","resenas":""},"aioseo_notices":[],"_links":{"self":[{"href":"https:\/\/www.claret.cat\/es\/wp-json\/wp\/v2\/product\/1013822","targetHints":{"allow":["GET"]}}],"collection":[{"href":"https:\/\/www.claret.cat\/es\/wp-json\/wp\/v2\/product"}],"about":[{"href":"https:\/\/www.claret.cat\/es\/wp-json\/wp\/v2\/types\/product"}],"wp:featuredmedia":[{"embeddable":true,"href":"https:\/\/www.claret.cat\/es\/wp-json\/wp\/v2\/media\/1013949"}],"wp:attachment":[{"href":"https:\/\/www.claret.cat\/es\/wp-json\/wp\/v2\/media?parent=1013822"}],"wp:term":[{"taxonomy":"product_brand","embeddable":true,"href":"https:\/\/www.claret.cat\/es\/wp-json\/wp\/v2\/product_brand?post=1013822"},{"taxonomy":"product_cat","embeddable":true,"href":"https:\/\/www.claret.cat\/es\/wp-json\/wp\/v2\/product_cat?post=1013822"},{"taxonomy":"product_tag","embeddable":true,"href":"https:\/\/www.claret.cat\/es\/wp-json\/wp\/v2\/product_tag?post=1013822"}],"curies":[{"name":"wp","href":"https:\/\/api.w.org\/{rel}","templated":true}]}}