{"id":1013854,"date":"2025-03-25T16:35:15","date_gmt":"2025-03-25T15:35:15","guid":{"rendered":"https:\/\/www.claret.cat\/llibre\/envejeces-o-rejuveneces-9788413444024\/"},"modified":"2025-03-25T17:42:14","modified_gmt":"2025-03-25T16:42:14","slug":"envejeces-o-rejuveneces-9788413444024","status":"publish","type":"product","link":"https:\/\/www.claret.cat\/es\/libro\/envejeces-o-rejuveneces-9788413444024\/","title":{"rendered":"\u00bfENVEJECES O REJUVENECES?"},"content":{"rendered":"<p>Dale vida a los a\u00f1os y no s\u00f3lo a\u00f1os a la vidaPiensa en envejecer. \u00bfQu\u00e9 imagen te viene a la mente? \u00bfUna etapa vital dorada y activa en movimiento, disfrutando con tus amigos y entrenando cuerpo y mente? \u00bfO m\u00e1s bien asocias la palabra envejecimiento a fragilidad, p\u00e9rdidas o impotencia?<br \/> Pues has de saber que el envejecimiento org\u00e1nico comienza mucho antes de que lo veamos por fuera o lo sintamos por dentro. No es algo que \u00abte sucede\u00bb sin remedio de un d\u00eda para otro. De hecho, puedes optar por rejuvenecer mientras cumples a\u00f1os. Depende de tus decisiones: la longevidad saludable no es un mito, sino una realidad al alcance de tu mano, si conoces las herramientas adecuadas.<br \/> En este nuevo libro, la Dra. Sari Arponen explora los conceptos de edad, salud y envejecimiento desde nuestras ra\u00edces evolutivas hasta los \u00faltimos avances en c\u00e9lulas madre o terapias g\u00e9nicas. Profundiza en una reflexi\u00f3n honesta, incluso inc\u00f3moda, sobre c\u00f3mo percibimos la muerte y nuestra humanidad.\u00a0<br \/> M\u00e1s all\u00e1 de la teor\u00eda, en estas p\u00e1ginas encontrar\u00e1s pautas concretas y realistas para una larga vida repleta de bienestar: consejos sobre alimentaci\u00f3n, suplementaci\u00f3n, ejercicio y otras estrategias menos conocidas que puedes poner en pr\u00e1ctica hoy mismo. Para vivir mejor ma\u00f1ana, cada decisi\u00f3n que tomas hoy cuenta.<\/p>\n","protected":false},"excerpt":{"rendered":"<p>ARPONEN, SARI<\/p>\n","protected":false},"featured_media":1013855,"template":"","meta":{"_acf_changed":false,"om_disable_all_campaigns":false,"rs_blank_template":"","rs_page_bg_color":"","slide_template_v7":"","inline_featured_image":false,"_monsterinsights_skip_tracking":false,"_monsterinsights_sitenote_active":false,"_monsterinsights_sitenote_note":"","_monsterinsights_sitenote_category":0},"product_brand":[],"product_cat":[547,97],"product_tag":[],"class_list":{"0":"post-1013854","1":"product","2":"type-product","3":"status-publish","4":"has-post-thumbnail","6":"product_cat-salud","7":"product_cat-salut","9":"first","10":"instock","11":"taxable","12":"shipping-taxable","13":"purchasable","14":"product-type-simple"},"acf":{"autor":"ARPONEN, SARI","codart":"841344402","libros-coleccion":"","ediciones":"1","encuadernacion":"R\u00fastica","fecha_de_publicacion":"01\/03\/2025","novedad":"1","paginas":"448","subtitulo":"AVERIGUA LAS CLAVES PARA CUMPLIR A\u00d1OS CON ENERG\u00cdA Y SALUD","orden":"0","portada":"0","idioma":"spa","editorial":[{"ID":147400,"post_author":"3","post_date":"2022-10-14 11:50:17","post_date_gmt":"2022-10-14 09:50:17","post_content":"","post_title":"ALIENTA EDITORIAL","post_excerpt":"","post_status":"publish","comment_status":"closed","ping_status":"closed","post_password":"","post_name":"alienta-editorial","to_ping":"","pinged":"","post_modified":"2022-10-14 11:50:17","post_modified_gmt":"2022-10-14 09:50:17","post_content_filtered":"","post_parent":0,"guid":"http:\/\/dev.claret.cat\/editorial\/alienta-editorial\/","menu_order":0,"post_type":"editorial","post_mime_type":"","comment_count":"0","filter":"raw"}]},"aioseo_notices":[],"_links":{"self":[{"href":"https:\/\/www.claret.cat\/es\/wp-json\/wp\/v2\/product\/1013854","targetHints":{"allow":["GET"]}}],"collection":[{"href":"https:\/\/www.claret.cat\/es\/wp-json\/wp\/v2\/product"}],"about":[{"href":"https:\/\/www.claret.cat\/es\/wp-json\/wp\/v2\/types\/product"}],"wp:featuredmedia":[{"embeddable":true,"href":"https:\/\/www.claret.cat\/es\/wp-json\/wp\/v2\/media\/1013855"}],"wp:attachment":[{"href":"https:\/\/www.claret.cat\/es\/wp-json\/wp\/v2\/media?parent=1013854"}],"wp:term":[{"taxonomy":"product_brand","embeddable":true,"href":"https:\/\/www.claret.cat\/es\/wp-json\/wp\/v2\/product_brand?post=1013854"},{"taxonomy":"product_cat","embeddable":true,"href":"https:\/\/www.claret.cat\/es\/wp-json\/wp\/v2\/product_cat?post=1013854"},{"taxonomy":"product_tag","embeddable":true,"href":"https:\/\/www.claret.cat\/es\/wp-json\/wp\/v2\/product_tag?post=1013854"}],"curies":[{"name":"wp","href":"https:\/\/api.w.org\/{rel}","templated":true}]}}