{"id":1014079,"date":"2025-03-26T12:50:02","date_gmt":"2025-03-26T11:50:02","guid":{"rendered":"https:\/\/www.claret.cat\/llibre\/larrencada-del-ferrocarril-a-barcelona-18001850-9788491566229\/"},"modified":"2025-03-26T13:47:55","modified_gmt":"2025-03-26T12:47:55","slug":"larrencada-del-ferrocarril-a-barcelona-18001850-9788491566229","status":"publish","type":"product","link":"https:\/\/www.claret.cat\/es\/libro\/larrencada-del-ferrocarril-a-barcelona-18001850-9788491566229\/","title":{"rendered":"L&#8221;ARRENCADA DEL FERROCARRIL A BARCELONA, 1800-1850"},"content":{"rendered":"<p>La inauguraci\u00f3 de la l\u00ednia ferrovi\u00e0ria de Matar\u00f3, l\u2019any 1848, representa l\u2019entrada a l\u2019era del ferrocarril de Barcelona i, per extensi\u00f3, de tota la pen\u00ednsula Ib\u00e8rica. Tanmateix, ja l\u2019any 1800 s\u2019havia assajat a la mateixa Rambla un sistema de transport sobre carrils, el \u201ccanal en sec\u201d, concebut pel cient\u00edfic barcelon\u00ed Francesc Salv\u00e0 i Campillo com a alternativa als canals de navegaci\u00f3. <br \/> El canal en sec de Salv\u00e0 i el \u201ccarril\u201d de Matar\u00f3 s\u00f3n, doncs, les fites que emmarquen l\u2019arrencada del ferrocarril a Barcelona, per b\u00e9 que revelen els contrastos que experimentava la ciutat mentre Europa i Am\u00e8rica vivien la revoluci\u00f3 del transport dels segles XVIII i XIX. L\u2019experiment de Salv\u00e0 s\u2019avan\u00e7ava quatre d\u00e8cades al debat sobre la substituci\u00f3 dels canals de navegaci\u00f3 pel ferrocarril.<br \/> El Barcelona-Matar\u00f3, en canvi, es va construir amb tecnologia i capital importats d\u2019Anglaterra i va arribar quan pr\u00e0cticament tots els pa\u00efsos d\u2019Europa occidental havien posat en marxa les seves primeres l\u00ednies ferrovi\u00e0ries. Sens dubte, aquest decalatge deriva de la crisi econ\u00f2mica i pol\u00edtica de la Barcelona d\u2019aquell temps per\u00f2 no \u00e9s menys cert que aquestes iniciatives mostren una societat oberta al m\u00f3n, connectada amb els mitjans cient\u00edfics i intel\u00b7lectuals europeus i relligada amb altres ciutats d\u2019Europa i Am\u00e8rica a trav\u00e9s del comer\u00e7 mar\u00edtim. Ben mirat, que Barcelona fos testimoni d\u2019un experiment precursor del ferrocarril i tamb\u00e9 de la primera l\u00ednia ferrovi\u00e0ria de la pen\u00ednsula Ib\u00e8rica no \u00e9s pura coincid\u00e8ncia.<\/p>\n","protected":false},"excerpt":{"rendered":"<p>ARMENGOL FERRER, FERRAN<\/p>\n","protected":false},"featured_media":1014233,"template":"","meta":{"_acf_changed":false,"om_disable_all_campaigns":false,"rs_blank_template":"","rs_page_bg_color":"","slide_template_v7":"","inline_featured_image":false,"_monsterinsights_skip_tracking":false,"_monsterinsights_sitenote_active":false,"_monsterinsights_sitenote_note":"","_monsterinsights_sitenote_category":0},"product_brand":[],"product_cat":[430,153],"product_tag":[],"class_list":{"0":"post-1014079","1":"product","2":"type-product","3":"status-publish","4":"has-post-thumbnail","6":"product_cat-cataluna","7":"product_cat-catalunya","9":"first","10":"instock","11":"taxable","12":"shipping-taxable","13":"purchasable","14":"product-type-simple"},"acf":{"autor":"ARMENGOL FERRER, FERRAN","codart":"849156622","libros-coleccion":"FORA DE COL.LECCI\u00d3","ediciones":"1","encuadernacion":"Carton\u00e9","fecha_de_publicacion":"01\/03\/2025","novedad":"1","paginas":"328","subtitulo":"DEL CANAL EN SEC DE LA RAMBLA AL CARRIL DE MATAR\u00d3","orden":"0","portada":"0","idioma":"cat","editorial":[{"ID":6114,"post_author":"3","post_date":"2022-07-28 17:45:12","post_date_gmt":"2022-07-28 15:45:12","post_content":"","post_title":"AJUNTAMENT DE BARCELONA","post_excerpt":"","post_status":"publish","comment_status":"closed","ping_status":"closed","post_password":"","post_name":"ajuntament-de-barcelona","to_ping":"","pinged":"","post_modified":"2022-07-28 17:45:12","post_modified_gmt":"2022-07-28 15:45:12","post_content_filtered":"","post_parent":0,"guid":"http:\/\/dev.claret.cat\/editorial\/ajuntament-de-barcelona\/","menu_order":0,"post_type":"editorial","post_mime_type":"","comment_count":"0","filter":"raw"}]},"aioseo_notices":[],"_links":{"self":[{"href":"https:\/\/www.claret.cat\/es\/wp-json\/wp\/v2\/product\/1014079","targetHints":{"allow":["GET"]}}],"collection":[{"href":"https:\/\/www.claret.cat\/es\/wp-json\/wp\/v2\/product"}],"about":[{"href":"https:\/\/www.claret.cat\/es\/wp-json\/wp\/v2\/types\/product"}],"wp:featuredmedia":[{"embeddable":true,"href":"https:\/\/www.claret.cat\/es\/wp-json\/wp\/v2\/media\/1014233"}],"wp:attachment":[{"href":"https:\/\/www.claret.cat\/es\/wp-json\/wp\/v2\/media?parent=1014079"}],"wp:term":[{"taxonomy":"product_brand","embeddable":true,"href":"https:\/\/www.claret.cat\/es\/wp-json\/wp\/v2\/product_brand?post=1014079"},{"taxonomy":"product_cat","embeddable":true,"href":"https:\/\/www.claret.cat\/es\/wp-json\/wp\/v2\/product_cat?post=1014079"},{"taxonomy":"product_tag","embeddable":true,"href":"https:\/\/www.claret.cat\/es\/wp-json\/wp\/v2\/product_tag?post=1014079"}],"curies":[{"name":"wp","href":"https:\/\/api.w.org\/{rel}","templated":true}]}}