{"id":1014090,"date":"2025-03-26T12:55:37","date_gmt":"2025-03-26T11:55:37","guid":{"rendered":"https:\/\/www.claret.cat\/llibre\/el-rebombori-del-pa-barcelona-1789-9788491566236\/"},"modified":"2025-04-23T18:20:44","modified_gmt":"2025-04-23T16:20:44","slug":"el-rebombori-del-pa-barcelona-1789-9788491566236","status":"publish","type":"product","link":"https:\/\/www.claret.cat\/es\/libro\/el-rebombori-del-pa-barcelona-1789-9788491566236\/","title":{"rendered":"EL REBOMBORI DEL PA. BARCELONA 1789"},"content":{"rendered":"<p>A la Barcelona del 1789, un ban municipal que anunciava la pujada del preu del pa va desfermar una revolta que, durant tres dies, va capgirar la vida de la ciutat i va acabar amb una brutal repressi\u00f3. <br \/> Al nombre elevat de ferits, empresonats i desterrats, es va sumar la condemna de sis persones a la forca; entre elles, Josefa Vilaret. Perqu\u00e8, segons diuen les cr\u00f2niques, les dones van tenir un paper destacat en la protesta. &#8216;Y quien empesso toda la bulla fueron las mugeres&#8217;, va escriure Ramon Cornet.<br \/> Les autoritats van establir fortes mesures de control de la poblaci\u00f3, per\u00f2 tamb\u00e9 van accedir a rebaixar el preu del pa. El Rebombori es va estendre, despr\u00e9s, a altres poblacions de Catalunya i va ser coetani de la Revoluci\u00f3 Francesa.<br \/> Aquest llibre recupera un dels episodis m\u00e9s desconeguts de la hist\u00f2ria de Barcelona i reivindica el protagonisme femen\u00ed en la construcci\u00f3 social de la ciutat.<\/p>\n","protected":false},"excerpt":{"rendered":"<p>SEGURA SORIANO, ISABEL<\/p>\n","protected":false},"featured_media":1014238,"template":"","meta":{"_acf_changed":false,"om_disable_all_campaigns":false,"rs_blank_template":"","rs_page_bg_color":"","slide_template_v7":"","inline_featured_image":false,"_monsterinsights_skip_tracking":false,"_monsterinsights_sitenote_active":false,"_monsterinsights_sitenote_note":"","_monsterinsights_sitenote_category":0},"product_brand":[],"product_cat":[157,370],"product_tag":[],"class_list":{"0":"post-1014090","1":"product","2":"type-product","3":"status-publish","4":"has-post-thumbnail","6":"product_cat-investigacio-i-corrents","7":"product_cat-investigacion-y-corrientes","9":"first","10":"instock","11":"taxable","12":"shipping-taxable","13":"purchasable","14":"product-type-simple"},"acf":{"autor":"SEGURA SORIANO, ISABEL","codart":"849156623","libros-coleccion":"FORA DE COL.LECCI\u00d3","ediciones":"1","encuadernacion":"R\u00fastica","fecha_de_publicacion":"01\/03\/2025","novedad":"1","paginas":"160","subtitulo":"\u201cY QUIEN EMPESSO TODA LA BULLA FUERON LAS MUGERES\u201d","orden":"0","portada":"0","idioma":"cat","editorial":[{"ID":6114,"post_author":"3","post_date":"2022-07-28 17:45:12","post_date_gmt":"2022-07-28 15:45:12","post_content":"","post_title":"AJUNTAMENT DE BARCELONA","post_excerpt":"","post_status":"publish","comment_status":"closed","ping_status":"closed","post_password":"","post_name":"ajuntament-de-barcelona","to_ping":"","pinged":"","post_modified":"2022-07-28 17:45:12","post_modified_gmt":"2022-07-28 15:45:12","post_content_filtered":"","post_parent":0,"guid":"http:\/\/dev.claret.cat\/editorial\/ajuntament-de-barcelona\/","menu_order":0,"post_type":"editorial","post_mime_type":"","comment_count":"0","filter":"raw"}],"booktrailer":"","resenas":""},"aioseo_notices":[],"_links":{"self":[{"href":"https:\/\/www.claret.cat\/es\/wp-json\/wp\/v2\/product\/1014090","targetHints":{"allow":["GET"]}}],"collection":[{"href":"https:\/\/www.claret.cat\/es\/wp-json\/wp\/v2\/product"}],"about":[{"href":"https:\/\/www.claret.cat\/es\/wp-json\/wp\/v2\/types\/product"}],"wp:featuredmedia":[{"embeddable":true,"href":"https:\/\/www.claret.cat\/es\/wp-json\/wp\/v2\/media\/1014238"}],"wp:attachment":[{"href":"https:\/\/www.claret.cat\/es\/wp-json\/wp\/v2\/media?parent=1014090"}],"wp:term":[{"taxonomy":"product_brand","embeddable":true,"href":"https:\/\/www.claret.cat\/es\/wp-json\/wp\/v2\/product_brand?post=1014090"},{"taxonomy":"product_cat","embeddable":true,"href":"https:\/\/www.claret.cat\/es\/wp-json\/wp\/v2\/product_cat?post=1014090"},{"taxonomy":"product_tag","embeddable":true,"href":"https:\/\/www.claret.cat\/es\/wp-json\/wp\/v2\/product_tag?post=1014090"}],"curies":[{"name":"wp","href":"https:\/\/api.w.org\/{rel}","templated":true}]}}