{"id":1014211,"date":"2025-03-26T13:45:01","date_gmt":"2025-03-26T12:45:01","guid":{"rendered":"https:\/\/www.claret.cat\/llibre\/que-es-el-relativismo-9788413684482\/"},"modified":"2025-03-27T10:16:31","modified_gmt":"2025-03-27T09:16:31","slug":"que-es-el-relativismo-9788413684482","status":"publish","type":"product","link":"https:\/\/www.claret.cat\/es\/libro\/que-es-el-relativismo-9788413684482\/","title":{"rendered":"\u00bfQU\u00c9 ES EL RELATIVISMO?"},"content":{"rendered":"<p>Reflexionar sobre el relativismo \u00e9tico, como se hace en este libro, es una necesidad en un mundo donde las diferencias culturales, religiosas y morales se entrelazan m\u00e1s que nunca. Los consensos morales tradicionales se han roto. Las causas son muy diversas: el cruce de culturas en una misma naci\u00f3n, los desaf\u00edos morales derivados del desarrollo tecnol\u00f3gico (como la IA o las posibilidades de la manipulaci\u00f3n gen\u00e9tica), la secularizaci\u00f3n de los pa\u00edses de tradici\u00f3n cristiana?<br \/> El relativismo trata de convencernos de que cada uno tiene su \u00abc\u00f3digo \u00e9tico\u00bb, tan leg\u00edtimo como el de cualquier otro; un \u00abc\u00f3digo\u00bb que muchas veces depende solo del contexto cultural y social en el que cada cual se ha formado.<br \/> Este este libro, lleno de sentido com\u00fan y de sentido del humor, es una propuesta sobre c\u00f3mo pensar las diferencias sin caer en el relativismo, sobre c\u00f3mo justificar el aprecio a las culturas con el respeto a unos principios \u00e9ticos universales, sobre c\u00f3mo se decide qu\u00e9 es correcto en un mundo donde los \u00abvalores\u00bb parecen tan diversos, y sobre c\u00f3mo plantear una educaci\u00f3n moral sin imponer dogmas.<\/p>\n","protected":false},"excerpt":{"rendered":"<p>POOLE DERQUI, DIEGO<\/p>\n","protected":false},"featured_media":1014449,"template":"","meta":{"_acf_changed":false,"om_disable_all_campaigns":false,"rs_blank_template":"","rs_page_bg_color":"","slide_template_v7":"","inline_featured_image":false,"_monsterinsights_skip_tracking":false,"_monsterinsights_sitenote_active":false,"_monsterinsights_sitenote_note":"","_monsterinsights_sitenote_category":0},"product_brand":[],"product_cat":[175,445],"product_tag":[],"class_list":{"0":"post-1014211","1":"product","2":"type-product","3":"status-publish","4":"has-post-thumbnail","6":"product_cat-etica","7":"product_cat-etica-filosofia-2_humanidades","9":"first","10":"instock","11":"taxable","12":"shipping-taxable","13":"purchasable","14":"product-type-simple"},"acf":{"autor":"POOLE DERQUI, DIEGO","codart":"841368448","libros-coleccion":"Dbolsillo","ediciones":"1","encuadernacion":"R\u00fastica","fecha_de_publicacion":"01\/03\/2025","novedad":"1","paginas":"94","subtitulo":"","orden":"0","portada":"0","idioma":"spa","editorial":[{"ID":148624,"post_author":"3","post_date":"2022-10-14 11:59:42","post_date_gmt":"2022-10-14 09:59:42","post_content":"","post_title":"PALABRA S.A., EDICIONES","post_excerpt":"","post_status":"publish","comment_status":"closed","ping_status":"closed","post_password":"","post_name":"palabra-s-a-ediciones","to_ping":"","pinged":"","post_modified":"2022-10-14 11:59:42","post_modified_gmt":"2022-10-14 09:59:42","post_content_filtered":"","post_parent":0,"guid":"http:\/\/dev.claret.cat\/editorial\/palabra-s-a-ediciones\/","menu_order":0,"post_type":"editorial","post_mime_type":"","comment_count":"0","filter":"raw"}]},"aioseo_notices":[],"_links":{"self":[{"href":"https:\/\/www.claret.cat\/es\/wp-json\/wp\/v2\/product\/1014211","targetHints":{"allow":["GET"]}}],"collection":[{"href":"https:\/\/www.claret.cat\/es\/wp-json\/wp\/v2\/product"}],"about":[{"href":"https:\/\/www.claret.cat\/es\/wp-json\/wp\/v2\/types\/product"}],"wp:featuredmedia":[{"embeddable":true,"href":"https:\/\/www.claret.cat\/es\/wp-json\/wp\/v2\/media\/1014449"}],"wp:attachment":[{"href":"https:\/\/www.claret.cat\/es\/wp-json\/wp\/v2\/media?parent=1014211"}],"wp:term":[{"taxonomy":"product_brand","embeddable":true,"href":"https:\/\/www.claret.cat\/es\/wp-json\/wp\/v2\/product_brand?post=1014211"},{"taxonomy":"product_cat","embeddable":true,"href":"https:\/\/www.claret.cat\/es\/wp-json\/wp\/v2\/product_cat?post=1014211"},{"taxonomy":"product_tag","embeddable":true,"href":"https:\/\/www.claret.cat\/es\/wp-json\/wp\/v2\/product_tag?post=1014211"}],"curies":[{"name":"wp","href":"https:\/\/api.w.org\/{rel}","templated":true}]}}