{"id":1014230,"date":"2025-03-26T13:47:24","date_gmt":"2025-03-26T12:47:24","guid":{"rendered":"https:\/\/www.claret.cat\/llibre\/amor-por-amor-9788418467721\/"},"modified":"2025-04-24T12:47:14","modified_gmt":"2025-04-24T10:47:14","slug":"amor-por-amor-9788418467721","status":"publish","type":"product","link":"https:\/\/www.claret.cat\/es\/libro\/amor-por-amor-9788418467721\/","title":{"rendered":"AMOR POR AMOR"},"content":{"rendered":"<p><strong>El autor de esta obra<\/strong>, con <strong>sencillez y pedagog\u00eda<\/strong> , nos invita a descubrir los <strong>tesoros del Coraz\u00f3n de Jes\u00fas<\/strong>, abordando los <strong>prejuicios<\/strong> y <strong>malentendidos<\/strong> que esta devoci\u00f3n ha podido suscitar a lo largo del tiempo. La presente publicaci\u00f3n es una <strong>valiosa ayuda<\/strong> para tomar conciencia de la <strong>misi\u00f3n sublime<\/strong> que tenemos de <strong>consolar el Coraz\u00f3n dolorido de Jes\u00fas<\/strong>, y nos ofrece una oportunidad para hacernos part\u00edcipes de la <strong>fuerza transformadora<\/strong> que tiene la <strong>consagraci\u00f3n de nuestras vidas<\/strong> a los <strong>Corazones de Jes\u00fas y Mar\u00eda<\/strong>.<\/p>\n<p>Te invitamos a disfrutar de esta lectura y a introducirte en esta <strong>escuela de vida interior<\/strong>, la escuela del <strong>Coraz\u00f3n de Jes\u00fas<\/strong>, que como descubrir\u00e1s, no est\u00e1 reservada solo a los <strong>santos<\/strong>, sino a todos aquellos que desean poner su vida al servicio del mejor de los proyectos: <strong>la civilizaci\u00f3n del Amor<\/strong>, el <strong>Reino del Coraz\u00f3n de Jes\u00fas<\/strong>.<\/p>\n","protected":false},"excerpt":{"rendered":"<p>GUIBERT, J\u00d6EL<\/p>\n","protected":false},"featured_media":1014588,"template":"","meta":{"_acf_changed":false,"om_disable_all_campaigns":false,"rs_blank_template":"","rs_page_bg_color":"","slide_template_v7":"","inline_featured_image":false,"_monsterinsights_skip_tracking":false,"_monsterinsights_sitenote_active":false,"_monsterinsights_sitenote_note":"","_monsterinsights_sitenote_category":0},"product_brand":[],"product_cat":[276,414],"product_tag":[],"class_list":{"0":"post-1014230","1":"product","2":"type-product","3":"status-publish","4":"has-post-thumbnail","6":"product_cat-cristologia-teologia","7":"product_cat-cristologia-teologia-1_espiritualidad","9":"first","10":"instock","11":"taxable","12":"shipping-taxable","13":"purchasable","14":"product-type-simple"},"acf":{"autor":"GUIBERT, J\u00d6EL","codart":"841846772","libros-coleccion":"FORA DE COL.LECCI\u00d3","ediciones":"1","encuadernacion":"R\u00fastica","fecha_de_publicacion":"01\/03\/2025","novedad":"1","paginas":"311","subtitulo":"UNA ESPIRITUALIDAD DEL CORAZ\u00d3N DE JES\u00daS","orden":"0","portada":"0","idioma":"spa","editorial":[{"ID":147790,"post_author":"3","post_date":"2022-10-14 11:53:14","post_date_gmt":"2022-10-14 09:53:14","post_content":"","post_title":"Ediciones Cor Iesu","post_excerpt":"","post_status":"publish","comment_status":"closed","ping_status":"closed","post_password":"","post_name":"ediciones-cor-iesu","to_ping":"","pinged":"","post_modified":"2022-10-14 11:53:14","post_modified_gmt":"2022-10-14 09:53:14","post_content_filtered":"","post_parent":0,"guid":"http:\/\/dev.claret.cat\/editorial\/ediciones-cor-iesu\/","menu_order":0,"post_type":"editorial","post_mime_type":"","comment_count":"0","filter":"raw"}],"booktrailer":"","resenas":""},"aioseo_notices":[],"_links":{"self":[{"href":"https:\/\/www.claret.cat\/es\/wp-json\/wp\/v2\/product\/1014230","targetHints":{"allow":["GET"]}}],"collection":[{"href":"https:\/\/www.claret.cat\/es\/wp-json\/wp\/v2\/product"}],"about":[{"href":"https:\/\/www.claret.cat\/es\/wp-json\/wp\/v2\/types\/product"}],"wp:featuredmedia":[{"embeddable":true,"href":"https:\/\/www.claret.cat\/es\/wp-json\/wp\/v2\/media\/1014588"}],"wp:attachment":[{"href":"https:\/\/www.claret.cat\/es\/wp-json\/wp\/v2\/media?parent=1014230"}],"wp:term":[{"taxonomy":"product_brand","embeddable":true,"href":"https:\/\/www.claret.cat\/es\/wp-json\/wp\/v2\/product_brand?post=1014230"},{"taxonomy":"product_cat","embeddable":true,"href":"https:\/\/www.claret.cat\/es\/wp-json\/wp\/v2\/product_cat?post=1014230"},{"taxonomy":"product_tag","embeddable":true,"href":"https:\/\/www.claret.cat\/es\/wp-json\/wp\/v2\/product_tag?post=1014230"}],"curies":[{"name":"wp","href":"https:\/\/api.w.org\/{rel}","templated":true}]}}