{"id":1014249,"date":"2025-03-26T13:50:50","date_gmt":"2025-03-26T12:50:50","guid":{"rendered":"https:\/\/www.claret.cat\/llibre\/mis-aventuras-con-jesus-9788413684253\/"},"modified":"2025-03-27T11:33:04","modified_gmt":"2025-03-27T10:33:04","slug":"mis-aventuras-con-jesus-9788413684253","status":"publish","type":"product","link":"https:\/\/www.claret.cat\/es\/libro\/mis-aventuras-con-jesus-9788413684253\/","title":{"rendered":"MIS AVENTURAS CON JES\u00daS"},"content":{"rendered":"<p><strong>&#8216;Jasid y la familia m\u00e1s encantadora del mundo&#8217;<\/strong> es una tierna historia narrada desde la perspectiva de un perro llamado <strong>Jasid<\/strong>, un perro blanco con una mancha amarilla en la frente en forma de estrella, elegido para ser el guardi\u00e1n de una familia muy especial. A trav\u00e9s de sus ojos, los lectores podr\u00e1n conocer a <strong>Jos\u00e9, Mar\u00eda y el Ni\u00f1o<\/strong>, como si fueran uno m\u00e1s de la familia. La historia no solo presenta a los humanos, sino tambi\u00e9n a otros entra\u00f1ables personajes como el burro <strong>Sereno<\/strong>, el gallo <strong>Galop\u00edn<\/strong>, el perro gordo y bonach\u00f3n <strong>Bolo<\/strong>, y hasta una p\u00edcara raposa que aporta algo de travesura a la trama.<\/p>\n<p>La narrativa, llena de aventuras y buen humor, hace que este relato sea <strong>ideal para los m\u00e1s peque\u00f1os<\/strong>, pero tambi\u00e9n ofrece momentos que invitan a la reflexi\u00f3n para los adultos. <strong>Jasid<\/strong>, con su ternura y lealtad, se convierte en el gu\u00eda perfecto para los lectores, llev\u00e1ndolos a conocer <strong>un mundo lleno de amistad y ense\u00f1anzas<\/strong>.<\/p>\n<p>El libro ha sido un \u00e9xito, con varias ediciones en espa\u00f1ol, ingl\u00e9s, italiano y portugu\u00e9s, y ahora se presenta una nueva versi\u00f3n <strong>ilustrada por la sobrina del autor, Patit\u00e9<\/strong>, lo que a\u00f1ade un toque especial a esta entra\u00f1able obra.<\/p>\n<p><strong>Una historia para hacer re\u00edr y pensar<\/strong>, para disfrutar tanto grandes como peque\u00f1os.<strong> \u00a1Una lectura llena de magia y bondad!<\/strong><\/p>\n","protected":false},"excerpt":{"rendered":"<p>TRIGO, TOM\u00c1S<\/p>\n","protected":false},"featured_media":1014577,"template":"","meta":{"_acf_changed":false,"om_disable_all_campaigns":false,"rs_blank_template":"","rs_page_bg_color":"","slide_template_v7":"","inline_featured_image":false,"_monsterinsights_skip_tracking":false,"_monsterinsights_sitenote_active":false,"_monsterinsights_sitenote_note":"","_monsterinsights_sitenote_category":0},"product_brand":[],"product_cat":[481,223,227,389,216,475],"product_tag":[],"class_list":{"0":"post-1014249","1":"product","2":"type-product","3":"status-publish","4":"has-post-thumbnail","6":"product_cat-biblias-infantiles","7":"product_cat-biblies-infantils","8":"product_cat-formacio","9":"product_cat-formacion","10":"product_cat-primera-comunio-catequesi-1_espiritualitat","11":"product_cat-primera-comunion","13":"first","14":"instock","15":"taxable","16":"shipping-taxable","17":"purchasable","18":"product-type-simple"},"acf":{"autor":"TRIGO, TOM\u00c1S","codart":"841368425","libros-coleccion":"Libros Ilustrados","ediciones":"1","encuadernacion":"Carton\u00e9","fecha_de_publicacion":"01\/03\/2025","novedad":"1","paginas":"142","subtitulo":"LOS RECUERDOS DE JASID","orden":"0","portada":"0","idioma":"spa","editorial":[{"ID":148624,"post_author":"3","post_date":"2022-10-14 11:59:42","post_date_gmt":"2022-10-14 09:59:42","post_content":"","post_title":"PALABRA S.A., EDICIONES","post_excerpt":"","post_status":"publish","comment_status":"closed","ping_status":"closed","post_password":"","post_name":"palabra-s-a-ediciones","to_ping":"","pinged":"","post_modified":"2022-10-14 11:59:42","post_modified_gmt":"2022-10-14 09:59:42","post_content_filtered":"","post_parent":0,"guid":"http:\/\/dev.claret.cat\/editorial\/palabra-s-a-ediciones\/","menu_order":0,"post_type":"editorial","post_mime_type":"","comment_count":"0","filter":"raw"}]},"aioseo_notices":[],"_links":{"self":[{"href":"https:\/\/www.claret.cat\/es\/wp-json\/wp\/v2\/product\/1014249","targetHints":{"allow":["GET"]}}],"collection":[{"href":"https:\/\/www.claret.cat\/es\/wp-json\/wp\/v2\/product"}],"about":[{"href":"https:\/\/www.claret.cat\/es\/wp-json\/wp\/v2\/types\/product"}],"wp:featuredmedia":[{"embeddable":true,"href":"https:\/\/www.claret.cat\/es\/wp-json\/wp\/v2\/media\/1014577"}],"wp:attachment":[{"href":"https:\/\/www.claret.cat\/es\/wp-json\/wp\/v2\/media?parent=1014249"}],"wp:term":[{"taxonomy":"product_brand","embeddable":true,"href":"https:\/\/www.claret.cat\/es\/wp-json\/wp\/v2\/product_brand?post=1014249"},{"taxonomy":"product_cat","embeddable":true,"href":"https:\/\/www.claret.cat\/es\/wp-json\/wp\/v2\/product_cat?post=1014249"},{"taxonomy":"product_tag","embeddable":true,"href":"https:\/\/www.claret.cat\/es\/wp-json\/wp\/v2\/product_tag?post=1014249"}],"curies":[{"name":"wp","href":"https:\/\/api.w.org\/{rel}","templated":true}]}}