{"id":1014420,"date":"2025-03-26T19:25:01","date_gmt":"2025-03-26T18:25:01","guid":{"rendered":"https:\/\/www.claret.cat\/llibre\/el-gat-de-la-bruixa-milrates-tots-a-la-platja-9788410517110\/"},"modified":"2025-11-03T17:33:42","modified_gmt":"2025-11-03T16:33:42","slug":"el-gat-de-la-bruixa-milrates-tots-a-la-platja-9788410517110","status":"publish","type":"product","link":"https:\/\/www.claret.cat\/es\/libro\/el-gat-de-la-bruixa-milrates-tots-a-la-platja-9788410517110\/","title":{"rendered":"EL GAT DE LA BRUIXA MILRATES. TOTS A LA PLATJA!"},"content":{"rendered":"<p><strong>Una bruixa esgotada, un gat mandr\u00f3s i una platja tropical\u2026 on comen\u00e7a a nevar! <\/strong><\/p>\n<p>T\u00e9 <strong>234 anys<\/strong>, per\u00f2 necessita vacances amb urg\u00e8ncia! Acompanyada del seu <strong>gat molt mandr\u00f3s<\/strong> i un <strong>peix que odia els aquaris<\/strong>, decideix escapar-se a una platja paradis\u00edaca\u2026 fins que, de sobte, comen\u00e7a a <strong>nevar en ple tr\u00f2pic!<\/strong> ???<\/p>\n<p><strong>Un altre encanteri descontrolat? Un misteri m\u00e0gic per resoldre?<\/strong><\/p>\n<p><strong>Submergeix-te en aquesta hist\u00f2ria plena de bruixes, embolics i molta diversi\u00f3. Perfecta per a amants de la fantasia i l\u2019humor!<\/strong><\/p>\n","protected":false},"excerpt":{"rendered":"<p>VV.AA.3<\/p>\n","protected":false},"featured_media":1014557,"template":"","meta":{"_acf_changed":false,"om_disable_all_campaigns":false,"rs_blank_template":"","rs_page_bg_color":"","slide_template_v7":"","inline_featured_image":false,"_monsterinsights_skip_tracking":false,"_monsterinsights_sitenote_active":false,"_monsterinsights_sitenote_note":"","_monsterinsights_sitenote_category":0},"product_brand":[],"product_cat":[132,362],"product_tag":[],"class_list":{"0":"post-1014420","1":"product","2":"type-product","3":"status-publish","4":"has-post-thumbnail","6":"product_cat-lectures-per-preadolescents-6-12-anys","7":"product_cat-libros-preadolescentes-6-12-anos","9":"first","10":"instock","11":"taxable","12":"shipping-taxable","13":"purchasable","14":"product-type-simple"},"acf":{"autor":"VV.AA.3","codart":"841051711","libros-coleccion":"FORA DE COL.LECCI\u00d3","ediciones":"1","encuadernacion":"Carpeta","fecha_de_publicacion":"01\/03\/2025","novedad":"1","paginas":"201","subtitulo":"","orden":"0","portada":"0","idioma":"cat","editorial":[{"ID":148636,"post_author":"3","post_date":"2022-10-14 11:59:48","post_date_gmt":"2022-10-14 09:59:48","post_content":"","post_title":"PANINI ESPA\u00d1A","post_excerpt":"","post_status":"publish","comment_status":"closed","ping_status":"closed","post_password":"","post_name":"panini-espana","to_ping":"","pinged":"","post_modified":"2022-10-14 11:59:48","post_modified_gmt":"2022-10-14 09:59:48","post_content_filtered":"","post_parent":0,"guid":"http:\/\/dev.claret.cat\/editorial\/panini-espana\/","menu_order":0,"post_type":"editorial","post_mime_type":"","comment_count":"0","filter":"raw"}],"booktrailer":"","resenas":""},"aioseo_notices":[],"_links":{"self":[{"href":"https:\/\/www.claret.cat\/es\/wp-json\/wp\/v2\/product\/1014420","targetHints":{"allow":["GET"]}}],"collection":[{"href":"https:\/\/www.claret.cat\/es\/wp-json\/wp\/v2\/product"}],"about":[{"href":"https:\/\/www.claret.cat\/es\/wp-json\/wp\/v2\/types\/product"}],"wp:featuredmedia":[{"embeddable":true,"href":"https:\/\/www.claret.cat\/es\/wp-json\/wp\/v2\/media\/1014557"}],"wp:attachment":[{"href":"https:\/\/www.claret.cat\/es\/wp-json\/wp\/v2\/media?parent=1014420"}],"wp:term":[{"taxonomy":"product_brand","embeddable":true,"href":"https:\/\/www.claret.cat\/es\/wp-json\/wp\/v2\/product_brand?post=1014420"},{"taxonomy":"product_cat","embeddable":true,"href":"https:\/\/www.claret.cat\/es\/wp-json\/wp\/v2\/product_cat?post=1014420"},{"taxonomy":"product_tag","embeddable":true,"href":"https:\/\/www.claret.cat\/es\/wp-json\/wp\/v2\/product_tag?post=1014420"}],"curies":[{"name":"wp","href":"https:\/\/api.w.org\/{rel}","templated":true}]}}