{"id":101459,"date":"2022-10-12T08:07:27","date_gmt":"2022-10-12T06:07:27","guid":{"rendered":"http:\/\/dev.claret.cat\/producte\/el-club-de-los-hachisinos\/"},"modified":"2023-01-28T06:50:24","modified_gmt":"2023-01-28T05:50:24","slug":"el-club-de-los-hachisinos-9788497162685","status":"publish","type":"product","link":"https:\/\/www.claret.cat\/es\/libro\/el-club-de-los-hachisinos-9788497162685\/","title":{"rendered":"EL CLUB DE LOS HACHISINOS"},"content":{"rendered":"<p>Th\u00e9ophile Gautier, brillante figura del Par\u00eds del siglo XIX y activo creador, aport\u00f3 obras maestras a las letras francesas. Se convirti\u00f3 en un destacado cr\u00edtico art\u00edstico y literario. Presentamos unos escritos que, con maestr\u00eda literaria y un halo de misterio, nos introducen en uno de los ambientes m\u00e1s creativos e intensos del Par\u00eds del siglo XIX.<\/p>\n","protected":false},"excerpt":{"rendered":"<p>GAUTIER, TH\u00c9OPHILE<\/p>\n","protected":false},"featured_media":101460,"template":"","meta":{"_acf_changed":false,"om_disable_all_campaigns":false,"rs_blank_template":"","rs_page_bg_color":"","slide_template_v7":"","inline_featured_image":false,"_monsterinsights_skip_tracking":false,"_monsterinsights_sitenote_active":false,"_monsterinsights_sitenote_note":"","_monsterinsights_sitenote_category":0},"product_brand":[],"product_cat":[16],"product_tag":[],"class_list":{"0":"post-101459","1":"product","2":"type-product","3":"status-publish","4":"has-post-thumbnail","6":"product_cat-sense-categoria","8":"first","9":"instock","10":"taxable","11":"shipping-taxable","12":"purchasable","13":"product-type-simple"},"acf":{"editorial":[{"ID":6273,"post_author":"3","post_date":"2022-07-28 17:48:39","post_date_gmt":"2022-07-28 15:48:39","post_content":"","post_title":"Jos\u00e9 J. Ola\u00f1eta Editor","post_excerpt":"","post_status":"publish","comment_status":"closed","ping_status":"closed","post_password":"","post_name":"jose-j-olaneta-editor","to_ping":"","pinged":"","post_modified":"2022-07-28 17:48:39","post_modified_gmt":"2022-07-28 15:48:39","post_content_filtered":"","post_parent":0,"guid":"http:\/\/dev.claret.cat\/editorial\/jose-j-olaneta-editor\/","menu_order":0,"post_type":"editorial","post_mime_type":"","comment_count":"0","filter":"raw"}],"autor":"GAUTIER, TH\u00c9OPHILE","codart":"849716268","libros-coleccion":"CENTELLAS","ediciones":"1","encuadernacion":"R\u00fastica","fecha_de_publicacion":"01\/09\/2020","novedad":"1","paginas":"167","subtitulo":"","orden":"0","portada":"0","idioma":"spa","autores-libros":[{"ID":170305,"post_author":"3","post_date":"2022-10-14 22:34:15","post_date_gmt":"2022-10-14 20:34:15","post_content":"","post_title":"THEOPHILE GAUTIER","post_excerpt":"","post_status":"publish","comment_status":"closed","ping_status":"closed","post_password":"","post_name":"theophile-gautier","to_ping":"","pinged":"","post_modified":"2022-10-14 22:34:15","post_modified_gmt":"2022-10-14 20:34:15","post_content_filtered":"","post_parent":0,"guid":"http:\/\/dev.claret.cat\/autor\/theophile-gautier\/","menu_order":0,"post_type":"autor","post_mime_type":"","comment_count":"0","filter":"raw"}]},"aioseo_notices":[],"_links":{"self":[{"href":"https:\/\/www.claret.cat\/es\/wp-json\/wp\/v2\/product\/101459","targetHints":{"allow":["GET"]}}],"collection":[{"href":"https:\/\/www.claret.cat\/es\/wp-json\/wp\/v2\/product"}],"about":[{"href":"https:\/\/www.claret.cat\/es\/wp-json\/wp\/v2\/types\/product"}],"wp:featuredmedia":[{"embeddable":true,"href":"https:\/\/www.claret.cat\/es\/wp-json\/wp\/v2\/media\/101460"}],"wp:attachment":[{"href":"https:\/\/www.claret.cat\/es\/wp-json\/wp\/v2\/media?parent=101459"}],"wp:term":[{"taxonomy":"product_brand","embeddable":true,"href":"https:\/\/www.claret.cat\/es\/wp-json\/wp\/v2\/product_brand?post=101459"},{"taxonomy":"product_cat","embeddable":true,"href":"https:\/\/www.claret.cat\/es\/wp-json\/wp\/v2\/product_cat?post=101459"},{"taxonomy":"product_tag","embeddable":true,"href":"https:\/\/www.claret.cat\/es\/wp-json\/wp\/v2\/product_tag?post=101459"}],"curies":[{"name":"wp","href":"https:\/\/api.w.org\/{rel}","templated":true}]}}