{"id":1014639,"date":"2025-03-27T13:25:15","date_gmt":"2025-03-27T12:25:15","guid":{"rendered":"https:\/\/www.claret.cat\/llibre\/els-requetes-catalans-9788412944976\/"},"modified":"2025-04-25T10:25:09","modified_gmt":"2025-04-25T08:25:09","slug":"els-requetes-catalans-9788412944976","status":"publish","type":"product","link":"https:\/\/www.claret.cat\/es\/libro\/els-requetes-catalans-9788412944976\/","title":{"rendered":"ELS REQUET\u00c8S CATALANS"},"content":{"rendered":"<p>&#8216;En la Barcelona esventrada pels bombardeigs de l?aviaci\u00f3 de Mussolini, aliada de Franco, on per a gaireb\u00e9 tothom no quedava m\u00e9s remei que intentar sobreviure en la mis\u00e8ria general provocada per la guerra i l?autarquia franquista, molta gent s?estimava m\u00e9s estar reclosa en un camp de concentraci\u00f3 a Fran\u00e7a que no pas quedar-se a casa seva ?o tornar-hi? i exposar-se aix\u00ed als rigors de la implacable i despietada repressi\u00f3 franquista. Tanmateix, el 30 de juliol de 1939, els soldats del Ter\u00e7 Requet\u00e8 Montserrat van desfilar triomfals pel Passeig de Gr\u00e0cia i van rebre, doncs, un homenatge que ells creien mer\u00e8ixer per la seva heroica i abnegada lluita en els ex\u00e8rcits de Franco.&#8217;<\/p>\n","protected":false},"excerpt":{"rendered":"<p>DEULONDER I CAMINS, XAVIER<\/p>\n","protected":false},"featured_media":1014640,"template":"","meta":{"_acf_changed":false,"om_disable_all_campaigns":false,"rs_blank_template":"","rs_page_bg_color":"","slide_template_v7":"","inline_featured_image":false,"_monsterinsights_skip_tracking":false,"_monsterinsights_sitenote_active":false,"_monsterinsights_sitenote_note":"","_monsterinsights_sitenote_category":0},"product_brand":[],"product_cat":[430,153],"product_tag":[],"class_list":{"0":"post-1014639","1":"product","2":"type-product","3":"status-publish","4":"has-post-thumbnail","6":"product_cat-cataluna","7":"product_cat-catalunya","9":"first","10":"instock","11":"taxable","12":"shipping-taxable","13":"purchasable","14":"product-type-simple"},"acf":{"autor":"DEULONDER I CAMINS, XAVIER","codart":"841294497","libros-coleccion":"FORA DE COL\u00b7LECCIO","ediciones":"1","encuadernacion":"R\u00fastica","fecha_de_publicacion":"01\/03\/2025","novedad":"1","paginas":"310","subtitulo":"DEL TER\u00c7 MONTSERRAT EN LA GUERRA CIVIL","orden":"0","portada":"1","idioma":"cat","editorial":[{"ID":148454,"post_author":"3","post_date":"2022-10-14 11:58:22","post_date_gmt":"2022-10-14 09:58:22","post_content":"","post_title":"LLIBRES DE L'INDEX","post_excerpt":"","post_status":"publish","comment_status":"closed","ping_status":"closed","post_password":"","post_name":"llibres-de-lindex","to_ping":"","pinged":"","post_modified":"2022-10-14 11:58:22","post_modified_gmt":"2022-10-14 09:58:22","post_content_filtered":"","post_parent":0,"guid":"http:\/\/dev.claret.cat\/editorial\/llibres-de-lindex\/","menu_order":0,"post_type":"editorial","post_mime_type":"","comment_count":"0","filter":"raw"}],"booktrailer":"","resenas":""},"aioseo_notices":[],"_links":{"self":[{"href":"https:\/\/www.claret.cat\/es\/wp-json\/wp\/v2\/product\/1014639","targetHints":{"allow":["GET"]}}],"collection":[{"href":"https:\/\/www.claret.cat\/es\/wp-json\/wp\/v2\/product"}],"about":[{"href":"https:\/\/www.claret.cat\/es\/wp-json\/wp\/v2\/types\/product"}],"wp:featuredmedia":[{"embeddable":true,"href":"https:\/\/www.claret.cat\/es\/wp-json\/wp\/v2\/media\/1014640"}],"wp:attachment":[{"href":"https:\/\/www.claret.cat\/es\/wp-json\/wp\/v2\/media?parent=1014639"}],"wp:term":[{"taxonomy":"product_brand","embeddable":true,"href":"https:\/\/www.claret.cat\/es\/wp-json\/wp\/v2\/product_brand?post=1014639"},{"taxonomy":"product_cat","embeddable":true,"href":"https:\/\/www.claret.cat\/es\/wp-json\/wp\/v2\/product_cat?post=1014639"},{"taxonomy":"product_tag","embeddable":true,"href":"https:\/\/www.claret.cat\/es\/wp-json\/wp\/v2\/product_tag?post=1014639"}],"curies":[{"name":"wp","href":"https:\/\/api.w.org\/{rel}","templated":true}]}}