{"id":1014702,"date":"2025-03-27T16:30:22","date_gmt":"2025-03-27T15:30:22","guid":{"rendered":"https:\/\/www.claret.cat\/llibre\/que-comer-durante-el-embarazo-9788410124905\/"},"modified":"2025-03-27T16:40:47","modified_gmt":"2025-03-27T15:40:47","slug":"que-comer-durante-el-embarazo-9788410124905","status":"publish","type":"product","link":"https:\/\/www.claret.cat\/es\/libro\/que-comer-durante-el-embarazo-9788410124905\/","title":{"rendered":"\u00bfQU\u00c9 COMER DURANTE EL EMBARAZO?"},"content":{"rendered":"<p>Un libro con toda la informaci\u00f3n necesaria sobre la alimentaci\u00f3n durante el embarazo, \u00a1para vivirlo con confianza, sin estr\u00e9s ni sentimiento de culpa!Para las futuras madres, el embarazo es un viaje muy especial que genera sentimientos tan contradictorios como el miedo o la ilusi\u00f3n, y no siempre es f\u00e1cil saber qu\u00e9 comer durante el embarazo. El objetivo de este libro es reforzar la confianza y brindar las herramientas necesarias para vivir una maternidad satisfactoria y saludable.Este libro ofrece todas las respuestas a preguntas como:- \u00bfQu\u00e9 debo comer para evitar carencias? \u00bfQu\u00e9 alimentos est\u00e1n prohibidos y por qu\u00e9?- \u00bfC\u00f3mo equilibro mis comidas para satisfacer mejor mis necesidades y las de mi beb\u00e9?- \u00bfCu\u00e1les son los consejos para combatir las n\u00e1useas, los trastornos digestivos, la retenci\u00f3n de l\u00edquidos, el aumento de peso excesivo&#8230;?- \u00bfC\u00f3mo puedo adaptar mi alimentaci\u00f3n a mi diabetes gestacional, mi hipertensi\u00f3n, mi vegetarianismo&#8230;?Se incluyen 40 recetas saludables y siempre deliciosas: \u00a1platos, postres, tentempi\u00e9s y bebidas ultraf\u00e1ciles!<\/p>\n","protected":false},"excerpt":{"rendered":"<p>BENAROCH ATTIA, PAULINE<\/p>\n","protected":false},"featured_media":1014731,"template":"","meta":{"_acf_changed":false,"om_disable_all_campaigns":false,"rs_blank_template":"","rs_page_bg_color":"","slide_template_v7":"","inline_featured_image":false,"_monsterinsights_skip_tracking":false,"_monsterinsights_sitenote_active":false,"_monsterinsights_sitenote_note":"","_monsterinsights_sitenote_category":0},"product_brand":[],"product_cat":[547,97],"product_tag":[],"class_list":{"0":"post-1014702","1":"product","2":"type-product","3":"status-publish","4":"has-post-thumbnail","6":"product_cat-salud","7":"product_cat-salut","9":"first","10":"instock","11":"taxable","12":"shipping-taxable","13":"purchasable","14":"product-type-simple"},"acf":{"autor":"BENAROCH ATTIA, PAULINE","codart":"841012490","libros-coleccion":"Larousse - Libros Ilustrados\/ Pr\u00e1cticos","ediciones":"1","encuadernacion":"R\u00fastica","fecha_de_publicacion":"01\/03\/2025","novedad":"1","paginas":"159","subtitulo":"CONSEJOS PARA VIVIR UN EMBARAZO SIN ESTR\u00c9S NI DUDAS","orden":"0","portada":"0","idioma":"spa","editorial":[{"ID":148398,"post_author":"3","post_date":"2022-10-14 11:57:56","post_date_gmt":"2022-10-14 09:57:56","post_content":"","post_title":"Larousse","post_excerpt":"","post_status":"publish","comment_status":"closed","ping_status":"closed","post_password":"","post_name":"larousse","to_ping":"","pinged":"","post_modified":"2022-10-14 11:57:56","post_modified_gmt":"2022-10-14 09:57:56","post_content_filtered":"","post_parent":0,"guid":"http:\/\/dev.claret.cat\/editorial\/larousse\/","menu_order":0,"post_type":"editorial","post_mime_type":"","comment_count":"0","filter":"raw"}]},"aioseo_notices":[],"_links":{"self":[{"href":"https:\/\/www.claret.cat\/es\/wp-json\/wp\/v2\/product\/1014702","targetHints":{"allow":["GET"]}}],"collection":[{"href":"https:\/\/www.claret.cat\/es\/wp-json\/wp\/v2\/product"}],"about":[{"href":"https:\/\/www.claret.cat\/es\/wp-json\/wp\/v2\/types\/product"}],"wp:featuredmedia":[{"embeddable":true,"href":"https:\/\/www.claret.cat\/es\/wp-json\/wp\/v2\/media\/1014731"}],"wp:attachment":[{"href":"https:\/\/www.claret.cat\/es\/wp-json\/wp\/v2\/media?parent=1014702"}],"wp:term":[{"taxonomy":"product_brand","embeddable":true,"href":"https:\/\/www.claret.cat\/es\/wp-json\/wp\/v2\/product_brand?post=1014702"},{"taxonomy":"product_cat","embeddable":true,"href":"https:\/\/www.claret.cat\/es\/wp-json\/wp\/v2\/product_cat?post=1014702"},{"taxonomy":"product_tag","embeddable":true,"href":"https:\/\/www.claret.cat\/es\/wp-json\/wp\/v2\/product_tag?post=1014702"}],"curies":[{"name":"wp","href":"https:\/\/api.w.org\/{rel}","templated":true}]}}