{"id":101471,"date":"2022-10-12T08:07:37","date_gmt":"2022-10-12T06:07:37","guid":{"rendered":"http:\/\/dev.claret.cat\/producte\/amor-maestro\/"},"modified":"2026-02-26T14:46:47","modified_gmt":"2026-02-26T13:46:47","slug":"amor-maestro-9788433916402","status":"publish","type":"product","link":"https:\/\/www.claret.cat\/es\/libro\/amor-maestro-9788433916402\/","title":{"rendered":"AMOR MAESTRO"},"content":{"rendered":"<p>Un ensayo que nos invita a reflexionar sobre la vital importancia de encontrar puntos de referencia saludables, porque los verdaderos maestros son agentes liberadores cargados de compromiso y generosidad. \u00bfPor qu\u00e9 es importante tener maestros? En una \u00e9poca dominada por los likes y los matches, hoy m\u00e1s que nunca esta deber\u00eda ser una pregunta ret\u00f3rica. Maestros de carne y hueso \u2013 esa maestra de primaria que nos inculca la pasi\u00f3n por las letras o los n\u00fameros, aquel profe de instituto a quien pedimos m\u00e1s material sobre la Revoluci\u00f3n Francesa\u2013 y maestros de papel y tinta \u2013 aquella poeta de adolescencia que nos abandona en suspenso, ese fil\u00f3sofo de juventud que nos rompe la cabeza a martillazos\u2013 conviven en este libro colmado de amor.<\/p>\n","protected":false},"excerpt":{"rendered":"<p>NACACH, PABLO<\/p>\n","protected":false},"featured_media":101472,"template":"","meta":{"_acf_changed":false,"om_disable_all_campaigns":false,"rs_blank_template":"","rs_page_bg_color":"","slide_template_v7":"","inline_featured_image":false,"_monsterinsights_skip_tracking":false,"_monsterinsights_sitenote_active":false,"_monsterinsights_sitenote_note":"","_monsterinsights_sitenote_category":0},"product_brand":[],"product_cat":[373,166],"product_tag":[],"class_list":{"0":"post-101471","1":"product","2":"type-product","3":"status-publish","4":"has-post-thumbnail","6":"product_cat-autores","7":"product_cat-autors-filosofia","9":"first","10":"instock","11":"taxable","12":"shipping-taxable","13":"purchasable","14":"product-type-simple"},"acf":{"editorial":[{"ID":6219,"post_author":"3","post_date":"2022-07-28 17:47:26","post_date_gmt":"2022-07-28 15:47:26","post_content":"","post_title":"Editorial Anagrama S.A.","post_excerpt":"","post_status":"publish","comment_status":"closed","ping_status":"closed","post_password":"","post_name":"editorial-anagrama-s-a","to_ping":"","pinged":"","post_modified":"2022-07-28 17:47:26","post_modified_gmt":"2022-07-28 15:47:26","post_content_filtered":"","post_parent":0,"guid":"http:\/\/dev.claret.cat\/editorial\/editorial-anagrama-s-a\/","menu_order":0,"post_type":"editorial","post_mime_type":"","comment_count":"0","filter":"raw"}],"autor":"NACACH, PABLO","codart":"843391640","libros-coleccion":"Nuevos cuadernos Anagrama","ediciones":"1","encuadernacion":"R\u00fastica","fecha_de_publicacion":"01\/11\/2020","novedad":"1","paginas":"67","subtitulo":"INSTRUCCIONES DE USO","orden":"0","portada":"0","idioma":"spa","autores-libros":[{"ID":166431,"post_author":"3","post_date":"2022-10-14 18:03:13","post_date_gmt":"2022-10-14 16:03:13","post_content":"","post_title":"PABLO NACACH","post_excerpt":"","post_status":"publish","comment_status":"closed","ping_status":"closed","post_password":"","post_name":"pablo-nacach","to_ping":"","pinged":"","post_modified":"2022-10-14 18:03:13","post_modified_gmt":"2022-10-14 16:03:13","post_content_filtered":"","post_parent":0,"guid":"http:\/\/dev.claret.cat\/autor\/pablo-nacach\/","menu_order":0,"post_type":"autor","post_mime_type":"","comment_count":"0","filter":"raw"}],"booktrailer":"","resenas":""},"aioseo_notices":[],"_links":{"self":[{"href":"https:\/\/www.claret.cat\/es\/wp-json\/wp\/v2\/product\/101471","targetHints":{"allow":["GET"]}}],"collection":[{"href":"https:\/\/www.claret.cat\/es\/wp-json\/wp\/v2\/product"}],"about":[{"href":"https:\/\/www.claret.cat\/es\/wp-json\/wp\/v2\/types\/product"}],"wp:featuredmedia":[{"embeddable":true,"href":"https:\/\/www.claret.cat\/es\/wp-json\/wp\/v2\/media\/101472"}],"wp:attachment":[{"href":"https:\/\/www.claret.cat\/es\/wp-json\/wp\/v2\/media?parent=101471"}],"wp:term":[{"taxonomy":"product_brand","embeddable":true,"href":"https:\/\/www.claret.cat\/es\/wp-json\/wp\/v2\/product_brand?post=101471"},{"taxonomy":"product_cat","embeddable":true,"href":"https:\/\/www.claret.cat\/es\/wp-json\/wp\/v2\/product_cat?post=101471"},{"taxonomy":"product_tag","embeddable":true,"href":"https:\/\/www.claret.cat\/es\/wp-json\/wp\/v2\/product_tag?post=101471"}],"curies":[{"name":"wp","href":"https:\/\/api.w.org\/{rel}","templated":true}]}}