{"id":1014785,"date":"2025-03-27T18:00:58","date_gmt":"2025-03-27T17:00:58","guid":{"rendered":"https:\/\/www.claret.cat\/llibre\/petit-llibre-de-la-natura-papallones-9788410268722\/"},"modified":"2025-04-23T18:56:06","modified_gmt":"2025-04-23T16:56:06","slug":"petit-llibre-de-la-natura-papallones-9788410268722","status":"publish","type":"product","link":"https:\/\/www.claret.cat\/es\/libro\/petit-llibre-de-la-natura-papallones-9788410268722\/","title":{"rendered":"PETIT LLIBRE DE LA NATURA. PAPALLONES"},"content":{"rendered":"<p>* Aquesta obra deliciosament dissenyada i il\u00b7lustrada i plena d\u2019informaci\u00f3 sorprenent captivar\u00e0 qualsevol amant de la natura. <br \/> *  \u00c9s un manual de refer\u00e8ncia accessible i entretingut sobre el m\u00f3n de les papallones. <br \/> *  El coneixement d\u2019experts en la mat\u00e8ria es conjuga amb dibuixos art\u00edstics originals i fotografies en color per concentrar tota l\u2019ess\u00e8ncia de les papallones del nostre planeta en un flasc\u00f3 petit i exquisit. <\/p>\n<p> Anatomia i diversitat de les papallones, reproducci\u00f3, h\u00e0bitat i conservaci\u00f3, fets curiosos, mites, folklore i cultura popular&#8230;<\/p>\n<p> Una irresistible guia sobre la sorprenent vida de les papallones.<\/p>\n","protected":false},"excerpt":{"rendered":"<p>SOURAKOV, ANDREI \/ SOURAKOV, ALEXANDRA A.<\/p>\n","protected":false},"featured_media":1014852,"template":"","meta":{"_acf_changed":false,"om_disable_all_campaigns":false,"rs_blank_template":"","rs_page_bg_color":"","slide_template_v7":"","inline_featured_image":false,"_monsterinsights_skip_tracking":false,"_monsterinsights_sitenote_active":false,"_monsterinsights_sitenote_note":"","_monsterinsights_sitenote_category":0},"product_brand":[],"product_cat":[90,540],"product_tag":[],"class_list":{"0":"post-1014785","1":"product","2":"type-product","3":"status-publish","4":"has-post-thumbnail","6":"product_cat-altres","7":"product_cat-otros","9":"first","10":"instock","11":"taxable","12":"shipping-taxable","13":"purchasable","14":"product-type-simple"},"acf":{"autor":"SOURAKOV, ANDREI \/ SOURAKOV, ALEXANDRA A.","codart":"841026872","libros-coleccion":"FORA DE COL.LECCI\u00d3","ediciones":"1","encuadernacion":"Carpeta","fecha_de_publicacion":"01\/03\/2025","novedad":"1","paginas":"160","subtitulo":"","orden":"0","portada":"0","idioma":"cat","editorial":[{"ID":147554,"post_author":"3","post_date":"2022-10-14 11:51:27","post_date_gmt":"2022-10-14 09:51:27","post_content":"","post_title":"BLUME (Naturart)","post_excerpt":"","post_status":"publish","comment_status":"closed","ping_status":"closed","post_password":"","post_name":"blume-naturart","to_ping":"","pinged":"","post_modified":"2022-10-14 11:51:27","post_modified_gmt":"2022-10-14 09:51:27","post_content_filtered":"","post_parent":0,"guid":"http:\/\/dev.claret.cat\/editorial\/blume-naturart\/","menu_order":0,"post_type":"editorial","post_mime_type":"","comment_count":"0","filter":"raw"}],"booktrailer":"","resenas":""},"aioseo_notices":[],"_links":{"self":[{"href":"https:\/\/www.claret.cat\/es\/wp-json\/wp\/v2\/product\/1014785","targetHints":{"allow":["GET"]}}],"collection":[{"href":"https:\/\/www.claret.cat\/es\/wp-json\/wp\/v2\/product"}],"about":[{"href":"https:\/\/www.claret.cat\/es\/wp-json\/wp\/v2\/types\/product"}],"wp:featuredmedia":[{"embeddable":true,"href":"https:\/\/www.claret.cat\/es\/wp-json\/wp\/v2\/media\/1014852"}],"wp:attachment":[{"href":"https:\/\/www.claret.cat\/es\/wp-json\/wp\/v2\/media?parent=1014785"}],"wp:term":[{"taxonomy":"product_brand","embeddable":true,"href":"https:\/\/www.claret.cat\/es\/wp-json\/wp\/v2\/product_brand?post=1014785"},{"taxonomy":"product_cat","embeddable":true,"href":"https:\/\/www.claret.cat\/es\/wp-json\/wp\/v2\/product_cat?post=1014785"},{"taxonomy":"product_tag","embeddable":true,"href":"https:\/\/www.claret.cat\/es\/wp-json\/wp\/v2\/product_tag?post=1014785"}],"curies":[{"name":"wp","href":"https:\/\/api.w.org\/{rel}","templated":true}]}}