{"id":1014812,"date":"2025-03-27T18:35:01","date_gmt":"2025-03-27T17:35:01","guid":{"rendered":"https:\/\/www.claret.cat\/llibre\/reino-de-las-sirenas-9788410268258\/"},"modified":"2025-03-28T11:16:19","modified_gmt":"2025-03-28T10:16:19","slug":"reino-de-las-sirenas-9788410268258","status":"publish","type":"product","link":"https:\/\/www.claret.cat\/es\/libro\/reino-de-las-sirenas-9788410268258\/","title":{"rendered":"REINO DE LAS SIRENAS"},"content":{"rendered":"<p>* Sum\u00e9rgete en el mundo secreto de las sirenas a trav\u00e9s de este precioso universo desplegable bajo el mar! Ayuda a Arenita, Conchita y Estrella a prepararse para una visita muy especial de la reina Marina. Extrae las piezas para jugar y \u00fanete a la diversi\u00f3n mientras se visten, sirven un banquete y organizan un espect\u00e1culo en los tres escenarios m\u00e1gicos. \u00a1Con 25 piezas para jugar! Cuando termines de jugar, podr\u00e1s guardar las 25 piezas en un sobre especial y cerrar con un bonito lazo tu carrusel m\u00e1gico.<\/p>\n","protected":false},"excerpt":{"rendered":"<p>JATKOWSKA, AG<\/p>\n","protected":false},"featured_media":1014952,"template":"","meta":{"_acf_changed":false,"om_disable_all_campaigns":false,"rs_blank_template":"","rs_page_bg_color":"","slide_template_v7":"","inline_featured_image":false,"_monsterinsights_skip_tracking":false,"_monsterinsights_sitenote_active":false,"_monsterinsights_sitenote_note":"","_monsterinsights_sitenote_category":0},"product_brand":[],"product_cat":[132,362],"product_tag":[],"class_list":{"0":"post-1014812","1":"product","2":"type-product","3":"status-publish","4":"has-post-thumbnail","6":"product_cat-lectures-per-preadolescents-6-12-anys","7":"product_cat-libros-preadolescentes-6-12-anos","9":"first","10":"instock","11":"taxable","12":"shipping-taxable","13":"purchasable","14":"product-type-simple"},"acf":{"autor":"JATKOWSKA, AG","codart":"841026825","libros-coleccion":"FORA DE COL.LECCI\u00d3","ediciones":"1","encuadernacion":"Carton\u00e9","fecha_de_publicacion":"01\/09\/2024","novedad":"1","paginas":"10","subtitulo":"","orden":"0","portada":"0","idioma":"spa","editorial":[{"ID":147554,"post_author":"3","post_date":"2022-10-14 11:51:27","post_date_gmt":"2022-10-14 09:51:27","post_content":"","post_title":"BLUME (Naturart)","post_excerpt":"","post_status":"publish","comment_status":"closed","ping_status":"closed","post_password":"","post_name":"blume-naturart","to_ping":"","pinged":"","post_modified":"2022-10-14 11:51:27","post_modified_gmt":"2022-10-14 09:51:27","post_content_filtered":"","post_parent":0,"guid":"http:\/\/dev.claret.cat\/editorial\/blume-naturart\/","menu_order":0,"post_type":"editorial","post_mime_type":"","comment_count":"0","filter":"raw"}]},"aioseo_notices":[],"_links":{"self":[{"href":"https:\/\/www.claret.cat\/es\/wp-json\/wp\/v2\/product\/1014812","targetHints":{"allow":["GET"]}}],"collection":[{"href":"https:\/\/www.claret.cat\/es\/wp-json\/wp\/v2\/product"}],"about":[{"href":"https:\/\/www.claret.cat\/es\/wp-json\/wp\/v2\/types\/product"}],"wp:featuredmedia":[{"embeddable":true,"href":"https:\/\/www.claret.cat\/es\/wp-json\/wp\/v2\/media\/1014952"}],"wp:attachment":[{"href":"https:\/\/www.claret.cat\/es\/wp-json\/wp\/v2\/media?parent=1014812"}],"wp:term":[{"taxonomy":"product_brand","embeddable":true,"href":"https:\/\/www.claret.cat\/es\/wp-json\/wp\/v2\/product_brand?post=1014812"},{"taxonomy":"product_cat","embeddable":true,"href":"https:\/\/www.claret.cat\/es\/wp-json\/wp\/v2\/product_cat?post=1014812"},{"taxonomy":"product_tag","embeddable":true,"href":"https:\/\/www.claret.cat\/es\/wp-json\/wp\/v2\/product_tag?post=1014812"}],"curies":[{"name":"wp","href":"https:\/\/api.w.org\/{rel}","templated":true}]}}