{"id":101486,"date":"2022-10-12T08:07:50","date_gmt":"2022-10-12T06:07:50","guid":{"rendered":"http:\/\/dev.claret.cat\/producte\/escola-daprenents\/"},"modified":"2023-05-11T00:18:02","modified_gmt":"2023-05-10T22:18:02","slug":"escola-daprenents-9788418218422","status":"publish","type":"product","link":"https:\/\/www.claret.cat\/es\/libro\/escola-daprenents-9788418218422\/","title":{"rendered":"ESCOLA D&#8217;APRENENTS"},"content":{"rendered":"<p>L&#8221;educaci\u00f3 \u00e9s el substrat de la conviv\u00e8ncia, el taller on s&#8221;assagen les formes de vida possible. Per aix\u00f2 el capitalisme cognitiu s&#8221;ha pres seriosament la tasca d&#8221;assaltar tots els seus camps: l&#8221;educaci\u00f3 formal i la informal, els recursos, les eines i les metodologies. La presencialitat i la virtualitat. La inf\u00e0ncia i la formaci\u00f3 al llarg de tota la vida. L&#8221;educaci\u00f3 no nom\u00e9s \u00e9s un gran negoci. \u00c9s un camp de batalla on la societat reparteix, de manera desigual, els seus futurs. Diuen els pedagogs que cal canviar-ho tot, perqu\u00e8 el m\u00f3n ha canviat per sempre. Aquesta afirmaci\u00f3 amaga les preguntes que ens fan m\u00e9s por: de qu\u00e8 serveix saber quan no sabem com viure? Per qu\u00e8 aprendre quan no podem imaginar el futur? Aquestes preguntes s\u00f3n el mirall on no ens volem mirar. Ens fa vergonya no tenir respostes i sempre \u00e9s m\u00e9s f\u00e0cil disparar contra mestres i educadors. Com volem ser educats? Aquesta \u00e9s la pregunta que una societat que es vulgui mirar a la cara hauria d&#8221;atrevir-se a compartir. Ens implica a tots. Tots som aprenents al taller on s&#8221;assagen les formes de vida possible. Educar no \u00e9s aplicar un programa. Educar \u00e9s l&#8221;art d&#8221;acollir l&#8221;exist\u00e8ncia, elaborar la consci\u00e8ncia i disputar els futurs. Dins i fora de les escoles, l&#8221;educaci\u00f3 \u00e9s una invitaci\u00f3: la invitaci\u00f3 a prendre el risc d&#8221;aprendre junts, contra les servituds del propi temps.<\/p>\n","protected":false},"excerpt":{"rendered":"<p>GARC\u00c9S, MARINA<\/p>\n","protected":false},"featured_media":101487,"template":"","meta":{"_acf_changed":false,"om_disable_all_campaigns":false,"rs_blank_template":"","rs_page_bg_color":"","slide_template_v7":"","inline_featured_image":false,"_monsterinsights_skip_tracking":false,"_monsterinsights_sitenote_active":false,"_monsterinsights_sitenote_note":"","_monsterinsights_sitenote_category":0},"product_brand":[],"product_cat":[127,357,168,439],"product_tag":[],"class_list":{"0":"post-101486","1":"product","2":"type-product","3":"status-publish","4":"has-post-thumbnail","6":"product_cat-novella-contemporania","7":"product_cat-novela-contemporanea","8":"product_cat-teoria-del-coneixement","9":"product_cat-teoria-del-conocimiento","11":"first","12":"instock","13":"taxable","14":"shipping-taxable","15":"purchasable","16":"product-type-simple"},"acf":{"editorial":[{"ID":6260,"post_author":"3","post_date":"2022-07-28 17:48:23","post_date_gmt":"2022-07-28 15:48:23","post_content":"","post_title":"Galaxia Gutenberg","post_excerpt":"","post_status":"publish","comment_status":"closed","ping_status":"closed","post_password":"","post_name":"galaxia-gutenberg","to_ping":"","pinged":"","post_modified":"2022-07-28 17:48:23","post_modified_gmt":"2022-07-28 15:48:23","post_content_filtered":"","post_parent":0,"guid":"http:\/\/dev.claret.cat\/editorial\/galaxia-gutenberg\/","menu_order":0,"post_type":"editorial","post_mime_type":"","comment_count":"0","filter":"raw"}],"autor":"GARC\u00c9S, MARINA","codart":"841821842","libros-coleccion":"Llibres en catal\u00e0","ediciones":"1","encuadernacion":"Carton\u00e9","fecha_de_publicacion":"01\/11\/2020","novedad":"1","paginas":"185","subtitulo":"","orden":"0","portada":"0","idioma":"cat","autores-libros":[{"ID":163936,"post_author":"3","post_date":"2022-10-14 17:43:02","post_date_gmt":"2022-10-14 15:43:02","post_content":"","post_title":"MARINA GARC\u00c9S","post_excerpt":"","post_status":"publish","comment_status":"closed","ping_status":"closed","post_password":"","post_name":"marina-garces","to_ping":"","pinged":"","post_modified":"2022-10-14 17:43:02","post_modified_gmt":"2022-10-14 15:43:02","post_content_filtered":"","post_parent":0,"guid":"http:\/\/dev.claret.cat\/autor\/marina-garces\/","menu_order":0,"post_type":"autor","post_mime_type":"","comment_count":"0","filter":"raw"}]},"aioseo_notices":[],"_links":{"self":[{"href":"https:\/\/www.claret.cat\/es\/wp-json\/wp\/v2\/product\/101486","targetHints":{"allow":["GET"]}}],"collection":[{"href":"https:\/\/www.claret.cat\/es\/wp-json\/wp\/v2\/product"}],"about":[{"href":"https:\/\/www.claret.cat\/es\/wp-json\/wp\/v2\/types\/product"}],"wp:featuredmedia":[{"embeddable":true,"href":"https:\/\/www.claret.cat\/es\/wp-json\/wp\/v2\/media\/101487"}],"wp:attachment":[{"href":"https:\/\/www.claret.cat\/es\/wp-json\/wp\/v2\/media?parent=101486"}],"wp:term":[{"taxonomy":"product_brand","embeddable":true,"href":"https:\/\/www.claret.cat\/es\/wp-json\/wp\/v2\/product_brand?post=101486"},{"taxonomy":"product_cat","embeddable":true,"href":"https:\/\/www.claret.cat\/es\/wp-json\/wp\/v2\/product_cat?post=101486"},{"taxonomy":"product_tag","embeddable":true,"href":"https:\/\/www.claret.cat\/es\/wp-json\/wp\/v2\/product_tag?post=101486"}],"curies":[{"name":"wp","href":"https:\/\/api.w.org\/{rel}","templated":true}]}}