{"id":1014930,"date":"2025-03-28T10:47:19","date_gmt":"2025-03-28T09:47:19","guid":{"rendered":"https:\/\/www.claret.cat\/llibre\/brunilda-diu-lluiiis-9788498016048\/"},"modified":"2025-03-28T10:50:06","modified_gmt":"2025-03-28T09:50:06","slug":"brunilda-diu-lluiiis-9788498016048","status":"publish","type":"product","link":"https:\/\/www.claret.cat\/es\/libro\/brunilda-diu-lluiiis-9788498016048\/","title":{"rendered":"BRUNILDA DIU &#8216;LLU\u00cd\u00cd\u00cdS&#8217;"},"content":{"rendered":"<p>A la Brunilda li encanten els reptes! Pot enfrontar-se a un follet de les dent rondinaire que li canvia la seva dent por un enorme ullal; pot tocar en una orquestra; ocupar-se de les puces del seu gat Bru per poder presentar-lo, ben elegant i engalanat, al concurs anual de gats de bruixes, o incl\u00fas sotmetre&#8217;s a un canvi d&#8217;imatge&#8230;<\/p>\n","protected":false},"excerpt":{"rendered":"<p>OWEN, LAURA\/PAUL, KORKY<\/p>\n","protected":false},"featured_media":1014931,"template":"","meta":{"_acf_changed":false,"om_disable_all_campaigns":false,"rs_blank_template":"","rs_page_bg_color":"","slide_template_v7":"","inline_featured_image":false,"_monsterinsights_skip_tracking":false,"_monsterinsights_sitenote_active":false,"_monsterinsights_sitenote_note":"","_monsterinsights_sitenote_category":0},"product_brand":[],"product_cat":[132,362],"product_tag":[],"class_list":{"0":"post-1014930","1":"product","2":"type-product","3":"status-publish","4":"has-post-thumbnail","6":"product_cat-lectures-per-preadolescents-6-12-anys","7":"product_cat-libros-preadolescentes-6-12-anos","9":"first","10":"instock","11":"taxable","12":"shipping-taxable","13":"purchasable","14":"product-type-simple"},"acf":{"autor":"OWEN, LAURA\/PAUL, KORKY","codart":"849801604","libros-coleccion":"","ediciones":"1","encuadernacion":"R\u00fastica","fecha_de_publicacion":"31\/01\/2012","novedad":"0","paginas":"95","subtitulo":"","orden":"999","portada":"0","idioma":"cat","editorial":[{"ID":147556,"post_author":"3","post_date":"2022-10-14 11:51:28","post_date_gmt":"2022-10-14 09:51:28","post_content":"","post_title":"BLUME, EDITORIAL","post_excerpt":"","post_status":"publish","comment_status":"closed","ping_status":"closed","post_password":"","post_name":"blume-editorial-2","to_ping":"","pinged":"","post_modified":"2022-10-14 11:51:28","post_modified_gmt":"2022-10-14 09:51:28","post_content_filtered":"","post_parent":0,"guid":"http:\/\/dev.claret.cat\/editorial\/blume-editorial-2\/","menu_order":0,"post_type":"editorial","post_mime_type":"","comment_count":"0","filter":"raw"}],"autores-libros":[{"ID":1014929,"post_author":"3","post_date":"2025-03-28 10:47:15","post_date_gmt":"2025-03-28 09:47:15","post_content":"","post_title":"LAURA OWEN","post_excerpt":"","post_status":"publish","comment_status":"closed","ping_status":"closed","post_password":"","post_name":"laura-owen","to_ping":"","pinged":"","post_modified":"2025-03-28 10:47:15","post_modified_gmt":"2025-03-28 09:47:15","post_content_filtered":"","post_parent":0,"guid":"https:\/\/www.claret.cat\/autor\/laura-owen\/","menu_order":0,"post_type":"autor","post_mime_type":"","comment_count":"0","filter":"raw"},{"ID":425199,"post_author":"3","post_date":"2023-05-16 08:16:43","post_date_gmt":"2023-05-16 06:16:43","post_content":"","post_title":"KORKY PAUL","post_excerpt":"","post_status":"publish","comment_status":"closed","ping_status":"closed","post_password":"","post_name":"korky-paul","to_ping":"","pinged":"","post_modified":"2023-05-16 08:16:43","post_modified_gmt":"2023-05-16 06:16:43","post_content_filtered":"","post_parent":0,"guid":"https:\/\/www.claret.cat\/autor\/korky-paul\/","menu_order":0,"post_type":"autor","post_mime_type":"","comment_count":"0","filter":"raw"}]},"aioseo_notices":[],"_links":{"self":[{"href":"https:\/\/www.claret.cat\/es\/wp-json\/wp\/v2\/product\/1014930","targetHints":{"allow":["GET"]}}],"collection":[{"href":"https:\/\/www.claret.cat\/es\/wp-json\/wp\/v2\/product"}],"about":[{"href":"https:\/\/www.claret.cat\/es\/wp-json\/wp\/v2\/types\/product"}],"wp:featuredmedia":[{"embeddable":true,"href":"https:\/\/www.claret.cat\/es\/wp-json\/wp\/v2\/media\/1014931"}],"wp:attachment":[{"href":"https:\/\/www.claret.cat\/es\/wp-json\/wp\/v2\/media?parent=1014930"}],"wp:term":[{"taxonomy":"product_brand","embeddable":true,"href":"https:\/\/www.claret.cat\/es\/wp-json\/wp\/v2\/product_brand?post=1014930"},{"taxonomy":"product_cat","embeddable":true,"href":"https:\/\/www.claret.cat\/es\/wp-json\/wp\/v2\/product_cat?post=1014930"},{"taxonomy":"product_tag","embeddable":true,"href":"https:\/\/www.claret.cat\/es\/wp-json\/wp\/v2\/product_tag?post=1014930"}],"curies":[{"name":"wp","href":"https:\/\/api.w.org\/{rel}","templated":true}]}}