{"id":1014939,"date":"2025-03-28T10:55:30","date_gmt":"2025-03-28T09:55:30","guid":{"rendered":"https:\/\/www.claret.cat\/llibre\/la-brunilda-es-posa-en-forma-9788498016185\/"},"modified":"2025-03-28T10:55:48","modified_gmt":"2025-03-28T09:55:48","slug":"la-brunilda-es-posa-en-forma-9788498016185","status":"publish","type":"product","link":"https:\/\/www.claret.cat\/es\/libro\/la-brunilda-es-posa-en-forma-9788498016185\/","title":{"rendered":"LA BRUNILDA ES POSA EN FORMA"},"content":{"rendered":"<p>A la Brunilda se li ha girat molta feina: ha d&#8217;estar ben calladeta per recaptar diners per als nens m\u00e9s pobres del m\u00f3n gr\u00e0cies a una iniciativa del col.legi, ha d&#8217;ajudar uns extraterrestres a tornar a casa despr\u00e9s de que en Bru toqu\u00e9s els comandaments de la nau i arribessin inesperadament a la Terra, tamb\u00e9 ha de participar en un concurs de girar creps llan\u00e7ant-les enlaire a la Fira de la Primavera per poder guanyar un parell de sabates ben boniques, i posar-se en forma fent exercici i menjant sa&#8230;<\/p>\n","protected":false},"excerpt":{"rendered":"<p>OWEN, LAURA\/PAUL, KORKY<\/p>\n","protected":false},"featured_media":1014940,"template":"","meta":{"_acf_changed":false,"om_disable_all_campaigns":false,"rs_blank_template":"","rs_page_bg_color":"","slide_template_v7":"","inline_featured_image":false,"_monsterinsights_skip_tracking":false,"_monsterinsights_sitenote_active":false,"_monsterinsights_sitenote_note":"","_monsterinsights_sitenote_category":0},"product_brand":[],"product_cat":[132,362],"product_tag":[],"class_list":{"0":"post-1014939","1":"product","2":"type-product","3":"status-publish","4":"has-post-thumbnail","6":"product_cat-lectures-per-preadolescents-6-12-anys","7":"product_cat-libros-preadolescentes-6-12-anos","9":"first","10":"instock","11":"taxable","12":"shipping-taxable","13":"purchasable","14":"product-type-simple"},"acf":{"autor":"OWEN, LAURA\/PAUL, KORKY","codart":"849801618","libros-coleccion":"","ediciones":"0","encuadernacion":"R\u00fastica","fecha_de_publicacion":"17\/03\/2012","novedad":"0","paginas":"90","subtitulo":"","orden":"999","portada":"0","idioma":"cat","editorial":[{"ID":147556,"post_author":"3","post_date":"2022-10-14 11:51:28","post_date_gmt":"2022-10-14 09:51:28","post_content":"","post_title":"BLUME, EDITORIAL","post_excerpt":"","post_status":"publish","comment_status":"closed","ping_status":"closed","post_password":"","post_name":"blume-editorial-2","to_ping":"","pinged":"","post_modified":"2022-10-14 11:51:28","post_modified_gmt":"2022-10-14 09:51:28","post_content_filtered":"","post_parent":0,"guid":"http:\/\/dev.claret.cat\/editorial\/blume-editorial-2\/","menu_order":0,"post_type":"editorial","post_mime_type":"","comment_count":"0","filter":"raw"}],"autores-libros":[{"ID":1014929,"post_author":"3","post_date":"2025-03-28 10:47:15","post_date_gmt":"2025-03-28 09:47:15","post_content":"","post_title":"LAURA OWEN","post_excerpt":"","post_status":"publish","comment_status":"closed","ping_status":"closed","post_password":"","post_name":"laura-owen","to_ping":"","pinged":"","post_modified":"2025-03-28 10:47:15","post_modified_gmt":"2025-03-28 09:47:15","post_content_filtered":"","post_parent":0,"guid":"https:\/\/www.claret.cat\/autor\/laura-owen\/","menu_order":0,"post_type":"autor","post_mime_type":"","comment_count":"0","filter":"raw"},{"ID":425199,"post_author":"3","post_date":"2023-05-16 08:16:43","post_date_gmt":"2023-05-16 06:16:43","post_content":"","post_title":"KORKY PAUL","post_excerpt":"","post_status":"publish","comment_status":"closed","ping_status":"closed","post_password":"","post_name":"korky-paul","to_ping":"","pinged":"","post_modified":"2023-05-16 08:16:43","post_modified_gmt":"2023-05-16 06:16:43","post_content_filtered":"","post_parent":0,"guid":"https:\/\/www.claret.cat\/autor\/korky-paul\/","menu_order":0,"post_type":"autor","post_mime_type":"","comment_count":"0","filter":"raw"}]},"aioseo_notices":[],"_links":{"self":[{"href":"https:\/\/www.claret.cat\/es\/wp-json\/wp\/v2\/product\/1014939","targetHints":{"allow":["GET"]}}],"collection":[{"href":"https:\/\/www.claret.cat\/es\/wp-json\/wp\/v2\/product"}],"about":[{"href":"https:\/\/www.claret.cat\/es\/wp-json\/wp\/v2\/types\/product"}],"wp:featuredmedia":[{"embeddable":true,"href":"https:\/\/www.claret.cat\/es\/wp-json\/wp\/v2\/media\/1014940"}],"wp:attachment":[{"href":"https:\/\/www.claret.cat\/es\/wp-json\/wp\/v2\/media?parent=1014939"}],"wp:term":[{"taxonomy":"product_brand","embeddable":true,"href":"https:\/\/www.claret.cat\/es\/wp-json\/wp\/v2\/product_brand?post=1014939"},{"taxonomy":"product_cat","embeddable":true,"href":"https:\/\/www.claret.cat\/es\/wp-json\/wp\/v2\/product_cat?post=1014939"},{"taxonomy":"product_tag","embeddable":true,"href":"https:\/\/www.claret.cat\/es\/wp-json\/wp\/v2\/product_tag?post=1014939"}],"curies":[{"name":"wp","href":"https:\/\/api.w.org\/{rel}","templated":true}]}}