{"id":101498,"date":"2022-10-12T08:08:00","date_gmt":"2022-10-12T06:08:00","guid":{"rendered":"http:\/\/dev.claret.cat\/producte\/marcia-de-vermont\/"},"modified":"2023-01-28T10:23:40","modified_gmt":"2023-01-28T09:23:40","slug":"marcia-de-vermont-9788417902872","status":"publish","type":"product","link":"https:\/\/www.claret.cat\/es\/libro\/marcia-de-vermont-9788417902872\/","title":{"rendered":"MARCIA DE VERMONT"},"content":{"rendered":"<p>Una estancia de dos meses en una colonia de artistas en Vermont enfrenta a Peter, el narrador de este relato, con los fantasmas de su pasado: de pronto todo parece recordarle a Marcia, la mujer a la que conoci\u00f3 treinta a\u00f1os atr\u00e1s, cuando era un joven artista intentando forjarse un nombre en la Gran Manzana. Las Navidades que pasaron juntos, descubre ahora, podr\u00edan haber cambiado su vida para siempre, y la inquietante soledad del fantasmag\u00f3rico paisaje nevado que lo rodea no hace sino invitarlo a revisitar aquellos d\u00edas de hallazgo y abandono, y a imaginar la vida que no tuvo. Peter Stamm plasma con la maestr\u00eda y la precisi\u00f3n que lo caracterizan esa dolorosa brecha entre la realidad vivida y la fantas\u00eda de lo que habr\u00eda podido ser que a menudo acompa\u00f1a la madurez.<\/p>\n","protected":false},"excerpt":{"rendered":"<p>STAMM, PETER<\/p>\n","protected":false},"featured_media":101499,"template":"","meta":{"_acf_changed":false,"om_disable_all_campaigns":false,"rs_blank_template":"","rs_page_bg_color":"","slide_template_v7":"","inline_featured_image":false,"_monsterinsights_skip_tracking":false,"_monsterinsights_sitenote_active":false,"_monsterinsights_sitenote_note":"","_monsterinsights_sitenote_category":0},"product_brand":[],"product_cat":[127],"product_tag":[],"class_list":{"0":"post-101498","1":"product","2":"type-product","3":"status-publish","4":"has-post-thumbnail","6":"product_cat-novella-contemporania","8":"first","9":"instock","10":"taxable","11":"shipping-taxable","12":"purchasable","13":"product-type-simple"},"acf":{"editorial":[{"ID":6111,"post_author":"3","post_date":"2022-07-28 17:45:08","post_date_gmt":"2022-07-28 15:45:08","post_content":"","post_title":"ACANTILADO","post_excerpt":"","post_status":"publish","comment_status":"closed","ping_status":"closed","post_password":"","post_name":"acantilado","to_ping":"","pinged":"","post_modified":"2022-07-28 17:45:08","post_modified_gmt":"2022-07-28 15:45:08","post_content_filtered":"","post_parent":0,"guid":"http:\/\/dev.claret.cat\/editorial\/acantilado\/","menu_order":0,"post_type":"editorial","post_mime_type":"","comment_count":"0","filter":"raw"}],"autor":"STAMM, PETER","codart":"841790287","libros-coleccion":"Cuadernos del Acantilado","ediciones":"1","encuadernacion":"R\u00fastica","fecha_de_publicacion":"01\/11\/2020","novedad":"1","paginas":"82","subtitulo":"CUENTO DE INVIERNO","orden":"0","portada":"0","idioma":"spa","autores-libros":[{"ID":167128,"post_author":"3","post_date":"2022-10-14 18:08:46","post_date_gmt":"2022-10-14 16:08:46","post_content":"","post_title":"PETER STAMM","post_excerpt":"","post_status":"publish","comment_status":"closed","ping_status":"closed","post_password":"","post_name":"peter-stamm","to_ping":"","pinged":"","post_modified":"2022-10-14 18:08:46","post_modified_gmt":"2022-10-14 16:08:46","post_content_filtered":"","post_parent":0,"guid":"http:\/\/dev.claret.cat\/autor\/peter-stamm\/","menu_order":0,"post_type":"autor","post_mime_type":"","comment_count":"0","filter":"raw"}]},"aioseo_notices":[],"_links":{"self":[{"href":"https:\/\/www.claret.cat\/es\/wp-json\/wp\/v2\/product\/101498","targetHints":{"allow":["GET"]}}],"collection":[{"href":"https:\/\/www.claret.cat\/es\/wp-json\/wp\/v2\/product"}],"about":[{"href":"https:\/\/www.claret.cat\/es\/wp-json\/wp\/v2\/types\/product"}],"wp:featuredmedia":[{"embeddable":true,"href":"https:\/\/www.claret.cat\/es\/wp-json\/wp\/v2\/media\/101499"}],"wp:attachment":[{"href":"https:\/\/www.claret.cat\/es\/wp-json\/wp\/v2\/media?parent=101498"}],"wp:term":[{"taxonomy":"product_brand","embeddable":true,"href":"https:\/\/www.claret.cat\/es\/wp-json\/wp\/v2\/product_brand?post=101498"},{"taxonomy":"product_cat","embeddable":true,"href":"https:\/\/www.claret.cat\/es\/wp-json\/wp\/v2\/product_cat?post=101498"},{"taxonomy":"product_tag","embeddable":true,"href":"https:\/\/www.claret.cat\/es\/wp-json\/wp\/v2\/product_tag?post=101498"}],"curies":[{"name":"wp","href":"https:\/\/api.w.org\/{rel}","templated":true}]}}