{"id":1014993,"date":"2025-03-28T11:45:40","date_gmt":"2025-03-28T10:45:40","guid":{"rendered":"https:\/\/www.claret.cat\/llibre\/el-mundo-de-los-dinosaurios-9788418075322\/"},"modified":"2025-03-28T11:45:55","modified_gmt":"2025-03-28T10:45:55","slug":"el-mundo-de-los-dinosaurios-9788418075322","status":"publish","type":"product","link":"https:\/\/www.claret.cat\/es\/libro\/el-mundo-de-los-dinosaurios-9788418075322\/","title":{"rendered":"EL MUNDO DE LOS DINOSAURIOS"},"content":{"rendered":"<p>* Un experto mundial en paleontolog\u00eda de los dinosaurios nos gu\u00eda por un antiguo paisaje en el que habitaron estos extraordinarios y carism\u00e1ticos animales. <br \/> * Los dinosaurios han estado presentes en nuestra imaginaci\u00f3n desde el descubrimiento de los primeros f\u00f3siles en el siglo xix. La ciencia moderna contin\u00faa desenterrando nuevos descubrimientos para obtener una imagen m\u00e1s clara del mundo que habitaron. <br \/> * Desde la devastadora fuerza de mordida de Tyrannosaurus hasta los cuernos y la gola de Triceratops, pasando por las plumosas alas de Archaeopteryx, este libro presenta unos perfiles detallados, basados en los \u00faltimos descubrimientos cient\u00edficos, acompa\u00f1ados por cientos de fotograf\u00edas e ilustraciones.<\/p>\n<p> Vivimos una nueva edad de oro en cuanto a la b\u00fasqueda e investigaci\u00f3n activa sobre los dinosaurios, y se llevan a cabo descubrimientos a una velocidad sin parang\u00f3n en toda la historia de la paleontolog\u00eda. Mark A. Norell, uno de los m\u00e1s destacados paleont\u00f3logos de dinosaurios del mundo, explica y eval\u00faa las investigaciones m\u00e1s recientes, desde la abundancia de hallazgos f\u00f3siles en Patagonia y el desierto de Gobi en Mongolia hasta el uso de las nuevas tecnolog\u00edas para desvelar nuevos conocimientos sobre el linaje, la biolog\u00eda, el comportamiento y el aspecto de los dinosaurios. Esta nueva interpretaci\u00f3n cient\u00edfica destierra la imagen tradicional de los dinosaurios que hasta ahora prevalec\u00eda en la cultura popular, para crear una imagen distinta del aspecto real de estos animales.<\/p>\n<p> Profusamente ilustrada con im\u00e1genes procedentes de los archivos del American Museum of Natural History de Nueva York, que alberga una de las colecciones de dinosaurios m\u00e1s diversas del mundo, y tambi\u00e9n de otros museos, este libro le llevar\u00e1 en un viaje incre\u00edble a trav\u00e9s del mundo de los dinosaurios.<\/p>\n","protected":false},"excerpt":{"rendered":"<p>NORELL, MARK A<\/p>\n","protected":false},"featured_media":1014994,"template":"","meta":{"_acf_changed":false,"om_disable_all_campaigns":false,"rs_blank_template":"","rs_page_bg_color":"","slide_template_v7":"","inline_featured_image":false,"_monsterinsights_skip_tracking":false,"_monsterinsights_sitenote_active":false,"_monsterinsights_sitenote_note":"","_monsterinsights_sitenote_category":0},"product_brand":[],"product_cat":[105,555],"product_tag":[],"class_list":{"0":"post-1014993","1":"product","2":"type-product","3":"status-publish","4":"has-post-thumbnail","6":"product_cat-regal","7":"product_cat-regalo","9":"first","10":"instock","11":"taxable","12":"shipping-taxable","13":"purchasable","14":"product-type-simple"},"acf":{"autor":"NORELL, MARK A","codart":"841807532","libros-coleccion":"BLUME","ediciones":"1","encuadernacion":"Carton\u00e9","fecha_de_publicacion":"01\/09\/2020","novedad":"1","paginas":"0","subtitulo":"PERFILES DETALLADOS DEFINITIVOS, BASADOS EN LOS \u00daLTIMOS DESCUBRIMIENTOS CIENT\u00cdFI","orden":"0","portada":"0","idioma":"spa","editorial":[{"ID":147554,"post_author":"3","post_date":"2022-10-14 11:51:27","post_date_gmt":"2022-10-14 09:51:27","post_content":"","post_title":"BLUME (Naturart)","post_excerpt":"","post_status":"publish","comment_status":"closed","ping_status":"closed","post_password":"","post_name":"blume-naturart","to_ping":"","pinged":"","post_modified":"2022-10-14 11:51:27","post_modified_gmt":"2022-10-14 09:51:27","post_content_filtered":"","post_parent":0,"guid":"http:\/\/dev.claret.cat\/editorial\/blume-naturart\/","menu_order":0,"post_type":"editorial","post_mime_type":"","comment_count":"0","filter":"raw"}]},"aioseo_notices":[],"_links":{"self":[{"href":"https:\/\/www.claret.cat\/es\/wp-json\/wp\/v2\/product\/1014993","targetHints":{"allow":["GET"]}}],"collection":[{"href":"https:\/\/www.claret.cat\/es\/wp-json\/wp\/v2\/product"}],"about":[{"href":"https:\/\/www.claret.cat\/es\/wp-json\/wp\/v2\/types\/product"}],"wp:featuredmedia":[{"embeddable":true,"href":"https:\/\/www.claret.cat\/es\/wp-json\/wp\/v2\/media\/1014994"}],"wp:attachment":[{"href":"https:\/\/www.claret.cat\/es\/wp-json\/wp\/v2\/media?parent=1014993"}],"wp:term":[{"taxonomy":"product_brand","embeddable":true,"href":"https:\/\/www.claret.cat\/es\/wp-json\/wp\/v2\/product_brand?post=1014993"},{"taxonomy":"product_cat","embeddable":true,"href":"https:\/\/www.claret.cat\/es\/wp-json\/wp\/v2\/product_cat?post=1014993"},{"taxonomy":"product_tag","embeddable":true,"href":"https:\/\/www.claret.cat\/es\/wp-json\/wp\/v2\/product_tag?post=1014993"}],"curies":[{"name":"wp","href":"https:\/\/api.w.org\/{rel}","templated":true}]}}