{"id":101507,"date":"2022-10-12T08:08:07","date_gmt":"2022-10-12T06:08:07","guid":{"rendered":"http:\/\/dev.claret.cat\/producte\/marcia-de-vermont-2\/"},"modified":"2023-01-28T03:37:45","modified_gmt":"2023-01-28T02:37:45","slug":"marcia-de-vermont-9788477276272","status":"publish","type":"product","link":"https:\/\/www.claret.cat\/es\/libro\/marcia-de-vermont-9788477276272\/","title":{"rendered":"MARCIA DE VERMONT"},"content":{"rendered":"<p>Una estada de dos mesos en una col\u00f2nia d&#8221;artistes a Vermont enfronta en Peter, el narrador d&#8221;aquest re- lat, amb els fantasmes del seu passat: de sobte tot sembla recordar-li la Marcia, la dona que va con\u00e8ixer trenta anys enrere, quan era un jove artista provant de fer-se un nom a la Gran Poma. El Nadal estrany que van passar plegats, esbrina ara, podria haver-li canviat la vida per sempre m\u00e9s, i la solitud inquietant del fantasmag\u00f2ric paisatge nevat que l&#8221;envolta no fa sin\u00f3 convidar-lo a revisitar aquells dies de descoberta i abandonament, i a imaginar la vida que no va tenir. A Marcia de Vermont Peter Stamm plasma amb la per\u00edcia i la precisi\u00f3 que el caracteritzen la dolorosa bretxa entre la realitat viscuda i la fantasia d&#8221;all\u00f2 que podria haver estat que sovint acompanya la maduresa.<\/p>\n","protected":false},"excerpt":{"rendered":"<p>STAMM, PETER<\/p>\n","protected":false},"featured_media":101508,"template":"","meta":{"_acf_changed":false,"om_disable_all_campaigns":false,"rs_blank_template":"","rs_page_bg_color":"","slide_template_v7":"","inline_featured_image":false,"_monsterinsights_skip_tracking":false,"_monsterinsights_sitenote_active":false,"_monsterinsights_sitenote_note":"","_monsterinsights_sitenote_category":0},"product_brand":[],"product_cat":[127],"product_tag":[],"class_list":{"0":"post-101507","1":"product","2":"type-product","3":"status-publish","4":"has-post-thumbnail","6":"product_cat-novella-contemporania","8":"first","9":"instock","10":"taxable","11":"shipping-taxable","12":"purchasable","13":"product-type-simple"},"acf":{"editorial":[{"ID":6342,"post_author":"3","post_date":"2022-07-28 17:50:08","post_date_gmt":"2022-07-28 15:50:08","post_content":"","post_title":"QUADERNS CREMA","post_excerpt":"","post_status":"publish","comment_status":"closed","ping_status":"closed","post_password":"","post_name":"quaderns-crema","to_ping":"","pinged":"","post_modified":"2022-07-28 17:50:08","post_modified_gmt":"2022-07-28 15:50:08","post_content_filtered":"","post_parent":0,"guid":"http:\/\/dev.claret.cat\/editorial\/quaderns-crema\/","menu_order":0,"post_type":"editorial","post_mime_type":"","comment_count":"0","filter":"raw"}],"autor":"STAMM, PETER","codart":"847727627","libros-coleccion":"M\u00ednima Minor","ediciones":"1","encuadernacion":"R\u00fastica","fecha_de_publicacion":"01\/11\/2020","novedad":"1","paginas":"81","subtitulo":"CONTE D'HIVERN","orden":"0","portada":"0","idioma":"cat","autores-libros":[{"ID":167128,"post_author":"3","post_date":"2022-10-14 18:08:46","post_date_gmt":"2022-10-14 16:08:46","post_content":"","post_title":"PETER STAMM","post_excerpt":"","post_status":"publish","comment_status":"closed","ping_status":"closed","post_password":"","post_name":"peter-stamm","to_ping":"","pinged":"","post_modified":"2022-10-14 18:08:46","post_modified_gmt":"2022-10-14 16:08:46","post_content_filtered":"","post_parent":0,"guid":"http:\/\/dev.claret.cat\/autor\/peter-stamm\/","menu_order":0,"post_type":"autor","post_mime_type":"","comment_count":"0","filter":"raw"}]},"aioseo_notices":[],"_links":{"self":[{"href":"https:\/\/www.claret.cat\/es\/wp-json\/wp\/v2\/product\/101507","targetHints":{"allow":["GET"]}}],"collection":[{"href":"https:\/\/www.claret.cat\/es\/wp-json\/wp\/v2\/product"}],"about":[{"href":"https:\/\/www.claret.cat\/es\/wp-json\/wp\/v2\/types\/product"}],"wp:featuredmedia":[{"embeddable":true,"href":"https:\/\/www.claret.cat\/es\/wp-json\/wp\/v2\/media\/101508"}],"wp:attachment":[{"href":"https:\/\/www.claret.cat\/es\/wp-json\/wp\/v2\/media?parent=101507"}],"wp:term":[{"taxonomy":"product_brand","embeddable":true,"href":"https:\/\/www.claret.cat\/es\/wp-json\/wp\/v2\/product_brand?post=101507"},{"taxonomy":"product_cat","embeddable":true,"href":"https:\/\/www.claret.cat\/es\/wp-json\/wp\/v2\/product_cat?post=101507"},{"taxonomy":"product_tag","embeddable":true,"href":"https:\/\/www.claret.cat\/es\/wp-json\/wp\/v2\/product_tag?post=101507"}],"curies":[{"name":"wp","href":"https:\/\/api.w.org\/{rel}","templated":true}]}}