{"id":1015072,"date":"2025-03-28T16:55:02","date_gmt":"2025-03-28T15:55:02","guid":{"rendered":"https:\/\/www.claret.cat\/llibre\/atlas-para-ninos-planeta-tierra-edicion-actualizada-9788410101647\/"},"modified":"2025-04-05T12:25:13","modified_gmt":"2025-04-05T10:25:13","slug":"atlas-para-ninos-planeta-tierra-edicion-actualizada-9788410101647","status":"publish","type":"product","link":"https:\/\/www.claret.cat\/es\/libro\/atlas-para-ninos-planeta-tierra-edicion-actualizada-9788410101647\/","title":{"rendered":"ATLAS PARA NI\u00d1OS. PLANETA TIERRA (EDICI\u00d3N ACTUALIZADA)"},"content":{"rendered":"<p>Al igual que los verdaderos exploradores, descubrir\u00e9is la Tierra con sus oc\u00e9anos y continentes, y como los valientes astronautas conocer\u00e9is los secretos del espacio, entre estrellas y planetas.<\/p>\n<p> Explorar\u00e9is todos los pa\u00edses del mundo a trav\u00e9s de grandes mapas con m\u00e1s de 2000 ilustraciones.<\/p>\n<p> Visitar\u00e9is los rincones m\u00e1s remotos del planeta, desde las estepas siberianas hasta los atolones polinesios, encontrar\u00e9is criaturas fant\u00e1sticas como el drag\u00f3n de Komodo o el demonio de Tasmania, y os sorprender\u00e9is con las maravillas de antiguas civilizaciones, desde las pir\u00e1mides de Giza hasta la Gran Muralla de China.<\/p>\n<p> M\u00e1s de 40 v\u00eddeos seleccionados en Youtube que te transportar\u00e1n a lugares extraordinarios.<\/p>\n<p> Para cada mapa, encontrar\u00e1s un enlace para descargarlo e imprimirlo en color.<\/p>\n","protected":false},"excerpt":{"rendered":"<p>LAVAGNO, ENRICO<\/p>\n","protected":false},"featured_media":1015115,"template":"","meta":{"_acf_changed":false,"om_disable_all_campaigns":false,"rs_blank_template":"","rs_page_bg_color":"","slide_template_v7":"","inline_featured_image":false,"_monsterinsights_skip_tracking":false,"_monsterinsights_sitenote_active":false,"_monsterinsights_sitenote_note":"","_monsterinsights_sitenote_category":0},"product_brand":[],"product_cat":[470,210],"product_tag":[],"class_list":{"0":"post-1015072","1":"product","2":"type-product","3":"status-publish","4":"has-post-thumbnail","6":"product_cat-atlas","7":"product_cat-atles","9":"first","10":"instock","11":"taxable","12":"shipping-taxable","13":"purchasable","14":"product-type-simple"},"acf":{"autor":"LAVAGNO, ENRICO","codart":"841010164","libros-coleccion":"Fondo","ediciones":"1","encuadernacion":"Carton\u00e9","fecha_de_publicacion":"01\/12\/2024","novedad":"1","paginas":"0","subtitulo":"MAPAS Y V\u00cdDEOS PARA DESCUBRIR EL MUNDO Y EL ESPACIO","orden":"0","portada":"0","idioma":"spa","editorial":[{"ID":954239,"post_author":"3","post_date":"2024-02-28 12:15:32","post_date_gmt":"2024-02-28 11:15:32","post_content":"","post_title":"EDICIONES DE LA LLIBRERIA UNIVERSITARIA","post_excerpt":"","post_status":"publish","comment_status":"closed","ping_status":"closed","post_password":"","post_name":"ediciones-de-la-llibreria-universitaria","to_ping":"","pinged":"","post_modified":"2024-02-28 12:15:32","post_modified_gmt":"2024-02-28 11:15:32","post_content_filtered":"","post_parent":0,"guid":"https:\/\/www.claret.cat\/editorial\/ediciones-de-la-llibreria-universitaria\/","menu_order":0,"post_type":"editorial","post_mime_type":"","comment_count":"0","filter":"raw"}]},"aioseo_notices":[],"_links":{"self":[{"href":"https:\/\/www.claret.cat\/es\/wp-json\/wp\/v2\/product\/1015072","targetHints":{"allow":["GET"]}}],"collection":[{"href":"https:\/\/www.claret.cat\/es\/wp-json\/wp\/v2\/product"}],"about":[{"href":"https:\/\/www.claret.cat\/es\/wp-json\/wp\/v2\/types\/product"}],"wp:featuredmedia":[{"embeddable":true,"href":"https:\/\/www.claret.cat\/es\/wp-json\/wp\/v2\/media\/1015115"}],"wp:attachment":[{"href":"https:\/\/www.claret.cat\/es\/wp-json\/wp\/v2\/media?parent=1015072"}],"wp:term":[{"taxonomy":"product_brand","embeddable":true,"href":"https:\/\/www.claret.cat\/es\/wp-json\/wp\/v2\/product_brand?post=1015072"},{"taxonomy":"product_cat","embeddable":true,"href":"https:\/\/www.claret.cat\/es\/wp-json\/wp\/v2\/product_cat?post=1015072"},{"taxonomy":"product_tag","embeddable":true,"href":"https:\/\/www.claret.cat\/es\/wp-json\/wp\/v2\/product_tag?post=1015072"}],"curies":[{"name":"wp","href":"https:\/\/api.w.org\/{rel}","templated":true}]}}