{"id":1015253,"date":"2025-03-29T12:25:29","date_gmt":"2025-03-29T11:25:29","guid":{"rendered":"https:\/\/www.claret.cat\/llibre\/entre-el-paradis-i-lapocalipsi-9788419756046\/"},"modified":"2026-02-09T11:55:54","modified_gmt":"2026-02-09T10:55:54","slug":"entre-el-paradis-i-lapocalipsi-9788419756046","status":"publish","type":"product","link":"https:\/\/www.claret.cat\/es\/libro\/entre-el-paradis-i-lapocalipsi-9788419756046\/","title":{"rendered":"ENTRE EL PARAD\u00cdS I L&#8221;APOCALIPSI"},"content":{"rendered":"<p><strong>Descobreix tots els secrets de la intel\u00b7lig\u00e8ncia artificial: reptes, oportunitats i impacte global.<\/strong><\/p>\n<p>La <strong>intel\u00b7lig\u00e8ncia artificial (IA)<\/strong> \u00e9s la tercera gran onada de transformaci\u00f3 humana, despr\u00e9s de l\u2019<strong>agricultura<\/strong> i la <strong>revoluci\u00f3 energ\u00e8tica<\/strong>, i el seu poder per canviar el m\u00f3n \u00e9s sense precedents. En <strong>Entre el parad\u00eds i l\u2019apocalipsi (2025)<\/strong> trobar\u00e0s una an\u00e0lisi <strong>rigorosa<\/strong> i <strong>apassionant<\/strong> que respondr\u00e0 a preguntes fonamentals:<\/p>\n<p><strong>Qu\u00e8 \u00e9s la intel\u00b7lig\u00e8ncia artificial?<\/strong> Or\u00edgens, evoluci\u00f3 i definici\u00f3 dels seus principals paradigmes.<\/p>\n<p><strong>Com transformar\u00e0 la salut?<\/strong> Des de diagn\u00f2stics m\u00e9s precisos fins a tractaments personalitzats gr\u00e0cies a l\u2019an\u00e0lisi de dades massives.<\/p>\n<p><strong>Quin ser\u00e0 el seu impacte empresarial i econ\u00f2mic?<\/strong> Automatisme intel\u00b7ligent, optimitzaci\u00f3 de processos i nous models de negoci.<\/p>\n<p><strong>Com afectar\u00e0 la societat i l\u2019ocupaci\u00f3?<\/strong> Riscos de substituci\u00f3 laboral, reptes \u00e8tics i necessitats de nova formaci\u00f3 professional.<\/p>\n<p><strong>Cap a on anem: parad\u00eds o apocalipsi?<\/strong> Veus optimistes que presenten un futur de benestar i progr\u00e9s versus escenaris d\u2019alerta sobre la concentraci\u00f3 de poder tecnol\u00f2gic.<\/p>\n<p>Aquesta obra, de l\u2019autor de l\u2019exit\u00f3s <strong>De la sabana a Mart (2023)<\/strong>, explica com la <strong>informaci\u00f3<\/strong> s\u2019ha convertit en el nou motor de la civilitzaci\u00f3 i com la IA, amb els <strong>ordinadors<\/strong> al seu servei, redefineix cada aspecte de la nostra vida. Des de tel\u00e8fons intel\u00b7ligents i tauletes fins a sistemes automatitzats en ind\u00fastria i serveis p\u00fablics, la IA ja \u00e9s imprescindible. Per\u00f2 nom\u00e9s estem veient l\u2019inici: l\u2019aut\u00e8ntic <strong>impacte revolucionari<\/strong> est\u00e0 per arribar.<\/p>\n<p><strong>Entre el parad\u00eds i l\u2019apocalipsi<\/strong> \u00e9s la teva guia completa per entendre la IA: des dels primers r\u00e8cords hist\u00f2rics de la computaci\u00f3 fins a les <strong>conseq\u00fc\u00e8ncies socials<\/strong>, <strong>econ\u00f2miques<\/strong> i <strong>\u00e8tico-legals<\/strong> dels seus aven\u00e7os. Un llibre imprescindible per a tots aquells que volen:<\/p>\n<p><strong>Preparar-se<\/strong> per a la nova era digital<\/p>\n<p><strong>Anticipar<\/strong> canvis en el mercat laboral<\/p>\n<p><strong>Debatre<\/strong> sobre l\u2019\u00e8tica i la regulaci\u00f3 tecnol\u00f2gica<\/p>\n<p><strong>Aprofitar<\/strong> les oportunitats d\u2019un m\u00f3n impulsat per la intel\u00b7lig\u00e8ncia artificial<\/p>\n<p>Obre aquest volum i endinsa\u2019t en una lectura que combina <strong>ci\u00e8ncia<\/strong>, <strong>tecnologia<\/strong> i <strong>reflexi\u00f3 social<\/strong>, per descobrir com la IA determinar\u00e0 el futur de la humanitat.<\/p>\n<p><\/p>\n","protected":false},"excerpt":{"rendered":"<p>SALA I MART\u00cdN, XAVIER<\/p>\n","protected":false},"featured_media":1020421,"template":"","meta":{"_acf_changed":false,"om_disable_all_campaigns":false,"rs_blank_template":"","rs_page_bg_color":"","slide_template_v7":"","inline_featured_image":false,"_monsterinsights_skip_tracking":false,"_monsterinsights_sitenote_active":false,"_monsterinsights_sitenote_note":"","_monsterinsights_sitenote_category":0},"product_brand":[],"product_cat":[434,159,162,436],"product_tag":[],"class_list":{"0":"post-1015253","1":"product","2":"type-product","3":"status-publish","4":"has-post-thumbnail","6":"product_cat-autores-sociologia-2_humanidades","7":"product_cat-autors","8":"product_cat-economica-i-politica","9":"product_cat-economica-y-politica","11":"first","12":"instock","13":"taxable","14":"shipping-taxable","15":"purchasable","16":"product-type-simple"},"acf":{"autor":"SALA I MART\u00cdN, XAVIER","codart":"841975604","libros-coleccion":"FORA DE COL.LECCI\u00d3","ediciones":"1","encuadernacion":"R\u00fastica","fecha_de_publicacion":"01\/04\/2025","novedad":"1","paginas":"746","subtitulo":"L''ECONOMIA DE LA INTEL\u00b7LIG\u00c8NCIA ARTIFICIAL","orden":"0","portada":"0","idioma":"cat","editorial":[{"ID":6350,"post_author":"3","post_date":"2022-07-28 17:50:18","post_date_gmt":"2022-07-28 15:50:18","post_content":"","post_title":"ROSA DELS VENTS","post_excerpt":"","post_status":"publish","comment_status":"closed","ping_status":"closed","post_password":"","post_name":"rosa-dels-vents","to_ping":"","pinged":"","post_modified":"2022-07-28 17:50:18","post_modified_gmt":"2022-07-28 15:50:18","post_content_filtered":"","post_parent":0,"guid":"http:\/\/dev.claret.cat\/editorial\/rosa-dels-vents\/","menu_order":0,"post_type":"editorial","post_mime_type":"","comment_count":"0","filter":"raw"}],"booktrailer":"","resenas":""},"aioseo_notices":[],"_links":{"self":[{"href":"https:\/\/www.claret.cat\/es\/wp-json\/wp\/v2\/product\/1015253","targetHints":{"allow":["GET"]}}],"collection":[{"href":"https:\/\/www.claret.cat\/es\/wp-json\/wp\/v2\/product"}],"about":[{"href":"https:\/\/www.claret.cat\/es\/wp-json\/wp\/v2\/types\/product"}],"wp:featuredmedia":[{"embeddable":true,"href":"https:\/\/www.claret.cat\/es\/wp-json\/wp\/v2\/media\/1020421"}],"wp:attachment":[{"href":"https:\/\/www.claret.cat\/es\/wp-json\/wp\/v2\/media?parent=1015253"}],"wp:term":[{"taxonomy":"product_brand","embeddable":true,"href":"https:\/\/www.claret.cat\/es\/wp-json\/wp\/v2\/product_brand?post=1015253"},{"taxonomy":"product_cat","embeddable":true,"href":"https:\/\/www.claret.cat\/es\/wp-json\/wp\/v2\/product_cat?post=1015253"},{"taxonomy":"product_tag","embeddable":true,"href":"https:\/\/www.claret.cat\/es\/wp-json\/wp\/v2\/product_tag?post=1015253"}],"curies":[{"name":"wp","href":"https:\/\/api.w.org\/{rel}","templated":true}]}}