{"id":1015291,"date":"2025-03-29T12:55:30","date_gmt":"2025-03-29T11:55:30","guid":{"rendered":"https:\/\/www.claret.cat\/llibre\/la-paciente-silenciosa-edicion-limitada-firmada-9788466376785\/"},"modified":"2025-12-16T12:15:29","modified_gmt":"2025-12-16T11:15:29","slug":"la-paciente-silenciosa-edicion-limitada-firmada-9788466376785","status":"publish","type":"product","link":"https:\/\/www.claret.cat\/es\/libro\/la-paciente-silenciosa-edicion-limitada-firmada-9788466376785\/","title":{"rendered":"LA PACIENTE SILENCIOSA (EDICION LIMITADA FIRMADA)"},"content":{"rendered":"<p>LA NOVELA QUE HA CONMOCIONADO A 50 PA\u00cdSES Y SEDUJO A BRAD PITT, QUIEN LA LLEVAR\u00c1 AL CINE  PREMIO DE LOS LECTORES DE GOODREADS<br \/>MEJOR LIBRO DEL MES SEG\u00daN THE TIMES<br \/>EN LAS LISTAS DE M\u00c1S VENDIDOS DE ESTADOS UNIDOS E INGLATERRA<br \/>UNO DE LOS MEJORES LIBROS DE MISTERIO SEG\u00daN ESQUIRE  \u00abEl thriller perfecto.\u00bb<br \/>A.J. Finn, autor de La mujer en la ventana   SOLO ELLA SABE LO QUE SUCEDI\u00d3.<br \/>SOLO YO PUEDO HACERLA HABLAR. Alicia Berenson, una pintora de \u00e9xito, dispara cinco tiros en la cabeza de su marido, y no vuelve a hablar nunca m\u00e1s. Su negativa a emitir palabra alguna convierte una tragedia dom\u00e9stica en un misterio que atrapa la imaginaci\u00f3n de toda Inglaterra. Theo Faber, un ambicioso psicoterapeuta forense obsesionado con el caso, est\u00e1 empe\u00f1ado en desentra\u00f1ar el misterio de lo que ocurri\u00f3 aquella noche fatal y consigue una plaza en The Grove, la unidad de seguridad en el norte de Londres a la que Alicia fue enviada hace seis a\u00f1os y en la que sigue obstinada en su silencio. Pronto descubre que el mutismo de la paciente est\u00e1 mucho m\u00e1s enraizado de lo que pensaba. Pero, si al final hablara, \u00bfestar\u00eda dispuesto a escuchar la verdad?La cr\u00edtica ha dicho&#8230;<br \/>\u00abUna historia inteligente y sofisticada cargada de suspense. Una excelente novela que satisface todas las expectativas.\u00bb<br \/>Lee Child \u00abEl thriller psicol\u00f3gico m\u00e1s aclamado del a\u00f1o.\u00bb<br \/>David Castillo, El Punt Avui \u00abUna mezcla de suspense hitchcockiano, misterio de Agatha Christie y tragedia griega.\u00bb<br \/>Zenda\u00abUn impresionante thriller literario con un final digno de un cl\u00e1sico.\u00bb<br \/>The Wall Street Journal \u00abEl thriller perfecto. Esta extraordinaria novela hizo que me hirviera la sangre, literalmente no pude dejar de leerla. Me sumerg\u00ed en la lectura y, once horas despu\u00e9s,a las 5:47 h de la madrugada, lo termin\u00e9 absolutamente deslumbrado.\u00bb<br \/>A.J. Finn (autor de La mujer en la ventana) \u00abUn thriller inolvidable. Una mezcla de suspense hitchcockiano, complot de Agatha Christie y tragedia griega.\u00bb<br \/>Entertainment Weekly \u00abAbsolutamente brillante.\u00bb<br \/>Stephen Fry\u00abMagn\u00edfico. Este thriller psicol\u00f3gico intrigante y finamente hilado coloca a Michaelides entre los mejores escritores del g\u00e9nero.\u00bb<br \/>Publisher&#8221;s Weekly \u00abInteligente, imaginativo, excelente.\u00bb<br \/>The Times (Mejor Libro del Mes) \u00abUn debut con el ritmo y la agudeza de un verdadero maestro.\u00bb<br \/>BBC Culture\u00abUna novela tensa, meticulosamente trazada y convincente.\u00bb<br \/>The Observer \u00abUna historia inteligente y sofisticada cargada de suspenso. Una excelente novela que satisface todas las expectativas.\u00bb<br \/>Lee Child \u00abOscuro, tensa y de lectura compulsiva.\u00bb<br \/>Library Journal\u00abImposible dejar de leerlo, escalofriante e intenso, con un toque que har\u00e1 que incluso el lector de suspense m\u00e1s experimentado se ponga a sudar fr\u00edo.\u00bb<br \/>Booklist \u00abUna las mejores novelas de misterio, que devorar\u00e1s\u00bb.<br \/>Nerea Panicello, Cosmopolitan<\/p>\n","protected":false},"excerpt":{"rendered":"<p>MICHAELIDES, ALEX<\/p>\n","protected":false},"featured_media":1070767,"template":"","meta":{"_acf_changed":false,"om_disable_all_campaigns":false,"rs_blank_template":"","rs_page_bg_color":"","slide_template_v7":"","inline_featured_image":false,"_monsterinsights_skip_tracking":false,"_monsterinsights_sitenote_active":false,"_monsterinsights_sitenote_note":"","_monsterinsights_sitenote_category":0},"product_brand":[],"product_cat":[127,357],"product_tag":[],"class_list":{"0":"post-1015291","1":"product","2":"type-product","3":"status-publish","4":"has-post-thumbnail","6":"product_cat-novella-contemporania","7":"product_cat-novela-contemporanea","9":"first","10":"outofstock","11":"taxable","12":"shipping-taxable","13":"purchasable","14":"product-type-simple"},"acf":{"autor":"MICHAELIDES, ALEX","codart":"846637678","libros-coleccion":"CAMPA\u00d1AS","ediciones":"1","encuadernacion":"Carton\u00e9","fecha_de_publicacion":"01\/04\/2025","novedad":"0","paginas":"400","subtitulo":"","orden":"0","portada":"0","idioma":"spa","editorial":[{"ID":6178,"post_author":"3","post_date":"2022-07-28 17:46:34","post_date_gmt":"2022-07-28 15:46:34","post_content":"","post_title":"DEBOLSILLO","post_excerpt":"","post_status":"publish","comment_status":"closed","ping_status":"closed","post_password":"","post_name":"debolsillo","to_ping":"","pinged":"","post_modified":"2022-07-28 17:46:34","post_modified_gmt":"2022-07-28 15:46:34","post_content_filtered":"","post_parent":0,"guid":"http:\/\/dev.claret.cat\/editorial\/debolsillo\/","menu_order":0,"post_type":"editorial","post_mime_type":"","comment_count":"0","filter":"raw"}],"booktrailer":"","resenas":""},"aioseo_notices":[],"_links":{"self":[{"href":"https:\/\/www.claret.cat\/es\/wp-json\/wp\/v2\/product\/1015291","targetHints":{"allow":["GET"]}}],"collection":[{"href":"https:\/\/www.claret.cat\/es\/wp-json\/wp\/v2\/product"}],"about":[{"href":"https:\/\/www.claret.cat\/es\/wp-json\/wp\/v2\/types\/product"}],"wp:featuredmedia":[{"embeddable":true,"href":"https:\/\/www.claret.cat\/es\/wp-json\/wp\/v2\/media\/1070767"}],"wp:attachment":[{"href":"https:\/\/www.claret.cat\/es\/wp-json\/wp\/v2\/media?parent=1015291"}],"wp:term":[{"taxonomy":"product_brand","embeddable":true,"href":"https:\/\/www.claret.cat\/es\/wp-json\/wp\/v2\/product_brand?post=1015291"},{"taxonomy":"product_cat","embeddable":true,"href":"https:\/\/www.claret.cat\/es\/wp-json\/wp\/v2\/product_cat?post=1015291"},{"taxonomy":"product_tag","embeddable":true,"href":"https:\/\/www.claret.cat\/es\/wp-json\/wp\/v2\/product_tag?post=1015291"}],"curies":[{"name":"wp","href":"https:\/\/api.w.org\/{rel}","templated":true}]}}