{"id":1015314,"date":"2025-03-29T13:10:16","date_gmt":"2025-03-29T12:10:16","guid":{"rendered":"https:\/\/www.claret.cat\/llibre\/misterio-y-fe-9788410433045\/"},"modified":"2025-04-01T11:45:16","modified_gmt":"2025-04-01T09:45:16","slug":"misterio-y-fe-9788410433045","status":"publish","type":"product","link":"https:\/\/www.claret.cat\/es\/libro\/misterio-y-fe-9788410433045\/","title":{"rendered":"MISTERIO Y FE"},"content":{"rendered":"<p><strong>Reflexiones del Premio Nobel de Literatura 2023<\/strong><\/p>\n<p><strong>Un viaje espiritual a trav\u00e9s del pensamiento y la escritura de Jon Fosse<\/strong><\/p>\n<p><strong>\u00bfQu\u00e9 significa Dios? \u00bfC\u00f3mo se relaciona con el lenguaje y el arte?<\/strong><\/p>\n<p>Este libro nos sumerge en el <strong>camino espiritual y literario de Jon Fosse<\/strong>, <strong>Premio Nobel de Literatura 2023<\/strong>. A trav\u00e9s de sus reflexiones, descubrimos las claves de su pensamiento, su relaci\u00f3n con la <strong>fe, la escritura y la vida misma<\/strong>.<\/p>\n<p>Exploramos tambi\u00e9n la influencia de <strong>fil\u00f3sofos y escritores<\/strong> en su obra, convirti\u00e9ndonos en <strong>part\u00edcipes de un viaje intelectual y espiritual \u00fanico<\/strong>.<\/p>\n<p><strong>\u00bfPor qu\u00e9 leer este libro?<\/strong><\/p>\n<p><strong>Descubre el pensamiento de Jon Fosse<\/strong>, un autor imprescindible de la literatura contempor\u00e1nea.<\/p>\n<p><strong>Reflexiona sobre el lenguaje, la fe y el arte<\/strong> a trav\u00e9s de sus escritos y experiencias.<\/p>\n<p><strong>Forma parte de una conversaci\u00f3n profunda y enriquecedora<\/strong> sobre el sentido de la vida.<\/p>\n<p>Este libro pertenece a la colecci\u00f3n <strong>Endebate<\/strong>, un espacio para textos breves que <strong>despiertan la curiosidad y fomentan la reflexi\u00f3n<\/strong>. M\u00e1s que una obra definitiva, es un punto de partida para seguir explorando.<\/p>\n","protected":false},"excerpt":{"rendered":"<p>FOSSE, JON<\/p>\n","protected":false},"featured_media":1015711,"template":"","meta":{"_acf_changed":false,"om_disable_all_campaigns":false,"rs_blank_template":"","rs_page_bg_color":"","slide_template_v7":"","inline_featured_image":false,"_monsterinsights_skip_tracking":false,"_monsterinsights_sitenote_active":false,"_monsterinsights_sitenote_note":"","_monsterinsights_sitenote_category":0},"product_brand":[],"product_cat":[284,418],"product_tag":[],"class_list":{"0":"post-1015314","1":"product","2":"type-product","3":"status-publish","4":"has-post-thumbnail","6":"product_cat-espiritual","7":"product_cat-espiritual-teologia-1_espiritualidad","9":"first","10":"instock","11":"taxable","12":"shipping-taxable","13":"purchasable","14":"product-type-simple"},"acf":{"autor":"FOSSE, JON","codart":"841043304","libros-coleccion":"FORA DE COL.LECCI\u00d3","ediciones":"1","encuadernacion":"R\u00fastica","fecha_de_publicacion":"01\/04\/2025","novedad":"1","paginas":"168","subtitulo":"UNA CONVERSACI\u00d3N CON EL TE\u00d3LOGO ESKIL SKJELDAL","orden":"0","portada":"1","idioma":"spa","editorial":[{"ID":6177,"post_author":"3","post_date":"2022-07-28 17:46:33","post_date_gmt":"2022-07-28 15:46:33","post_content":"","post_title":"DEBATE","post_excerpt":"","post_status":"publish","comment_status":"closed","ping_status":"closed","post_password":"","post_name":"debate","to_ping":"","pinged":"","post_modified":"2022-07-28 17:46:33","post_modified_gmt":"2022-07-28 15:46:33","post_content_filtered":"","post_parent":0,"guid":"http:\/\/dev.claret.cat\/editorial\/debate\/","menu_order":0,"post_type":"editorial","post_mime_type":"","comment_count":"0","filter":"raw"}]},"aioseo_notices":[],"_links":{"self":[{"href":"https:\/\/www.claret.cat\/es\/wp-json\/wp\/v2\/product\/1015314","targetHints":{"allow":["GET"]}}],"collection":[{"href":"https:\/\/www.claret.cat\/es\/wp-json\/wp\/v2\/product"}],"about":[{"href":"https:\/\/www.claret.cat\/es\/wp-json\/wp\/v2\/types\/product"}],"wp:featuredmedia":[{"embeddable":true,"href":"https:\/\/www.claret.cat\/es\/wp-json\/wp\/v2\/media\/1015711"}],"wp:attachment":[{"href":"https:\/\/www.claret.cat\/es\/wp-json\/wp\/v2\/media?parent=1015314"}],"wp:term":[{"taxonomy":"product_brand","embeddable":true,"href":"https:\/\/www.claret.cat\/es\/wp-json\/wp\/v2\/product_brand?post=1015314"},{"taxonomy":"product_cat","embeddable":true,"href":"https:\/\/www.claret.cat\/es\/wp-json\/wp\/v2\/product_cat?post=1015314"},{"taxonomy":"product_tag","embeddable":true,"href":"https:\/\/www.claret.cat\/es\/wp-json\/wp\/v2\/product_tag?post=1015314"}],"curies":[{"name":"wp","href":"https:\/\/api.w.org\/{rel}","templated":true}]}}