{"id":1015320,"date":"2025-03-29T13:15:16","date_gmt":"2025-03-29T12:15:16","guid":{"rendered":"https:\/\/www.claret.cat\/llibre\/la-julia-i-els-mortimort-1-una-nena-poc-morta-9788410395633\/"},"modified":"2026-01-04T18:50:05","modified_gmt":"2026-01-04T17:50:05","slug":"la-julia-i-els-mortimort-1-una-nena-poc-morta-9788410395633","status":"publish","type":"product","link":"https:\/\/www.claret.cat\/es\/libro\/la-julia-i-els-mortimort-1-una-nena-poc-morta-9788410395633\/","title":{"rendered":"LA J\u00daLIA I ELS MORTIMORT 1 &#8211; UNA NENA POC MORTA"},"content":{"rendered":"<p>COMPTE! Amb aquest llibre podries morir&#8230; de riure! Arriba la nova s\u00e8rie d aventures de Raquel D\u00edaz Reguera. Hola! Em dic J\u00falia Mortimort. Totes les fam\u00edlies s\u00f3n diferents, per\u00f2 la meva fam\u00edlia \u00e9s massa especial. S\u00f3n vampirs, zombis, nens llop i fantasmes! Fins fa poc, jo pensava que era l&#8221;\u00fanica humana normal de la fam\u00edlia, per\u00f2 avui, a l&#8221;escola, ha passat una cosa que ho ha canviat tot: he fet volar una caca telep\u00e0ticament i l&#8221;he estampada contra la cara de la meva arxienemiga. S\u00ed, tenir poders sembla genial, per\u00f2 hi ha un GRAN problema: ARA LES BRUIXES EM BUSQUEN PER QUEDAR-SE AMB LA MEVA M\u00c0GIA!<\/p>\n","protected":false},"excerpt":{"rendered":"<p>D\u00cdAZ REGUERA, RAQUEL<\/p>\n","protected":false},"featured_media":1015321,"template":"","meta":{"_acf_changed":false,"om_disable_all_campaigns":false,"rs_blank_template":"","rs_page_bg_color":"","slide_template_v7":"","inline_featured_image":false,"_monsterinsights_skip_tracking":false,"_monsterinsights_sitenote_active":false,"_monsterinsights_sitenote_note":"","_monsterinsights_sitenote_category":0},"product_brand":[],"product_cat":[132,362],"product_tag":[],"class_list":{"0":"post-1015320","1":"product","2":"type-product","3":"status-publish","4":"has-post-thumbnail","6":"product_cat-lectures-per-preadolescents-6-12-anys","7":"product_cat-libros-preadolescentes-6-12-anos","9":"first","10":"instock","11":"taxable","12":"shipping-taxable","13":"purchasable","14":"product-type-simple"},"acf":{"autor":"D\u00cdAZ REGUERA, RAQUEL","codart":"841039563","libros-coleccion":"","ediciones":"1","encuadernacion":"Carton\u00e9","fecha_de_publicacion":"01\/04\/2025","novedad":"1","paginas":"144","subtitulo":"COMPTE AMB AQUEST LLIBRE, PODRIES MORIR-TE... DE RIURE!","orden":"0","portada":"0","idioma":"cat","editorial":[{"ID":6310,"post_author":"3","post_date":"2022-07-28 17:49:26","post_date_gmt":"2022-07-28 15:49:26","post_content":"","post_title":"MONTENA","post_excerpt":"","post_status":"publish","comment_status":"closed","ping_status":"closed","post_password":"","post_name":"montena","to_ping":"","pinged":"","post_modified":"2022-07-28 17:49:26","post_modified_gmt":"2022-07-28 15:49:26","post_content_filtered":"","post_parent":0,"guid":"http:\/\/dev.claret.cat\/editorial\/montena\/","menu_order":0,"post_type":"editorial","post_mime_type":"","comment_count":"0","filter":"raw"}],"booktrailer":"","resenas":""},"aioseo_notices":[],"_links":{"self":[{"href":"https:\/\/www.claret.cat\/es\/wp-json\/wp\/v2\/product\/1015320","targetHints":{"allow":["GET"]}}],"collection":[{"href":"https:\/\/www.claret.cat\/es\/wp-json\/wp\/v2\/product"}],"about":[{"href":"https:\/\/www.claret.cat\/es\/wp-json\/wp\/v2\/types\/product"}],"wp:featuredmedia":[{"embeddable":true,"href":"https:\/\/www.claret.cat\/es\/wp-json\/wp\/v2\/media\/1015321"}],"wp:attachment":[{"href":"https:\/\/www.claret.cat\/es\/wp-json\/wp\/v2\/media?parent=1015320"}],"wp:term":[{"taxonomy":"product_brand","embeddable":true,"href":"https:\/\/www.claret.cat\/es\/wp-json\/wp\/v2\/product_brand?post=1015320"},{"taxonomy":"product_cat","embeddable":true,"href":"https:\/\/www.claret.cat\/es\/wp-json\/wp\/v2\/product_cat?post=1015320"},{"taxonomy":"product_tag","embeddable":true,"href":"https:\/\/www.claret.cat\/es\/wp-json\/wp\/v2\/product_tag?post=1015320"}],"curies":[{"name":"wp","href":"https:\/\/api.w.org\/{rel}","templated":true}]}}