{"id":1015326,"date":"2025-03-29T13:15:44","date_gmt":"2025-03-29T12:15:44","guid":{"rendered":"https:\/\/www.claret.cat\/llibre\/carlitos-y-snoopy-9788410352629\/"},"modified":"2026-04-07T12:29:56","modified_gmt":"2026-04-07T10:29:56","slug":"carlitos-y-snoopy-9788410352629","status":"publish","type":"product","link":"https:\/\/www.claret.cat\/es\/libro\/carlitos-y-snoopy-9788410352629\/","title":{"rendered":"CARLITOS Y SNOOPY"},"content":{"rendered":"<p>La m\u00e1s completa antolog\u00eda de Peanuts jam\u00e1s publicada en espa\u00f1ol. &#8211; 75 aniversario &#8211; \u00abPeanuts fue, es y seguir\u00e1 siendo el mejor c\u00f3mic del mundo\u00bb.<br \/>Ray Bradbury \u00abSnoopy es un microcosmos, una peque\u00f1a comedia humana para todos los bolsillos\u00bb.<br \/>Umberto Eco \u00abPeanuts fue mi inspiraci\u00f3n y mi consuelo; Snoopy, mi alma gemela; Carlitos, en sus gloriosos d\u00edas l\u00fagubres, alguien con quien compartir las desilusiones y la culpa\u00bb.<br \/>Jonathan Franzen Snoopy y Carlitos. El sabueso de imaginaci\u00f3n desbordante y su due\u00f1o, un obstinado perdedor, son dos iconos universales del siglo XX; y con ellos, el resto de la pandilla: Woodstock, Lucy, Linus, Patty, Schroeder, Sally&#8230; Durante cinco d\u00e9cadas, ni\u00f1os y no tan ni\u00f1os leyeron a diario una tira c\u00f3mica que pronto alcanz\u00f3 cotas de popularidad ins\u00f3litas, a la vez que desmontaba ante los asombrados ojos de medio mundo el lado oculto del sue\u00f1o americano. Con motivo del 75 aniversario de la publicaci\u00f3n de la primera historieta de Peanuts, desde Reservoir Books queremos celebrar el legado cultural de esta legendaria serie con una edici\u00f3n que recoge sus mejores tiras diarias y dominicales: m\u00e1s de 500 p\u00e1ginas de existencialismo perruno y psicolog\u00eda suburbana para todos los p\u00fablicos.La cr\u00edtica ha dicho&#8230;<br \/>\u00abSus personajes encarnan las neurosis de la civilizaci\u00f3n moderna: la obsesi\u00f3n por el \u00e9xito, la competencia, la incertidumbre\u00bb.<br \/>Marta D. Riezu \u00abSus vi\u00f1etas contienen la sencillez y a la vez la profundidad de carga de un haiku, solo que son m\u00e1s f\u00e1ciles de entender\u2026 y m\u00e1s bonitas\u00bb.<br \/>Art Spiegelman \u00abCharles Schulz fue un gran artista y un fil\u00f3sofo: nos ense\u00f1\u00f3 que, para ser fuertes, debemos re\u00edrnos de lo que nos causa dolor\u00bb.<br \/>John Waters \u00abLas historietas de Schulz capturan la esencia de la infancia de una manera que logra resonar a cualquier edad. Un narrador magistral\u00bb.<br \/>Steven Spielberg \u00abSchulz hizo que todo pareciera f\u00e1cil. Su trabajo sigue siendo una inspiraci\u00f3n constante\u00bb.<br \/>Bill Watterson\u00abUna verdadera obra maestra, llena de humor y desasosiego. Durante cincuenta a\u00f1os, Schulz nos hizo re\u00edr y llorar con su arte\u00bb.<br \/>Matt Groening \u00abLos dibujantes -especialmente aquellos que hemos probado suerte con las novelas gr\u00e1ficas- le debemos a Schulz pr\u00e1cticamente todo\u00bb.<br \/>Chris Ware<\/p>\n","protected":false},"excerpt":{"rendered":"<p>SCHULZ, CHARLES M.<\/p>\n","protected":false},"featured_media":1015327,"template":"","meta":{"_acf_changed":false,"om_disable_all_campaigns":false,"rs_blank_template":"","rs_page_bg_color":"","slide_template_v7":"","inline_featured_image":false,"_monsterinsights_skip_tracking":false,"_monsterinsights_sitenote_active":false,"_monsterinsights_sitenote_note":"","_monsterinsights_sitenote_category":0},"product_brand":[],"product_cat":[108,558,114,563],"product_tag":[],"class_list":{"0":"post-1015326","1":"product","2":"type-product","3":"status-publish","4":"has-post-thumbnail","6":"product_cat-comic","7":"product_cat-comic-3_infantil-juvenil-spa-spa","8":"product_cat-humor-grafic","9":"product_cat-humor-grafico","11":"first","12":"instock","13":"taxable","14":"shipping-taxable","15":"purchasable","16":"product-type-simple"},"acf":{"autor":"SCHULZ, CHARLES M.","codart":"841035262","libros-coleccion":"RESERVOIR GR\u00c1FICA","ediciones":"1","encuadernacion":"Carton\u00e9","fecha_de_publicacion":"01\/04\/2025","novedad":"1","paginas":"576","subtitulo":"LAS MEJORES TIRAS DE PEANUTS","orden":"0","portada":"0","idioma":"spa","editorial":[{"ID":148749,"post_author":"3","post_date":"2022-10-14 12:00:41","post_date_gmt":"2022-10-14 10:00:41","post_content":"","post_title":"RESERVOIR BOOKS","post_excerpt":"","post_status":"publish","comment_status":"closed","ping_status":"closed","post_password":"","post_name":"reservoir-books","to_ping":"","pinged":"","post_modified":"2022-10-14 12:00:41","post_modified_gmt":"2022-10-14 10:00:41","post_content_filtered":"","post_parent":0,"guid":"http:\/\/dev.claret.cat\/editorial\/reservoir-books\/","menu_order":0,"post_type":"editorial","post_mime_type":"","comment_count":"0","filter":"raw"}],"booktrailer":"","resenas":""},"aioseo_notices":[],"_links":{"self":[{"href":"https:\/\/www.claret.cat\/es\/wp-json\/wp\/v2\/product\/1015326","targetHints":{"allow":["GET"]}}],"collection":[{"href":"https:\/\/www.claret.cat\/es\/wp-json\/wp\/v2\/product"}],"about":[{"href":"https:\/\/www.claret.cat\/es\/wp-json\/wp\/v2\/types\/product"}],"wp:featuredmedia":[{"embeddable":true,"href":"https:\/\/www.claret.cat\/es\/wp-json\/wp\/v2\/media\/1015327"}],"wp:attachment":[{"href":"https:\/\/www.claret.cat\/es\/wp-json\/wp\/v2\/media?parent=1015326"}],"wp:term":[{"taxonomy":"product_brand","embeddable":true,"href":"https:\/\/www.claret.cat\/es\/wp-json\/wp\/v2\/product_brand?post=1015326"},{"taxonomy":"product_cat","embeddable":true,"href":"https:\/\/www.claret.cat\/es\/wp-json\/wp\/v2\/product_cat?post=1015326"},{"taxonomy":"product_tag","embeddable":true,"href":"https:\/\/www.claret.cat\/es\/wp-json\/wp\/v2\/product_tag?post=1015326"}],"curies":[{"name":"wp","href":"https:\/\/api.w.org\/{rel}","templated":true}]}}