{"id":1015420,"date":"2025-03-31T11:45:24","date_gmt":"2025-03-31T09:45:24","guid":{"rendered":"https:\/\/www.claret.cat\/llibre\/fc-barcelona-cronica-fotografica-18991992-9788419736635\/"},"modified":"2026-03-17T13:35:28","modified_gmt":"2026-03-17T12:35:28","slug":"fc-barcelona-cronica-fotografica-18991992-9788419736635","status":"publish","type":"product","link":"https:\/\/www.claret.cat\/es\/libro\/fc-barcelona-cronica-fotografica-18991992-9788419736635\/","title":{"rendered":"F.C. BARCELONA. CR\u00d2NICA FOTOGR\u00c0FICA 1899-1992"},"content":{"rendered":"<p>Recorregut fotogr\u00e0fic per la hist\u00f2ria d\u2019un dels clubs m\u00e9s importants del m\u00f3n: el Futbol Club Barcelona. Una hist\u00f2ria, la del \u00abBar\u00e7a\u00bb, retratada des dels seus dos grans vessants que el converteixen en una entitat \u00fanica: l\u2019esportiu i el social. El Bar\u00e7a, propietat exclusiva dels seus socis, \u00e9s un motor social de Catalunya i una q\u00fcesti\u00f3 d\u2019estat per als catalans. Des de Kubala fent petit el camp de les Corts fins a Cruyff convertint el Camp Nou en un temple guanyador. De la final de Berna amb els pals quadrats i el somni perdut al gol de Koeman a Wembley per engegar la modernitat i l\u2019excel\u00b7l\u00e8ncia. Des de la censura catalanista en temps de dictadura fins a la invasi\u00f3 de senyeres amb 30.000 culers conquerint Su\u00efssa.<\/p>\n","protected":false},"excerpt":{"rendered":"<p>SALMURRI, RAMON\/ SALMURRI, CARLES<\/p>\n","protected":false},"featured_media":1015507,"template":"","meta":{"_acf_changed":false,"om_disable_all_campaigns":false,"rs_blank_template":"","rs_page_bg_color":"","slide_template_v7":"","inline_featured_image":false,"_monsterinsights_skip_tracking":false,"_monsterinsights_sitenote_active":false,"_monsterinsights_sitenote_note":"","_monsterinsights_sitenote_category":0},"product_brand":[],"product_cat":[546,96,105,555],"product_tag":[],"class_list":{"0":"post-1015420","1":"product","2":"type-product","3":"status-publish","4":"has-post-thumbnail","6":"product_cat-deportes","7":"product_cat-esports","8":"product_cat-regal","9":"product_cat-regalo","11":"first","12":"instock","13":"taxable","14":"shipping-taxable","15":"purchasable","16":"product-type-simple"},"acf":{"autor":"SALMURRI, RAMON\/ SALMURRI, CARLES","codart":"841973663","libros-coleccion":"Catalunya Desapareguda","ediciones":"1","encuadernacion":"Carton\u00e9","fecha_de_publicacion":"01\/03\/2025","novedad":"1","paginas":"184","subtitulo":"","orden":"0","portada":"0","idioma":"cat","editorial":[{"ID":147966,"post_author":"3","post_date":"2022-10-14 11:54:36","post_date_gmt":"2022-10-14 09:54:36","post_content":"","post_title":"EDITORIAL EFADOS","post_excerpt":"","post_status":"publish","comment_status":"closed","ping_status":"closed","post_password":"","post_name":"editorial-efados","to_ping":"","pinged":"","post_modified":"2022-10-14 11:54:36","post_modified_gmt":"2022-10-14 09:54:36","post_content_filtered":"","post_parent":0,"guid":"http:\/\/dev.claret.cat\/editorial\/editorial-efados\/","menu_order":0,"post_type":"editorial","post_mime_type":"","comment_count":"0","filter":"raw"}],"booktrailer":"","resenas":""},"aioseo_notices":[],"_links":{"self":[{"href":"https:\/\/www.claret.cat\/es\/wp-json\/wp\/v2\/product\/1015420","targetHints":{"allow":["GET"]}}],"collection":[{"href":"https:\/\/www.claret.cat\/es\/wp-json\/wp\/v2\/product"}],"about":[{"href":"https:\/\/www.claret.cat\/es\/wp-json\/wp\/v2\/types\/product"}],"wp:featuredmedia":[{"embeddable":true,"href":"https:\/\/www.claret.cat\/es\/wp-json\/wp\/v2\/media\/1015507"}],"wp:attachment":[{"href":"https:\/\/www.claret.cat\/es\/wp-json\/wp\/v2\/media?parent=1015420"}],"wp:term":[{"taxonomy":"product_brand","embeddable":true,"href":"https:\/\/www.claret.cat\/es\/wp-json\/wp\/v2\/product_brand?post=1015420"},{"taxonomy":"product_cat","embeddable":true,"href":"https:\/\/www.claret.cat\/es\/wp-json\/wp\/v2\/product_cat?post=1015420"},{"taxonomy":"product_tag","embeddable":true,"href":"https:\/\/www.claret.cat\/es\/wp-json\/wp\/v2\/product_tag?post=1015420"}],"curies":[{"name":"wp","href":"https:\/\/api.w.org\/{rel}","templated":true}]}}