{"id":1015450,"date":"2025-03-31T12:10:02","date_gmt":"2025-03-31T10:10:02","guid":{"rendered":"https:\/\/www.claret.cat\/llibre\/terrassa-desapareguda-9781387658077\/"},"modified":"2025-09-17T19:25:10","modified_gmt":"2025-09-17T17:25:10","slug":"terrassa-desapareguda-9781387658077","status":"publish","type":"product","link":"https:\/\/www.claret.cat\/es\/libro\/terrassa-desapareguda-9781387658077\/","title":{"rendered":"TERRASSA DESAPAREGUDA"},"content":{"rendered":"<p>A quest llibre \u00e9s un recorregut fotogr\u00e0fic per la ciutat des de finals del segle   xix , amb un paisatge m\u00e9s rural, fins al 1962, any de les tr\u00e0giques riuades, com a data fixada en la mem\u00f2ria terrassenca. Entremig, ens passejarem pels carrers de la ciutat per veure l\u2019evoluci\u00f3 dels espais urbans, el creixement de la ciutat, els elements patrimonials desapareguts i la vida p\u00fablica dels terrassencs i les terrassenques. Hi trobarem imatges de les places, on ballen els ciutadans, dels mercats, dels espais de lleure i de joc, de camps d\u2019esports, de casinos, de teatres i de cinemes, que omplien de vida la Terrassa del moment.<\/p>\n","protected":false},"excerpt":{"rendered":"<p>ARXIU MUNICIPAL DE TERRASSA<\/p>\n","protected":false},"featured_media":1015481,"template":"","meta":{"_acf_changed":false,"om_disable_all_campaigns":false,"rs_blank_template":"","rs_page_bg_color":"","slide_template_v7":"","inline_featured_image":false,"_monsterinsights_skip_tracking":false,"_monsterinsights_sitenote_active":false,"_monsterinsights_sitenote_note":"","_monsterinsights_sitenote_category":0},"product_brand":[],"product_cat":[430,153,105,555],"product_tag":[],"class_list":{"0":"post-1015450","1":"product","2":"type-product","3":"status-publish","4":"has-post-thumbnail","6":"product_cat-cataluna","7":"product_cat-catalunya","8":"product_cat-regal","9":"product_cat-regalo","11":"first","12":"instock","13":"taxable","14":"shipping-taxable","15":"purchasable","16":"product-type-simple"},"acf":{"autor":"ARXIU MUNICIPAL DE TERRASSA","codart":"138765807","libros-coleccion":"Catalunya Desapareguda","ediciones":"1","encuadernacion":"Carton\u00e9","fecha_de_publicacion":"31\/03\/2025","novedad":"1","paginas":"184","subtitulo":"","orden":"0","portada":"0","idioma":"cat","editorial":[{"ID":148056,"post_author":"3","post_date":"2022-10-14 11:55:18","post_date_gmt":"2022-10-14 09:55:18","post_content":"","post_title":"EFAD\u00d3S EDITORIAL","post_excerpt":"","post_status":"publish","comment_status":"closed","ping_status":"closed","post_password":"","post_name":"efados-editorial","to_ping":"","pinged":"","post_modified":"2022-10-14 11:55:18","post_modified_gmt":"2022-10-14 09:55:18","post_content_filtered":"","post_parent":0,"guid":"http:\/\/dev.claret.cat\/editorial\/efados-editorial\/","menu_order":0,"post_type":"editorial","post_mime_type":"","comment_count":"0","filter":"raw"}],"booktrailer":"","resenas":""},"aioseo_notices":[],"_links":{"self":[{"href":"https:\/\/www.claret.cat\/es\/wp-json\/wp\/v2\/product\/1015450","targetHints":{"allow":["GET"]}}],"collection":[{"href":"https:\/\/www.claret.cat\/es\/wp-json\/wp\/v2\/product"}],"about":[{"href":"https:\/\/www.claret.cat\/es\/wp-json\/wp\/v2\/types\/product"}],"wp:featuredmedia":[{"embeddable":true,"href":"https:\/\/www.claret.cat\/es\/wp-json\/wp\/v2\/media\/1015481"}],"wp:attachment":[{"href":"https:\/\/www.claret.cat\/es\/wp-json\/wp\/v2\/media?parent=1015450"}],"wp:term":[{"taxonomy":"product_brand","embeddable":true,"href":"https:\/\/www.claret.cat\/es\/wp-json\/wp\/v2\/product_brand?post=1015450"},{"taxonomy":"product_cat","embeddable":true,"href":"https:\/\/www.claret.cat\/es\/wp-json\/wp\/v2\/product_cat?post=1015450"},{"taxonomy":"product_tag","embeddable":true,"href":"https:\/\/www.claret.cat\/es\/wp-json\/wp\/v2\/product_tag?post=1015450"}],"curies":[{"name":"wp","href":"https:\/\/api.w.org\/{rel}","templated":true}]}}