{"id":1015577,"date":"2025-03-31T17:30:32","date_gmt":"2025-03-31T15:30:32","guid":{"rendered":"https:\/\/www.claret.cat\/llibre\/muerte-en-cornualles-9788410642300\/"},"modified":"2025-09-26T14:00:08","modified_gmt":"2025-09-26T12:00:08","slug":"muerte-en-cornualles-9788410642300","status":"publish","type":"product","link":"https:\/\/www.claret.cat\/es\/libro\/muerte-en-cornualles-9788410642300\/","title":{"rendered":"MUERTE EN CORNUALLES"},"content":{"rendered":"<p>Un asesinato brutal, una obra maestra desaparecida, un misterio que solo Gabriel Allon puede resolver.Gabriel Allon, restaurador de arte y leyenda del espionaje, llega de inc\u00f3gnito a Londres para asistir a un acto oficial en la Galer\u00eda Courtauld con motivo de la recuperaci\u00f3n de un autorretrato robado de Vincent van Gogh. Pero, cuando un viejo amigo de la Polic\u00eda de Devon y Cornualles le pide ayuda para resolver un desconcertante caso de asesinato, se descubre persiguiendo a un poderos\u00edsimo y peligroso adversario.La v\u00edctima es Charlotte Blake, una afamada profesora de Historia del Arte de Oxford que pasa fines de semana en el mismo pueblo costero donde Gabriel vivi\u00f3 bajo una identidad falsa. La muerte de la profesora Blake parece obra del diab\u00f3lico asesino en serie que desde hace un tiempo tiene aterrorizada a la campi\u00f1a de Cornualles. Hay, no obstante, ciertas incoherencias en el caso, como la desaparici\u00f3n de un tel\u00e9fono m\u00f3vil y una misteriosa anotaci\u00f3n de tres letras que ella dej\u00f3 en un cuaderno, en su despacho.Llena de suspense y exquisita elegancia, Muerte en Cornualles es de lo mejor que ha escrito Daniel Silva: una historia deslumbrante de asesinatos, poder y codicia insaciable que mantiene cautivado al lector hasta la \u00faltima p\u00e1gina.<\/p>\n","protected":false},"excerpt":{"rendered":"<p>SILVA, DANIEL<\/p>\n","protected":false},"featured_media":1053875,"template":"","meta":{"_acf_changed":false,"om_disable_all_campaigns":false,"rs_blank_template":"","rs_page_bg_color":"","slide_template_v7":"","inline_featured_image":false,"_monsterinsights_skip_tracking":false,"_monsterinsights_sitenote_active":false,"_monsterinsights_sitenote_note":"","_monsterinsights_sitenote_category":0},"product_brand":[],"product_cat":[127,357],"product_tag":[],"class_list":{"0":"post-1015577","1":"product","2":"type-product","3":"status-publish","4":"has-post-thumbnail","6":"product_cat-novella-contemporania","7":"product_cat-novela-contemporanea","9":"first","10":"instock","11":"taxable","12":"shipping-taxable","13":"purchasable","14":"product-type-simple"},"acf":{"autor":"SILVA, DANIEL","codart":"841064230","libros-coleccion":"THRILLER","ediciones":"1","encuadernacion":"R\u00fastica","fecha_de_publicacion":"01\/03\/2025","novedad":"1","paginas":"400","subtitulo":"","orden":"0","portada":"0","idioma":"spa","editorial":[{"ID":148249,"post_author":"3","post_date":"2022-10-14 11:56:47","post_date_gmt":"2022-10-14 09:56:47","post_content":"","post_title":"HarperCollins","post_excerpt":"","post_status":"publish","comment_status":"closed","ping_status":"closed","post_password":"","post_name":"harpercollins","to_ping":"","pinged":"","post_modified":"2022-10-14 11:56:47","post_modified_gmt":"2022-10-14 09:56:47","post_content_filtered":"","post_parent":0,"guid":"http:\/\/dev.claret.cat\/editorial\/harpercollins\/","menu_order":0,"post_type":"editorial","post_mime_type":"","comment_count":"0","filter":"raw"}],"booktrailer":"","resenas":""},"aioseo_notices":[],"_links":{"self":[{"href":"https:\/\/www.claret.cat\/es\/wp-json\/wp\/v2\/product\/1015577","targetHints":{"allow":["GET"]}}],"collection":[{"href":"https:\/\/www.claret.cat\/es\/wp-json\/wp\/v2\/product"}],"about":[{"href":"https:\/\/www.claret.cat\/es\/wp-json\/wp\/v2\/types\/product"}],"wp:featuredmedia":[{"embeddable":true,"href":"https:\/\/www.claret.cat\/es\/wp-json\/wp\/v2\/media\/1053875"}],"wp:attachment":[{"href":"https:\/\/www.claret.cat\/es\/wp-json\/wp\/v2\/media?parent=1015577"}],"wp:term":[{"taxonomy":"product_brand","embeddable":true,"href":"https:\/\/www.claret.cat\/es\/wp-json\/wp\/v2\/product_brand?post=1015577"},{"taxonomy":"product_cat","embeddable":true,"href":"https:\/\/www.claret.cat\/es\/wp-json\/wp\/v2\/product_cat?post=1015577"},{"taxonomy":"product_tag","embeddable":true,"href":"https:\/\/www.claret.cat\/es\/wp-json\/wp\/v2\/product_tag?post=1015577"}],"curies":[{"name":"wp","href":"https:\/\/api.w.org\/{rel}","templated":true}]}}