{"id":1015580,"date":"2025-03-31T17:31:00","date_gmt":"2025-03-31T15:31:00","guid":{"rendered":"https:\/\/www.claret.cat\/llibre\/imperios-y-barbaros-841274430\/"},"modified":"2025-05-12T17:35:25","modified_gmt":"2025-05-12T15:35:25","slug":"imperios-y-barbaros-841274430","status":"publish","type":"product","link":"https:\/\/www.claret.cat\/es\/libro\/imperios-y-barbaros-841274430\/","title":{"rendered":"IMPERIOS Y B\u00c1RBAROS"},"content":{"rendered":"<p>\u201cEdad oscura\u201d es el nombre que tradicionalmente se ha venido dando al periodo comprendido entre las grandes invasiones germ\u00e1nicas y la eclosi\u00f3n del Imperio carolingio, un tiempo que supuso la transformaci\u00f3n definitiva del mundo antiguo y el alumbramiento del Medievo. Y aunque las nuevas corrientes historiogr\u00e1ficas han cuestionado ese adjetivo, no parece balad\u00ed cuando comprobamos una caracter\u00edstica esencial del periodo: la ubicuidad de la guerra. Los conflictos b\u00e9licos, ya fueran de car\u00e1cter casi mundial porque enfrentaban a los grandes imperios, o de car\u00e1cter local, fueron continuos y feroces, desde Atila y sus hunos y la ca\u00edda del Imperio romano de Occidente, al avance incontenible de la marea isl\u00e1mica, solo frenado in extremis por Bizancio y los francos. En\u00a0Imperios y b\u00e1rbaros. La guerra en la Edad Oscura,\u00a0Jos\u00e9 Soto Chica, profesor de la Universidad de Granada, a\u00fana un exhaustivo conocimiento con la veta de gran narrador ya mostrada en incursiones en la novela hist\u00f3rica, para trenzar un an\u00e1lisis de enorme calado hist\u00f3rico pero que se lee con la agilidad que merece un tiempo y unos hechos excitantes. En este libro asistiremos a la ca\u00edda de potencias como los sas\u00e1nidas o Roma, al final del reino visigodo, a batallas cruciales en el destino del mundo como Poitiers, al nacimiento y disoluci\u00f3n de ef\u00edmeros imperios de las estepas o al alumbramiento de leyendas como el rey Arturo. Sin duda, Imperios y b\u00e1rbaros. La guerra en la Edad Oscura, arroja luz sobre una \u00e9poca poco luminosa y poco iluminada por la investigaci\u00f3n. 5.\u00aa edici\u00f3n revisada de una obra de absoluta referencia.<\/p>\n","protected":false},"excerpt":{"rendered":"<p>SOTO CHICA, JOS\u00c9<\/p>\n","protected":false},"featured_media":1020932,"template":"","meta":{"_acf_changed":false,"om_disable_all_campaigns":false,"rs_blank_template":"","rs_page_bg_color":"","slide_template_v7":"","inline_featured_image":false,"_monsterinsights_skip_tracking":false,"_monsterinsights_sitenote_active":false,"_monsterinsights_sitenote_note":"","_monsterinsights_sitenote_category":0},"product_brand":[],"product_cat":[157,370],"product_tag":[],"class_list":{"0":"post-1015580","1":"product","2":"type-product","3":"status-publish","4":"has-post-thumbnail","6":"product_cat-investigacio-i-corrents","7":"product_cat-investigacion-y-corrientes","9":"first","10":"instock","11":"taxable","12":"shipping-taxable","13":"purchasable","14":"product-type-simple"},"acf":{"autor":"SOTO CHICA, JOS\u00c9","codart":"841274430","libros-coleccion":"Historia medieval","ediciones":"1","encuadernacion":"R\u00fastica","fecha_de_publicacion":"01\/11\/2023","novedad":"1","paginas":"0","subtitulo":"LA GUERRA EN LA EDAD OSCURA","orden":"0","portada":"0","idioma":"spa","editorial":[{"ID":6180,"post_author":"3","post_date":"2022-07-28 17:46:37","post_date_gmt":"2022-07-28 15:46:37","post_content":"","post_title":"Desperta Ferro Ediciones","post_excerpt":"","post_status":"publish","comment_status":"closed","ping_status":"closed","post_password":"","post_name":"desperta-ferro-ediciones","to_ping":"","pinged":"","post_modified":"2022-07-28 17:46:37","post_modified_gmt":"2022-07-28 15:46:37","post_content_filtered":"","post_parent":0,"guid":"http:\/\/dev.claret.cat\/editorial\/desperta-ferro-ediciones\/","menu_order":0,"post_type":"editorial","post_mime_type":"","comment_count":"0","filter":"raw"}],"booktrailer":"","resenas":""},"aioseo_notices":[],"_links":{"self":[{"href":"https:\/\/www.claret.cat\/es\/wp-json\/wp\/v2\/product\/1015580","targetHints":{"allow":["GET"]}}],"collection":[{"href":"https:\/\/www.claret.cat\/es\/wp-json\/wp\/v2\/product"}],"about":[{"href":"https:\/\/www.claret.cat\/es\/wp-json\/wp\/v2\/types\/product"}],"wp:featuredmedia":[{"embeddable":true,"href":"https:\/\/www.claret.cat\/es\/wp-json\/wp\/v2\/media\/1020932"}],"wp:attachment":[{"href":"https:\/\/www.claret.cat\/es\/wp-json\/wp\/v2\/media?parent=1015580"}],"wp:term":[{"taxonomy":"product_brand","embeddable":true,"href":"https:\/\/www.claret.cat\/es\/wp-json\/wp\/v2\/product_brand?post=1015580"},{"taxonomy":"product_cat","embeddable":true,"href":"https:\/\/www.claret.cat\/es\/wp-json\/wp\/v2\/product_cat?post=1015580"},{"taxonomy":"product_tag","embeddable":true,"href":"https:\/\/www.claret.cat\/es\/wp-json\/wp\/v2\/product_tag?post=1015580"}],"curies":[{"name":"wp","href":"https:\/\/api.w.org\/{rel}","templated":true}]}}